{"id":8651,"date":"2025-10-27T08:22:29","date_gmt":"2025-10-27T07:22:29","guid":{"rendered":"https:\/\/ofertacular.com\/index.php\/producto\/ergonomic-office\/"},"modified":"2025-10-27T08:22:29","modified_gmt":"2025-10-27T07:22:29","slug":"ergonomic-office","status":"publish","type":"product","link":"https:\/\/ofertacular.com\/index.php\/producto\/ergonomic-office\/","title":{"rendered":"Ergonomic Office"},"content":{"rendered":"<div class=\"oferta-container\">\n<p>\ud83d\udfe5 <b>SUPER OFERTA<\/b> \ud83d\udfe5 #Publicidad #Amazon #16<\/p>\n<p>\ud83d\udd34 <b>Oficina Ergon\u00f3mica <\/b><\/p>\n<p>\u2705 <b>AHORA 67.49 \u20ac<\/b> \u2714\ufe0f\ud83d\udfe1<\/p>\n<p>\u274c Antes 74.99 \u20ac<\/p>\n<p>\ud83d\uded2: <a href=\"https:\/\/btz.es\/5aOpmOe\" target=\"_blank\" rel=\"nofollow noopener\">https:\/\/btz.es\/5aOpmOe<\/a><\/p>\n<p>Descubre la comodidad y eficiencia con nuestro mobiliario de oficina ergon\u00f3mico. Dise\u00f1ado pensando en tu salud y productividad, nuestros productos ofrecen soporte \u00f3ptimo para largas jornadas laborales. Mejora tu postura y bienestar con muebles que combinan dise\u00f1o moderno y funcionalidad avanzada. Ideal para espacios de trabajo profesionales que buscan calidad y estilo.<\/p>\n<\/p><\/div>\n","protected":false},"excerpt":{"rendered":"<p>\ud83d\udfe5 SUPER OFERTA \ud83d\udfe5 #Publicidad #Amazon #16 \ud83d\udd34 Oficina Ergon\u00f3mica \u2705 AHORA 67.49 \u20ac \u2714\ufe0f\ud83d\udfe1 \u274c Antes 74.99 \u20ac \ud83d\uded2: https:\/\/btz.es\/5aOpmOe Descubre la comodidad y eficiencia con nuestro mobiliario de oficina ergon\u00f3mico. Dise\u00f1ado pensando en tu salud y productividad, nuestros productos ofrecen soporte \u00f3ptimo para largas jornadas laborales. Mejora tu postura y bienestar con muebles [&hellip;]<\/p>\n","protected":false},"featured_media":8650,"template":"","meta":{"_gspb_post_css":""},"store":[],"product_brand":[],"product_cat":[16],"product_tag":[],"class_list":{"0":"post-8651","1":"product","2":"type-product","3":"status-publish","4":"has-post-thumbnail","6":"product_cat-sin-categorizar","8":"first","9":"instock","10":"sale","11":"shipping-taxable","12":"product-type-external"},"jetpack_sharing_enabled":true,"_links":{"self":[{"href":"https:\/\/ofertacular.com\/index.php\/wp-json\/wp\/v2\/product\/8651","targetHints":{"allow":["GET"]}}],"collection":[{"href":"https:\/\/ofertacular.com\/index.php\/wp-json\/wp\/v2\/product"}],"about":[{"href":"https:\/\/ofertacular.com\/index.php\/wp-json\/wp\/v2\/types\/product"}],"wp:featuredmedia":[{"embeddable":true,"href":"https:\/\/ofertacular.com\/index.php\/wp-json\/wp\/v2\/media\/8650"}],"wp:attachment":[{"href":"https:\/\/ofertacular.com\/index.php\/wp-json\/wp\/v2\/media?parent=8651"}],"wp:term":[{"taxonomy":"store","embeddable":true,"href":"https:\/\/ofertacular.com\/index.php\/wp-json\/wp\/v2\/store?post=8651"},{"taxonomy":"product_brand","embeddable":true,"href":"https:\/\/ofertacular.com\/index.php\/wp-json\/wp\/v2\/product_brand?post=8651"},{"taxonomy":"product_cat","embeddable":true,"href":"https:\/\/ofertacular.com\/index.php\/wp-json\/wp\/v2\/product_cat?post=8651"},{"taxonomy":"product_tag","embeddable":true,"href":"https:\/\/ofertacular.com\/index.php\/wp-json\/wp\/v2\/product_tag?post=8651"}],"curies":[{"name":"wp","href":"https:\/\/api.w.org\/{rel}","templated":true}]}}