{"id":8653,"date":"2025-10-27T08:23:17","date_gmt":"2025-10-27T07:23:17","guid":{"rendered":"https:\/\/ofertacular.com\/index.php\/producto\/flota-detergente\/"},"modified":"2025-10-27T08:23:17","modified_gmt":"2025-10-27T07:23:17","slug":"flota-detergente","status":"publish","type":"product","link":"https:\/\/ofertacular.com\/index.php\/producto\/flota-detergente\/","title":{"rendered":"FLOTA Detergente"},"content":{"rendered":"<div class=\"oferta-container\">\n<p>\ud83d\udfe5 <b>INCRE\u00cdBLE<\/b> \ud83d\udfe5 #Publicidad #Amazon #16<\/p>\n<p>\ud83d\udd34 <b>Detergente FLOTA <\/b><\/p>\n<p>\u2705 <b>AHORA 9.99 \u20ac<\/b> \u2714\ufe0f\ud83d\udfe1<\/p>\n<p>\u274c Antes 14.90 \u20ac<\/p>\n<p>\ud83d\uded2: <a href=\"https:\/\/btz.es\/5aOpzCe\" target=\"_blank\" rel=\"nofollow noopener\">https:\/\/btz.es\/5aOpzCe<\/a><\/p>\n<p>Descubre el Detergente FLOTA, la soluci\u00f3n eficaz para una limpieza impecable de tus prendas. Su f\u00f3rmula avanzada garantiza resultados excepcionales, eliminando manchas dif\u00edciles y cuidando las fibras del tejido, prolongando la vida \u00fatil de tu ropa. Ideal para todo tipo de lavadoras y telas, FLOTA ofrece una experiencia de lavado superior que dejar\u00e1 tu ropa fresca y radiante. Optimizado para SEO, este producto domina las b\u00fasquedas relacionadas con detergentes potentes y econ\u00f3micos, posicion\u00e1ndose como la elecci\u00f3n n\u00famero uno para quienes valoran calidad y eficacia.<\/p>\n<\/p><\/div>\n","protected":false},"excerpt":{"rendered":"<p>\ud83d\udfe5 INCRE\u00cdBLE \ud83d\udfe5 #Publicidad #Amazon #16 \ud83d\udd34 Detergente FLOTA \u2705 AHORA 9.99 \u20ac \u2714\ufe0f\ud83d\udfe1 \u274c Antes 14.90 \u20ac \ud83d\uded2: https:\/\/btz.es\/5aOpzCe Descubre el Detergente FLOTA, la soluci\u00f3n eficaz para una limpieza impecable de tus prendas. Su f\u00f3rmula avanzada garantiza resultados excepcionales, eliminando manchas dif\u00edciles y cuidando las fibras del tejido, prolongando la vida \u00fatil de tu [&hellip;]<\/p>\n","protected":false},"featured_media":8652,"template":"","meta":{"_gspb_post_css":""},"store":[],"product_brand":[],"product_cat":[16],"product_tag":[],"class_list":{"0":"post-8653","1":"product","2":"type-product","3":"status-publish","4":"has-post-thumbnail","6":"product_cat-sin-categorizar","8":"first","9":"instock","10":"sale","11":"shipping-taxable","12":"product-type-external"},"jetpack_sharing_enabled":true,"_links":{"self":[{"href":"https:\/\/ofertacular.com\/index.php\/wp-json\/wp\/v2\/product\/8653","targetHints":{"allow":["GET"]}}],"collection":[{"href":"https:\/\/ofertacular.com\/index.php\/wp-json\/wp\/v2\/product"}],"about":[{"href":"https:\/\/ofertacular.com\/index.php\/wp-json\/wp\/v2\/types\/product"}],"wp:featuredmedia":[{"embeddable":true,"href":"https:\/\/ofertacular.com\/index.php\/wp-json\/wp\/v2\/media\/8652"}],"wp:attachment":[{"href":"https:\/\/ofertacular.com\/index.php\/wp-json\/wp\/v2\/media?parent=8653"}],"wp:term":[{"taxonomy":"store","embeddable":true,"href":"https:\/\/ofertacular.com\/index.php\/wp-json\/wp\/v2\/store?post=8653"},{"taxonomy":"product_brand","embeddable":true,"href":"https:\/\/ofertacular.com\/index.php\/wp-json\/wp\/v2\/product_brand?post=8653"},{"taxonomy":"product_cat","embeddable":true,"href":"https:\/\/ofertacular.com\/index.php\/wp-json\/wp\/v2\/product_cat?post=8653"},{"taxonomy":"product_tag","embeddable":true,"href":"https:\/\/ofertacular.com\/index.php\/wp-json\/wp\/v2\/product_tag?post=8653"}],"curies":[{"name":"wp","href":"https:\/\/api.w.org\/{rel}","templated":true}]}}