{"id":8655,"date":"2025-10-27T08:25:42","date_gmt":"2025-10-27T07:25:42","guid":{"rendered":"https:\/\/ofertacular.com\/index.php\/producto\/cafetera-electrica\/"},"modified":"2025-10-27T08:25:42","modified_gmt":"2025-10-27T07:25:42","slug":"cafetera-electrica","status":"publish","type":"product","link":"https:\/\/ofertacular.com\/index.php\/producto\/cafetera-electrica\/","title":{"rendered":"Cafetera El\u00e9ctrica"},"content":{"rendered":"<div class=\"oferta-container\">\n<p>\ud83d\udfe5 <b>EXCLUSIVO<\/b> \ud83d\udfe5 #Publicidad #Amazon #16<\/p>\n<p>\ud83d\udd34 <b>Cafetera El\u00e9ctrica <\/b><\/p>\n<p>\u2705 <b>AHORA 19.99 \u20ac<\/b> \u2714\ufe0f\ud83d\udfe1<\/p>\n<p>\u274c Antes 37.99 \u20ac<\/p>\n<p>\ud83d\uded2: <a href=\"https:\/\/btz.es\/5aOqaB3\" target=\"_blank\" rel=\"nofollow noopener\">https:\/\/btz.es\/5aOqaB3<\/a><\/p>\n<p>Disfruta del sabor inigualable de un caf\u00e9 reci\u00e9n preparado con nuestra cafetera el\u00e9ctrica de alta eficiencia. Dise\u00f1ada para ofrecer rapidez y practicidad, esta cafetera es el complemento perfecto para tu cocina. Su tecnolog\u00eda avanzada asegura una extracci\u00f3n \u00f3ptima del caf\u00e9 para que puedas comenzar tu d\u00eda con energ\u00eda y sabor excepcionales.<\/p>\n<\/p><\/div>\n","protected":false},"excerpt":{"rendered":"<p>\ud83d\udfe5 EXCLUSIVO \ud83d\udfe5 #Publicidad #Amazon #16 \ud83d\udd34 Cafetera El\u00e9ctrica \u2705 AHORA 19.99 \u20ac \u2714\ufe0f\ud83d\udfe1 \u274c Antes 37.99 \u20ac \ud83d\uded2: https:\/\/btz.es\/5aOqaB3 Disfruta del sabor inigualable de un caf\u00e9 reci\u00e9n preparado con nuestra cafetera el\u00e9ctrica de alta eficiencia. Dise\u00f1ada para ofrecer rapidez y practicidad, esta cafetera es el complemento perfecto para tu cocina. Su tecnolog\u00eda avanzada asegura [&hellip;]<\/p>\n","protected":false},"featured_media":8654,"template":"","meta":{"_gspb_post_css":""},"store":[],"product_brand":[],"product_cat":[16],"product_tag":[],"class_list":{"0":"post-8655","1":"product","2":"type-product","3":"status-publish","4":"has-post-thumbnail","6":"product_cat-sin-categorizar","8":"first","9":"instock","10":"sale","11":"shipping-taxable","12":"product-type-external"},"jetpack_sharing_enabled":true,"_links":{"self":[{"href":"https:\/\/ofertacular.com\/index.php\/wp-json\/wp\/v2\/product\/8655","targetHints":{"allow":["GET"]}}],"collection":[{"href":"https:\/\/ofertacular.com\/index.php\/wp-json\/wp\/v2\/product"}],"about":[{"href":"https:\/\/ofertacular.com\/index.php\/wp-json\/wp\/v2\/types\/product"}],"wp:featuredmedia":[{"embeddable":true,"href":"https:\/\/ofertacular.com\/index.php\/wp-json\/wp\/v2\/media\/8654"}],"wp:attachment":[{"href":"https:\/\/ofertacular.com\/index.php\/wp-json\/wp\/v2\/media?parent=8655"}],"wp:term":[{"taxonomy":"store","embeddable":true,"href":"https:\/\/ofertacular.com\/index.php\/wp-json\/wp\/v2\/store?post=8655"},{"taxonomy":"product_brand","embeddable":true,"href":"https:\/\/ofertacular.com\/index.php\/wp-json\/wp\/v2\/product_brand?post=8655"},{"taxonomy":"product_cat","embeddable":true,"href":"https:\/\/ofertacular.com\/index.php\/wp-json\/wp\/v2\/product_cat?post=8655"},{"taxonomy":"product_tag","embeddable":true,"href":"https:\/\/ofertacular.com\/index.php\/wp-json\/wp\/v2\/product_tag?post=8655"}],"curies":[{"name":"wp","href":"https:\/\/api.w.org\/{rel}","templated":true}]}}