{"id":8657,"date":"2025-10-27T10:14:19","date_gmt":"2025-10-27T09:14:19","guid":{"rendered":"https:\/\/ofertacular.com\/index.php\/producto\/cafe-avellana\/"},"modified":"2025-10-27T10:14:19","modified_gmt":"2025-10-27T09:14:19","slug":"cafe-avellana","status":"publish","type":"product","link":"https:\/\/ofertacular.com\/index.php\/producto\/cafe-avellana\/","title":{"rendered":"Caf\u00e9 Avellana"},"content":{"rendered":"<div class=\"oferta-container\">\n<p>\ud83d\udfe5 <b>\u00a1NO TE LA PIERDAS!<\/b> \ud83d\udfe5 #Publicidad #Amazon #16<\/p>\n<p>\ud83d\udd34 <b>Caf\u00e9 Avellana <\/b><\/p>\n<p>\u2705 <b>AHORA 3.41 \u20ac<\/b> \u2714\ufe0f\ud83d\udfe1<\/p>\n<p>\u274c Antes 4.08 \u20ac<\/p>\n<p>\ud83d\uded2: <a href=\"https:\/\/btz.es\/5aOHwDT\" target=\"_blank\" rel=\"nofollow noopener\">https:\/\/btz.es\/5aOHwDT<\/a><\/p>\n<p>Descubre el exquisito sabor del Caf\u00e9 Avellana, una mezcla perfecta que combina la intensidad del caf\u00e9 con el delicioso toque de avellanas. Ideal para los amantes de bebidas arom\u00e1ticas y suaves, este caf\u00e9 te ofrece una experiencia \u00fanica y rica en matices. \u00dasalo para crear momentos especiales y disfruta de su aroma embriagador en cualquier ocasi\u00f3n.<\/p>\n<\/p><\/div>\n","protected":false},"excerpt":{"rendered":"<p>\ud83d\udfe5 \u00a1NO TE LA PIERDAS! \ud83d\udfe5 #Publicidad #Amazon #16 \ud83d\udd34 Caf\u00e9 Avellana \u2705 AHORA 3.41 \u20ac \u2714\ufe0f\ud83d\udfe1 \u274c Antes 4.08 \u20ac \ud83d\uded2: https:\/\/btz.es\/5aOHwDT Descubre el exquisito sabor del Caf\u00e9 Avellana, una mezcla perfecta que combina la intensidad del caf\u00e9 con el delicioso toque de avellanas. Ideal para los amantes de bebidas arom\u00e1ticas y suaves, este [&hellip;]<\/p>\n","protected":false},"featured_media":8656,"template":"","meta":{"_gspb_post_css":""},"store":[],"product_brand":[],"product_cat":[16],"product_tag":[],"class_list":{"0":"post-8657","1":"product","2":"type-product","3":"status-publish","4":"has-post-thumbnail","6":"product_cat-sin-categorizar","8":"first","9":"instock","10":"sale","11":"shipping-taxable","12":"product-type-external"},"jetpack_sharing_enabled":true,"_links":{"self":[{"href":"https:\/\/ofertacular.com\/index.php\/wp-json\/wp\/v2\/product\/8657","targetHints":{"allow":["GET"]}}],"collection":[{"href":"https:\/\/ofertacular.com\/index.php\/wp-json\/wp\/v2\/product"}],"about":[{"href":"https:\/\/ofertacular.com\/index.php\/wp-json\/wp\/v2\/types\/product"}],"wp:featuredmedia":[{"embeddable":true,"href":"https:\/\/ofertacular.com\/index.php\/wp-json\/wp\/v2\/media\/8656"}],"wp:attachment":[{"href":"https:\/\/ofertacular.com\/index.php\/wp-json\/wp\/v2\/media?parent=8657"}],"wp:term":[{"taxonomy":"store","embeddable":true,"href":"https:\/\/ofertacular.com\/index.php\/wp-json\/wp\/v2\/store?post=8657"},{"taxonomy":"product_brand","embeddable":true,"href":"https:\/\/ofertacular.com\/index.php\/wp-json\/wp\/v2\/product_brand?post=8657"},{"taxonomy":"product_cat","embeddable":true,"href":"https:\/\/ofertacular.com\/index.php\/wp-json\/wp\/v2\/product_cat?post=8657"},{"taxonomy":"product_tag","embeddable":true,"href":"https:\/\/ofertacular.com\/index.php\/wp-json\/wp\/v2\/product_tag?post=8657"}],"curies":[{"name":"wp","href":"https:\/\/api.w.org\/{rel}","templated":true}]}}