{"id":8661,"date":"2025-10-27T10:34:21","date_gmt":"2025-10-27T09:34:21","guid":{"rendered":"https:\/\/ofertacular.com\/index.php\/producto\/zigbee-sensor\/"},"modified":"2025-10-27T10:34:21","modified_gmt":"2025-10-27T09:34:21","slug":"zigbee-sensor","status":"publish","type":"product","link":"https:\/\/ofertacular.com\/index.php\/producto\/zigbee-sensor\/","title":{"rendered":"Zigbee Sensor"},"content":{"rendered":"<div class=\"oferta-container\">\n<p>\ud83d\udfe5 <b>EXCLUSIVO<\/b> \ud83d\udfe5 #Publicidad #Amazon #16<\/p>\n<p>\ud83d\udd34 <b>Sensor Zigbee <\/b><\/p>\n<p>\u2705 <b>AHORA 9.69 \u20ac<\/b> \u2714\ufe0f\ud83d\udfe1<\/p>\n<p>\u274c Antes 18.13 \u20ac<\/p>\n<p>\ud83d\uded2: <a href=\"https:\/\/btz.es\/5aOMzey\" target=\"_blank\" rel=\"nofollow noopener\">https:\/\/btz.es\/5aOMzey<\/a><\/p>\n<p>Descubre el sensor Zigbee, un dispositivo inteligente dise\u00f1ado para ofrecer una conectividad \u00f3ptima y control eficiente en sistemas dom\u00f3ticos. Este sensor garantiza una integraci\u00f3n sencilla y fiable con tu red Zigbee, proporcionando datos precisos para automatizar y mejorar la seguridad y el confort de tu hogar. Ideal para proyectos de automatizaci\u00f3n y monitoreo en tiempo real, el sensor Zigbee combina tecnolog\u00eda avanzada con una instalaci\u00f3n intuitiva, asegurando un rendimiento superior y durabilidad. Potencia tu hogar inteligente con este sensor eficiente y compatible con m\u00faltiples plataformas.<\/p>\n<\/p><\/div>\n","protected":false},"excerpt":{"rendered":"<p>\ud83d\udfe5 EXCLUSIVO \ud83d\udfe5 #Publicidad #Amazon #16 \ud83d\udd34 Sensor Zigbee \u2705 AHORA 9.69 \u20ac \u2714\ufe0f\ud83d\udfe1 \u274c Antes 18.13 \u20ac \ud83d\uded2: https:\/\/btz.es\/5aOMzey Descubre el sensor Zigbee, un dispositivo inteligente dise\u00f1ado para ofrecer una conectividad \u00f3ptima y control eficiente en sistemas dom\u00f3ticos. Este sensor garantiza una integraci\u00f3n sencilla y fiable con tu red Zigbee, proporcionando datos precisos para [&hellip;]<\/p>\n","protected":false},"featured_media":8660,"template":"","meta":{"_gspb_post_css":""},"store":[],"product_brand":[],"product_cat":[16],"product_tag":[],"class_list":{"0":"post-8661","1":"product","2":"type-product","3":"status-publish","4":"has-post-thumbnail","6":"product_cat-sin-categorizar","8":"first","9":"instock","10":"sale","11":"shipping-taxable","12":"product-type-external"},"jetpack_sharing_enabled":true,"_links":{"self":[{"href":"https:\/\/ofertacular.com\/index.php\/wp-json\/wp\/v2\/product\/8661","targetHints":{"allow":["GET"]}}],"collection":[{"href":"https:\/\/ofertacular.com\/index.php\/wp-json\/wp\/v2\/product"}],"about":[{"href":"https:\/\/ofertacular.com\/index.php\/wp-json\/wp\/v2\/types\/product"}],"wp:featuredmedia":[{"embeddable":true,"href":"https:\/\/ofertacular.com\/index.php\/wp-json\/wp\/v2\/media\/8660"}],"wp:attachment":[{"href":"https:\/\/ofertacular.com\/index.php\/wp-json\/wp\/v2\/media?parent=8661"}],"wp:term":[{"taxonomy":"store","embeddable":true,"href":"https:\/\/ofertacular.com\/index.php\/wp-json\/wp\/v2\/store?post=8661"},{"taxonomy":"product_brand","embeddable":true,"href":"https:\/\/ofertacular.com\/index.php\/wp-json\/wp\/v2\/product_brand?post=8661"},{"taxonomy":"product_cat","embeddable":true,"href":"https:\/\/ofertacular.com\/index.php\/wp-json\/wp\/v2\/product_cat?post=8661"},{"taxonomy":"product_tag","embeddable":true,"href":"https:\/\/ofertacular.com\/index.php\/wp-json\/wp\/v2\/product_tag?post=8661"}],"curies":[{"name":"wp","href":"https:\/\/api.w.org\/{rel}","templated":true}]}}