{"id":8679,"date":"2025-10-28T08:10:28","date_gmt":"2025-10-28T07:10:28","guid":{"rendered":"https:\/\/ofertacular.com\/index.php\/producto\/lg-nanocell-tv\/"},"modified":"2025-10-28T08:10:28","modified_gmt":"2025-10-28T07:10:28","slug":"lg-nanocell-tv","status":"publish","type":"product","link":"https:\/\/ofertacular.com\/index.php\/producto\/lg-nanocell-tv\/","title":{"rendered":"LG NanoCell TV"},"content":{"rendered":"<div class=\"oferta-container\">\n<p>\ud83d\udfe5 <b>\u00a1APROVECHA!<\/b> \ud83d\udfe5 #Publicidad #Amazon #16<\/p>\n<p>\ud83d\udd34 <b>TV NanoCell <\/b><\/p>\n<p>\u2705 <b>AHORA 629 \u20ac<\/b> \u2714\ufe0f\ud83d\udfe1<\/p>\n<p>\u274c Antes 879.00 \u20ac<\/p>\n<p>\ud83d\uded2: <a href=\"https:\/\/btz.es\/5aUcHId\" target=\"_blank\" rel=\"nofollow noopener\">https:\/\/btz.es\/5aUcHId<\/a><\/p>\n<p>Descubre la calidad insuperable de la tecnolog\u00eda LG NanoCell en esta televisi\u00f3n de \u00faltima generaci\u00f3n. Con colores m\u00e1s puros y negros profundos, ofrece una experiencia visual envolvente y realista que transforma tu forma de ver televisi\u00f3n. Perfecta para cine en casa, videojuegos y deportes, esta TV LG garantiza rendimiento y dise\u00f1o elegante. Mejora tu entretenimiento con el poder de LG NanoCell, ideal para cualquier espacio y decoraci\u00f3n.<\/p>\n<\/p><\/div>\n","protected":false},"excerpt":{"rendered":"<p>\ud83d\udfe5 \u00a1APROVECHA! \ud83d\udfe5 #Publicidad #Amazon #16 \ud83d\udd34 TV NanoCell \u2705 AHORA 629 \u20ac \u2714\ufe0f\ud83d\udfe1 \u274c Antes 879.00 \u20ac \ud83d\uded2: https:\/\/btz.es\/5aUcHId Descubre la calidad insuperable de la tecnolog\u00eda LG NanoCell en esta televisi\u00f3n de \u00faltima generaci\u00f3n. Con colores m\u00e1s puros y negros profundos, ofrece una experiencia visual envolvente y realista que transforma tu forma de ver [&hellip;]<\/p>\n","protected":false},"featured_media":8678,"template":"","meta":{"_gspb_post_css":""},"store":[],"product_brand":[],"product_cat":[16],"product_tag":[],"class_list":{"0":"post-8679","1":"product","2":"type-product","3":"status-publish","4":"has-post-thumbnail","6":"product_cat-sin-categorizar","8":"first","9":"instock","10":"sale","11":"shipping-taxable","12":"product-type-external"},"jetpack_sharing_enabled":true,"_links":{"self":[{"href":"https:\/\/ofertacular.com\/index.php\/wp-json\/wp\/v2\/product\/8679","targetHints":{"allow":["GET"]}}],"collection":[{"href":"https:\/\/ofertacular.com\/index.php\/wp-json\/wp\/v2\/product"}],"about":[{"href":"https:\/\/ofertacular.com\/index.php\/wp-json\/wp\/v2\/types\/product"}],"wp:featuredmedia":[{"embeddable":true,"href":"https:\/\/ofertacular.com\/index.php\/wp-json\/wp\/v2\/media\/8678"}],"wp:attachment":[{"href":"https:\/\/ofertacular.com\/index.php\/wp-json\/wp\/v2\/media?parent=8679"}],"wp:term":[{"taxonomy":"store","embeddable":true,"href":"https:\/\/ofertacular.com\/index.php\/wp-json\/wp\/v2\/store?post=8679"},{"taxonomy":"product_brand","embeddable":true,"href":"https:\/\/ofertacular.com\/index.php\/wp-json\/wp\/v2\/product_brand?post=8679"},{"taxonomy":"product_cat","embeddable":true,"href":"https:\/\/ofertacular.com\/index.php\/wp-json\/wp\/v2\/product_cat?post=8679"},{"taxonomy":"product_tag","embeddable":true,"href":"https:\/\/ofertacular.com\/index.php\/wp-json\/wp\/v2\/product_tag?post=8679"}],"curies":[{"name":"wp","href":"https:\/\/api.w.org\/{rel}","templated":true}]}}