{"id":8703,"date":"2025-10-28T13:05:25","date_gmt":"2025-10-28T12:05:25","guid":{"rendered":"https:\/\/ofertacular.com\/index.php\/producto\/cafe-espresso\/"},"modified":"2025-10-28T13:05:25","modified_gmt":"2025-10-28T12:05:25","slug":"cafe-espresso","status":"publish","type":"product","link":"https:\/\/ofertacular.com\/index.php\/producto\/cafe-espresso\/","title":{"rendered":"Caf\u00e9 Espresso"},"content":{"rendered":"<div class=\"oferta-container\">\n<p>\ud83d\udfe5 <b>\u00a1NO TE LA PIERDAS!<\/b> \ud83d\udfe5 #Publicidad #Amazon #16<\/p>\n<p>\ud83d\udd34 <b>Caf\u00e9 Espresso <\/b><\/p>\n<p>\u2705 <b>AHORA 3.13 \u20ac<\/b> \u2714\ufe0f\ud83d\udfe1<\/p>\n<p>\u274c Antes 3.42 \u20ac<\/p>\n<p>\ud83d\uded2: <a href=\"https:\/\/btz.es\/5aVoXVf\" target=\"_blank\" rel=\"nofollow noopener\">https:\/\/btz.es\/5aVoXVf<\/a><\/p>\n<p>Disfruta del aut\u00e9ntico sabor y aroma del Caf\u00e9 Espresso, elaborado con granos cuidadosamente seleccionados para ofrecer una experiencia intensa y llena de car\u00e1cter. Perfecto para amantes del caf\u00e9 que buscan una infusi\u00f3n equilibrada y de alta calidad en cada taza. Ideal para cualquier momento del d\u00eda, este Caf\u00e9 Espresso garantiza una preparaci\u00f3n r\u00e1pida y sencilla, proporcionando un despertar lleno de energ\u00eda y placer. Optimizado para quienes valoran la excelencia en su caf\u00e9 diario.<\/p>\n<\/p><\/div>\n","protected":false},"excerpt":{"rendered":"<p>\ud83d\udfe5 \u00a1NO TE LA PIERDAS! \ud83d\udfe5 #Publicidad #Amazon #16 \ud83d\udd34 Caf\u00e9 Espresso \u2705 AHORA 3.13 \u20ac \u2714\ufe0f\ud83d\udfe1 \u274c Antes 3.42 \u20ac \ud83d\uded2: https:\/\/btz.es\/5aVoXVf Disfruta del aut\u00e9ntico sabor y aroma del Caf\u00e9 Espresso, elaborado con granos cuidadosamente seleccionados para ofrecer una experiencia intensa y llena de car\u00e1cter. Perfecto para amantes del caf\u00e9 que buscan una infusi\u00f3n [&hellip;]<\/p>\n","protected":false},"featured_media":8702,"template":"","meta":{"_gspb_post_css":""},"store":[],"product_brand":[],"product_cat":[16],"product_tag":[],"class_list":{"0":"post-8703","1":"product","2":"type-product","3":"status-publish","4":"has-post-thumbnail","6":"product_cat-sin-categorizar","8":"first","9":"instock","10":"sale","11":"shipping-taxable","12":"product-type-external"},"jetpack_sharing_enabled":true,"_links":{"self":[{"href":"https:\/\/ofertacular.com\/index.php\/wp-json\/wp\/v2\/product\/8703","targetHints":{"allow":["GET"]}}],"collection":[{"href":"https:\/\/ofertacular.com\/index.php\/wp-json\/wp\/v2\/product"}],"about":[{"href":"https:\/\/ofertacular.com\/index.php\/wp-json\/wp\/v2\/types\/product"}],"wp:featuredmedia":[{"embeddable":true,"href":"https:\/\/ofertacular.com\/index.php\/wp-json\/wp\/v2\/media\/8702"}],"wp:attachment":[{"href":"https:\/\/ofertacular.com\/index.php\/wp-json\/wp\/v2\/media?parent=8703"}],"wp:term":[{"taxonomy":"store","embeddable":true,"href":"https:\/\/ofertacular.com\/index.php\/wp-json\/wp\/v2\/store?post=8703"},{"taxonomy":"product_brand","embeddable":true,"href":"https:\/\/ofertacular.com\/index.php\/wp-json\/wp\/v2\/product_brand?post=8703"},{"taxonomy":"product_cat","embeddable":true,"href":"https:\/\/ofertacular.com\/index.php\/wp-json\/wp\/v2\/product_cat?post=8703"},{"taxonomy":"product_tag","embeddable":true,"href":"https:\/\/ofertacular.com\/index.php\/wp-json\/wp\/v2\/product_tag?post=8703"}],"curies":[{"name":"wp","href":"https:\/\/api.w.org\/{rel}","templated":true}]}}