{"id":8711,"date":"2025-10-28T17:37:41","date_gmt":"2025-10-28T16:37:41","guid":{"rendered":"https:\/\/ofertacular.com\/index.php\/producto\/chocolate-cookies\/"},"modified":"2025-10-28T17:37:41","modified_gmt":"2025-10-28T16:37:41","slug":"chocolate-cookies","status":"publish","type":"product","link":"https:\/\/ofertacular.com\/index.php\/producto\/chocolate-cookies\/","title":{"rendered":"Chocolate Cookies"},"content":{"rendered":"<div class=\"oferta-container\">\n<p>\ud83d\udfe5 <b>EXCLUSIVO<\/b> \ud83d\udfe5 #Publicidad #Amazon #16<\/p>\n<p>\ud83d\udd34 <b>Galletas chocolate <\/b><\/p>\n<p>\u2705 <b>AHORA 4.95 \u20ac<\/b> \u2714\ufe0f\ud83d\udfe1<\/p>\n<p>\u274c Antes 5.95 \u20ac<\/p>\n<p>\ud83d\uded2: <a href=\"https:\/\/btz.es\/5aWv4V1\" target=\"_blank\" rel=\"nofollow noopener\">https:\/\/btz.es\/5aWv4V1<\/a><\/p>\n<p>Descubre la irresistible dulzura de nuestras Galletas de Chocolate, elaboradas con ingredientes de la m\u00e1s alta calidad para ofrecer una experiencia de sabor inigualable. Perfectas para acompa\u00f1ar tu caf\u00e9 o disfrutar como un delicioso snack a cualquier hora del d\u00eda. Nuestra receta \u00fanica garantiza una textura crujiente por fuera y suave por dentro, haciendo de cada bocado un placer supremo. \u00a1No esperes m\u00e1s para deleitarte con estas exquisitas galletas de chocolate que conquista a grandes y chicos!<\/p>\n<\/p><\/div>\n","protected":false},"excerpt":{"rendered":"<p>\ud83d\udfe5 EXCLUSIVO \ud83d\udfe5 #Publicidad #Amazon #16 \ud83d\udd34 Galletas chocolate \u2705 AHORA 4.95 \u20ac \u2714\ufe0f\ud83d\udfe1 \u274c Antes 5.95 \u20ac \ud83d\uded2: https:\/\/btz.es\/5aWv4V1 Descubre la irresistible dulzura de nuestras Galletas de Chocolate, elaboradas con ingredientes de la m\u00e1s alta calidad para ofrecer una experiencia de sabor inigualable. Perfectas para acompa\u00f1ar tu caf\u00e9 o disfrutar como un delicioso snack [&hellip;]<\/p>\n","protected":false},"featured_media":8710,"template":"","meta":{"_gspb_post_css":""},"store":[],"product_brand":[],"product_cat":[16],"product_tag":[],"class_list":{"0":"post-8711","1":"product","2":"type-product","3":"status-publish","4":"has-post-thumbnail","6":"product_cat-sin-categorizar","8":"first","9":"instock","10":"sale","11":"shipping-taxable","12":"product-type-external"},"jetpack_sharing_enabled":true,"_links":{"self":[{"href":"https:\/\/ofertacular.com\/index.php\/wp-json\/wp\/v2\/product\/8711","targetHints":{"allow":["GET"]}}],"collection":[{"href":"https:\/\/ofertacular.com\/index.php\/wp-json\/wp\/v2\/product"}],"about":[{"href":"https:\/\/ofertacular.com\/index.php\/wp-json\/wp\/v2\/types\/product"}],"wp:featuredmedia":[{"embeddable":true,"href":"https:\/\/ofertacular.com\/index.php\/wp-json\/wp\/v2\/media\/8710"}],"wp:attachment":[{"href":"https:\/\/ofertacular.com\/index.php\/wp-json\/wp\/v2\/media?parent=8711"}],"wp:term":[{"taxonomy":"store","embeddable":true,"href":"https:\/\/ofertacular.com\/index.php\/wp-json\/wp\/v2\/store?post=8711"},{"taxonomy":"product_brand","embeddable":true,"href":"https:\/\/ofertacular.com\/index.php\/wp-json\/wp\/v2\/product_brand?post=8711"},{"taxonomy":"product_cat","embeddable":true,"href":"https:\/\/ofertacular.com\/index.php\/wp-json\/wp\/v2\/product_cat?post=8711"},{"taxonomy":"product_tag","embeddable":true,"href":"https:\/\/ofertacular.com\/index.php\/wp-json\/wp\/v2\/product_tag?post=8711"}],"curies":[{"name":"wp","href":"https:\/\/api.w.org\/{rel}","templated":true}]}}