{"id":8745,"date":"2025-10-29T18:39:58","date_gmt":"2025-10-29T17:39:58","guid":{"rendered":"https:\/\/ofertacular.com\/index.php\/producto\/mochila-portatil\/"},"modified":"2025-10-29T18:39:58","modified_gmt":"2025-10-29T17:39:58","slug":"mochila-portatil","status":"publish","type":"product","link":"https:\/\/ofertacular.com\/index.php\/producto\/mochila-portatil\/","title":{"rendered":"Mochila Port\u00e1til"},"content":{"rendered":"<div class=\"oferta-container\">\n<p>\ud83d\udfe5 <b>\u00a1GANGAZO!<\/b> \ud83d\udfe5 #Publicidad #Amazon #16<\/p>\n<p>\ud83d\udd34 <b>Mochila port\u00e1til <\/b><\/p>\n<p>\u2705 <b>AHORA 16.99 \u20ac<\/b> \u2714\ufe0f\ud83d\udfe1<\/p>\n<p>\u274c Antes 30.99 \u20ac<\/p>\n<p>\ud83d\uded2: <a href=\"https:\/\/btz.es\/5bc1Ieb\" target=\"_blank\" rel=\"nofollow noopener\">https:\/\/btz.es\/5bc1Ieb<\/a><\/p>\n<p>Descubre la mochila port\u00e1til ideal para transportar tu laptop con m\u00e1xima comodidad y estilo. Dise\u00f1ada para profesionales y estudiantes, esta mochila ofrece m\u00faltiples compartimentos, materiales resistentes y un dise\u00f1o moderno que se adapta a cualquier ocasi\u00f3n. Mejora tu movilidad y protege tu equipo con esta mochila pr\u00e1ctica y funcional, perfecta para tu d\u00eda a d\u00eda.<\/p>\n<\/p><\/div>\n","protected":false},"excerpt":{"rendered":"<p>\ud83d\udfe5 \u00a1GANGAZO! \ud83d\udfe5 #Publicidad #Amazon #16 \ud83d\udd34 Mochila port\u00e1til \u2705 AHORA 16.99 \u20ac \u2714\ufe0f\ud83d\udfe1 \u274c Antes 30.99 \u20ac \ud83d\uded2: https:\/\/btz.es\/5bc1Ieb Descubre la mochila port\u00e1til ideal para transportar tu laptop con m\u00e1xima comodidad y estilo. Dise\u00f1ada para profesionales y estudiantes, esta mochila ofrece m\u00faltiples compartimentos, materiales resistentes y un dise\u00f1o moderno que se adapta a cualquier [&hellip;]<\/p>\n","protected":false},"featured_media":8744,"template":"","meta":{"_gspb_post_css":""},"store":[],"product_brand":[],"product_cat":[16],"product_tag":[],"class_list":{"0":"post-8745","1":"product","2":"type-product","3":"status-publish","4":"has-post-thumbnail","6":"product_cat-sin-categorizar","8":"first","9":"instock","10":"sale","11":"shipping-taxable","12":"product-type-external"},"jetpack_sharing_enabled":true,"_links":{"self":[{"href":"https:\/\/ofertacular.com\/index.php\/wp-json\/wp\/v2\/product\/8745","targetHints":{"allow":["GET"]}}],"collection":[{"href":"https:\/\/ofertacular.com\/index.php\/wp-json\/wp\/v2\/product"}],"about":[{"href":"https:\/\/ofertacular.com\/index.php\/wp-json\/wp\/v2\/types\/product"}],"wp:featuredmedia":[{"embeddable":true,"href":"https:\/\/ofertacular.com\/index.php\/wp-json\/wp\/v2\/media\/8744"}],"wp:attachment":[{"href":"https:\/\/ofertacular.com\/index.php\/wp-json\/wp\/v2\/media?parent=8745"}],"wp:term":[{"taxonomy":"store","embeddable":true,"href":"https:\/\/ofertacular.com\/index.php\/wp-json\/wp\/v2\/store?post=8745"},{"taxonomy":"product_brand","embeddable":true,"href":"https:\/\/ofertacular.com\/index.php\/wp-json\/wp\/v2\/product_brand?post=8745"},{"taxonomy":"product_cat","embeddable":true,"href":"https:\/\/ofertacular.com\/index.php\/wp-json\/wp\/v2\/product_cat?post=8745"},{"taxonomy":"product_tag","embeddable":true,"href":"https:\/\/ofertacular.com\/index.php\/wp-json\/wp\/v2\/product_tag?post=8745"}],"curies":[{"name":"wp","href":"https:\/\/api.w.org\/{rel}","templated":true}]}}