{"id":8753,"date":"2025-10-30T08:17:43","date_gmt":"2025-10-30T07:17:43","guid":{"rendered":"https:\/\/ofertacular.com\/index.php\/producto\/casco-bicicleta\/"},"modified":"2025-10-30T08:17:43","modified_gmt":"2025-10-30T07:17:43","slug":"casco-bicicleta","status":"publish","type":"product","link":"https:\/\/ofertacular.com\/index.php\/producto\/casco-bicicleta\/","title":{"rendered":"Casco Bicicleta"},"content":{"rendered":"<div class=\"oferta-container\">\n<p>\ud83d\udfe5 <b>AHORRA AQU\u00cd<\/b> \ud83d\udfe5 #Publicidad #Amazon #16<\/p>\n<p>\ud83d\udd34 <b>Casco Bicicleta <\/b><\/p>\n<p>\u2705 <b>AHORA 12.96 \u20ac<\/b> \u2714\ufe0f\ud83d\udfe1<\/p>\n<p>\u274c Antes 39.99 \u20ac<\/p>\n<p>\ud83d\uded2: <a href=\"https:\/\/btz.es\/5bfLApf\" target=\"_blank\" rel=\"nofollow noopener\">https:\/\/btz.es\/5bfLApf<\/a><\/p>\n<p>Protege tu seguridad en cada ruta con nuestro casco de bicicleta de alta calidad, dise\u00f1ado para ofrecer comodidad y resistencia. Su dise\u00f1o aerodin\u00e1mico y ligero garantiza una experiencia de ciclismo \u00f3ptima, mientras que los materiales duraderos proporcionan m\u00e1xima protecci\u00f3n contra impactos. Ideal para ciclistas urbanos y de monta\u00f1a que buscan estilo y seguridad en un solo producto.<\/p>\n<\/p><\/div>\n","protected":false},"excerpt":{"rendered":"<p>\ud83d\udfe5 AHORRA AQU\u00cd \ud83d\udfe5 #Publicidad #Amazon #16 \ud83d\udd34 Casco Bicicleta \u2705 AHORA 12.96 \u20ac \u2714\ufe0f\ud83d\udfe1 \u274c Antes 39.99 \u20ac \ud83d\uded2: https:\/\/btz.es\/5bfLApf Protege tu seguridad en cada ruta con nuestro casco de bicicleta de alta calidad, dise\u00f1ado para ofrecer comodidad y resistencia. Su dise\u00f1o aerodin\u00e1mico y ligero garantiza una experiencia de ciclismo \u00f3ptima, mientras que los [&hellip;]<\/p>\n","protected":false},"featured_media":8752,"template":"","meta":{"_gspb_post_css":""},"store":[],"product_brand":[],"product_cat":[16],"product_tag":[],"class_list":{"0":"post-8753","1":"product","2":"type-product","3":"status-publish","4":"has-post-thumbnail","6":"product_cat-sin-categorizar","8":"first","9":"instock","10":"sale","11":"shipping-taxable","12":"product-type-external"},"jetpack_sharing_enabled":true,"_links":{"self":[{"href":"https:\/\/ofertacular.com\/index.php\/wp-json\/wp\/v2\/product\/8753","targetHints":{"allow":["GET"]}}],"collection":[{"href":"https:\/\/ofertacular.com\/index.php\/wp-json\/wp\/v2\/product"}],"about":[{"href":"https:\/\/ofertacular.com\/index.php\/wp-json\/wp\/v2\/types\/product"}],"wp:featuredmedia":[{"embeddable":true,"href":"https:\/\/ofertacular.com\/index.php\/wp-json\/wp\/v2\/media\/8752"}],"wp:attachment":[{"href":"https:\/\/ofertacular.com\/index.php\/wp-json\/wp\/v2\/media?parent=8753"}],"wp:term":[{"taxonomy":"store","embeddable":true,"href":"https:\/\/ofertacular.com\/index.php\/wp-json\/wp\/v2\/store?post=8753"},{"taxonomy":"product_brand","embeddable":true,"href":"https:\/\/ofertacular.com\/index.php\/wp-json\/wp\/v2\/product_brand?post=8753"},{"taxonomy":"product_cat","embeddable":true,"href":"https:\/\/ofertacular.com\/index.php\/wp-json\/wp\/v2\/product_cat?post=8753"},{"taxonomy":"product_tag","embeddable":true,"href":"https:\/\/ofertacular.com\/index.php\/wp-json\/wp\/v2\/product_tag?post=8753"}],"curies":[{"name":"wp","href":"https:\/\/api.w.org\/{rel}","templated":true}]}}