{"id":8757,"date":"2025-10-30T08:26:43","date_gmt":"2025-10-30T07:26:43","guid":{"rendered":"https:\/\/ofertacular.com\/index.php\/producto\/lg-nanocell-tv-2\/"},"modified":"2025-10-30T08:26:43","modified_gmt":"2025-10-30T07:26:43","slug":"lg-nanocell-tv-2","status":"publish","type":"product","link":"https:\/\/ofertacular.com\/index.php\/producto\/lg-nanocell-tv-2\/","title":{"rendered":"LG NanoCell TV"},"content":{"rendered":"<div class=\"oferta-container\">\n<p>\ud83d\udfe5 <b>\u00a1APROVECHA!<\/b> \ud83d\udfe5 #Publicidad #Amazon #16<\/p>\n<p>\ud83d\udd34 <b>TV NanoCell <\/b><\/p>\n<p>\u2705 <b>AHORA 489 \u20ac<\/b> \u2714\ufe0f\ud83d\udfe1<\/p>\n<p>\u274c Antes 589.00 \u20ac<\/p>\n<p>\ud83d\uded2: <a href=\"https:\/\/btz.es\/5bfNQHb\" target=\"_blank\" rel=\"nofollow noopener\">https:\/\/btz.es\/5bfNQHb<\/a><\/p>\n<p>Descubre la revolucionaria televisi\u00f3n LG NanoCell que lleva la calidad de imagen a otro nivel. Con tecnolog\u00eda avanzada NanoCell, esta TV ofrece colores vibrantes, detalles n\u00edtidos y un contraste excepcional para una experiencia visual inigualable. Ideal para amantes del entretenimiento y gaming, esta pantalla garantiza un rendimiento superior y dise\u00f1o elegante. Potencia tu sala con la innovaci\u00f3n y la precisi\u00f3n que solo LG ofrece en televisores de \u00faltima generaci\u00f3n.<\/p>\n<\/p><\/div>\n","protected":false},"excerpt":{"rendered":"<p>\ud83d\udfe5 \u00a1APROVECHA! \ud83d\udfe5 #Publicidad #Amazon #16 \ud83d\udd34 TV NanoCell \u2705 AHORA 489 \u20ac \u2714\ufe0f\ud83d\udfe1 \u274c Antes 589.00 \u20ac \ud83d\uded2: https:\/\/btz.es\/5bfNQHb Descubre la revolucionaria televisi\u00f3n LG NanoCell que lleva la calidad de imagen a otro nivel. Con tecnolog\u00eda avanzada NanoCell, esta TV ofrece colores vibrantes, detalles n\u00edtidos y un contraste excepcional para una experiencia visual inigualable. [&hellip;]<\/p>\n","protected":false},"featured_media":8756,"template":"","meta":{"_gspb_post_css":""},"store":[],"product_brand":[],"product_cat":[16],"product_tag":[],"class_list":{"0":"post-8757","1":"product","2":"type-product","3":"status-publish","4":"has-post-thumbnail","6":"product_cat-sin-categorizar","8":"first","9":"instock","10":"sale","11":"shipping-taxable","12":"product-type-external"},"jetpack_sharing_enabled":true,"_links":{"self":[{"href":"https:\/\/ofertacular.com\/index.php\/wp-json\/wp\/v2\/product\/8757","targetHints":{"allow":["GET"]}}],"collection":[{"href":"https:\/\/ofertacular.com\/index.php\/wp-json\/wp\/v2\/product"}],"about":[{"href":"https:\/\/ofertacular.com\/index.php\/wp-json\/wp\/v2\/types\/product"}],"wp:featuredmedia":[{"embeddable":true,"href":"https:\/\/ofertacular.com\/index.php\/wp-json\/wp\/v2\/media\/8756"}],"wp:attachment":[{"href":"https:\/\/ofertacular.com\/index.php\/wp-json\/wp\/v2\/media?parent=8757"}],"wp:term":[{"taxonomy":"store","embeddable":true,"href":"https:\/\/ofertacular.com\/index.php\/wp-json\/wp\/v2\/store?post=8757"},{"taxonomy":"product_brand","embeddable":true,"href":"https:\/\/ofertacular.com\/index.php\/wp-json\/wp\/v2\/product_brand?post=8757"},{"taxonomy":"product_cat","embeddable":true,"href":"https:\/\/ofertacular.com\/index.php\/wp-json\/wp\/v2\/product_cat?post=8757"},{"taxonomy":"product_tag","embeddable":true,"href":"https:\/\/ofertacular.com\/index.php\/wp-json\/wp\/v2\/product_tag?post=8757"}],"curies":[{"name":"wp","href":"https:\/\/api.w.org\/{rel}","templated":true}]}}