{"id":8765,"date":"2025-10-30T10:11:06","date_gmt":"2025-10-30T09:11:06","guid":{"rendered":"https:\/\/ofertacular.com\/index.php\/producto\/cottage-pajama\/"},"modified":"2025-10-30T10:11:06","modified_gmt":"2025-10-30T09:11:06","slug":"cottage-pajama","status":"publish","type":"product","link":"https:\/\/ofertacular.com\/index.php\/producto\/cottage-pajama\/","title":{"rendered":"Cottage Pajama"},"content":{"rendered":"<div class=\"oferta-container\">\n<p>\ud83d\udfe5 <b>DATE PRISA<\/b> \ud83d\udfe5 #Publicidad #Amazon #16<\/p>\n<p>\ud83d\udd34 <b>Pijama Cottage <\/b><\/p>\n<p>\u2705 <b>AHORA 15.99 \u20ac<\/b> \u2714\ufe0f\ud83d\udfe1<\/p>\n<p>\u274c Antes 19.99 \u20ac<\/p>\n<p>\ud83d\uded2: <a href=\"https:\/\/btz.es\/5bgohUb\" target=\"_blank\" rel=\"nofollow noopener\">https:\/\/btz.es\/5bgohUb<\/a><\/p>\n<p>Descubre la comodidad y el estilo con el Pijama Cottage, dise\u00f1ado para ofrecerte una experiencia de descanso inigualable. Fabricado con materiales de alta calidad que garantizan suavidad y durabilidad, este pijama es perfecto para tus noches y momentos de relax. Su dise\u00f1o elegante y moderno lo convierte en la elecci\u00f3n ideal para quienes buscan confort sin sacrificar la est\u00e9tica. Optimizado para mejorar tu bienestar y estilo de vida, el Pijama Cottage es un imprescindible en tu guardarropa nocturno.<\/p>\n<\/p><\/div>\n","protected":false},"excerpt":{"rendered":"<p>\ud83d\udfe5 DATE PRISA \ud83d\udfe5 #Publicidad #Amazon #16 \ud83d\udd34 Pijama Cottage \u2705 AHORA 15.99 \u20ac \u2714\ufe0f\ud83d\udfe1 \u274c Antes 19.99 \u20ac \ud83d\uded2: https:\/\/btz.es\/5bgohUb Descubre la comodidad y el estilo con el Pijama Cottage, dise\u00f1ado para ofrecerte una experiencia de descanso inigualable. Fabricado con materiales de alta calidad que garantizan suavidad y durabilidad, este pijama es perfecto para [&hellip;]<\/p>\n","protected":false},"featured_media":8764,"template":"","meta":{"_gspb_post_css":""},"store":[],"product_brand":[],"product_cat":[16],"product_tag":[],"class_list":{"0":"post-8765","1":"product","2":"type-product","3":"status-publish","4":"has-post-thumbnail","6":"product_cat-sin-categorizar","8":"first","9":"instock","10":"sale","11":"shipping-taxable","12":"product-type-external"},"jetpack_sharing_enabled":true,"_links":{"self":[{"href":"https:\/\/ofertacular.com\/index.php\/wp-json\/wp\/v2\/product\/8765","targetHints":{"allow":["GET"]}}],"collection":[{"href":"https:\/\/ofertacular.com\/index.php\/wp-json\/wp\/v2\/product"}],"about":[{"href":"https:\/\/ofertacular.com\/index.php\/wp-json\/wp\/v2\/types\/product"}],"wp:featuredmedia":[{"embeddable":true,"href":"https:\/\/ofertacular.com\/index.php\/wp-json\/wp\/v2\/media\/8764"}],"wp:attachment":[{"href":"https:\/\/ofertacular.com\/index.php\/wp-json\/wp\/v2\/media?parent=8765"}],"wp:term":[{"taxonomy":"store","embeddable":true,"href":"https:\/\/ofertacular.com\/index.php\/wp-json\/wp\/v2\/store?post=8765"},{"taxonomy":"product_brand","embeddable":true,"href":"https:\/\/ofertacular.com\/index.php\/wp-json\/wp\/v2\/product_brand?post=8765"},{"taxonomy":"product_cat","embeddable":true,"href":"https:\/\/ofertacular.com\/index.php\/wp-json\/wp\/v2\/product_cat?post=8765"},{"taxonomy":"product_tag","embeddable":true,"href":"https:\/\/ofertacular.com\/index.php\/wp-json\/wp\/v2\/product_tag?post=8765"}],"curies":[{"name":"wp","href":"https:\/\/api.w.org\/{rel}","templated":true}]}}