{"id":8767,"date":"2025-10-30T10:11:58","date_gmt":"2025-10-30T09:11:58","guid":{"rendered":"https:\/\/ofertacular.com\/index.php\/producto\/denim-shirt\/"},"modified":"2025-10-30T10:11:58","modified_gmt":"2025-10-30T09:11:58","slug":"denim-shirt","status":"publish","type":"product","link":"https:\/\/ofertacular.com\/index.php\/producto\/denim-shirt\/","title":{"rendered":"Denim Shirt"},"content":{"rendered":"<div class=\"oferta-container\">\n<p>\ud83d\udfe5 <b>UNA GANGA<\/b> \ud83d\udfe5 #Publicidad #Amazon #16<\/p>\n<p>\ud83d\udd34 <b>Camisa Denim <\/b><\/p>\n<p>\u2705 <b>AHORA 8.89 \u20ac<\/b> \u2714\ufe0f\ud83d\udfe1<\/p>\n<p>\u274c Antes 17.99 \u20ac<\/p>\n<p>\ud83d\uded2: <a href=\"https:\/\/btz.es\/5bgovHU\" target=\"_blank\" rel=\"nofollow noopener\">https:\/\/btz.es\/5bgovHU<\/a><\/p>\n<p>Descubre la comodidad y estilo atemporal de nuestra Camisa Denim para hombre, dise\u00f1ada con materiales de alta calidad para un ajuste perfecto y durabilidad. Ideal para cualquier ocasi\u00f3n casual, esta prenda combina versatilidad y moda, convirti\u00e9ndose en un esencial en tu armario. Aprovecha su dise\u00f1o cl\u00e1sico que nunca pasa de moda y luce un look sofisticado y moderno.<\/p>\n<\/p><\/div>\n","protected":false},"excerpt":{"rendered":"<p>\ud83d\udfe5 UNA GANGA \ud83d\udfe5 #Publicidad #Amazon #16 \ud83d\udd34 Camisa Denim \u2705 AHORA 8.89 \u20ac \u2714\ufe0f\ud83d\udfe1 \u274c Antes 17.99 \u20ac \ud83d\uded2: https:\/\/btz.es\/5bgovHU Descubre la comodidad y estilo atemporal de nuestra Camisa Denim para hombre, dise\u00f1ada con materiales de alta calidad para un ajuste perfecto y durabilidad. Ideal para cualquier ocasi\u00f3n casual, esta prenda combina versatilidad y [&hellip;]<\/p>\n","protected":false},"featured_media":8766,"template":"","meta":{"_gspb_post_css":""},"store":[],"product_brand":[],"product_cat":[16],"product_tag":[],"class_list":{"0":"post-8767","1":"product","2":"type-product","3":"status-publish","4":"has-post-thumbnail","6":"product_cat-sin-categorizar","8":"first","9":"instock","10":"sale","11":"shipping-taxable","12":"product-type-external"},"jetpack_sharing_enabled":true,"_links":{"self":[{"href":"https:\/\/ofertacular.com\/index.php\/wp-json\/wp\/v2\/product\/8767","targetHints":{"allow":["GET"]}}],"collection":[{"href":"https:\/\/ofertacular.com\/index.php\/wp-json\/wp\/v2\/product"}],"about":[{"href":"https:\/\/ofertacular.com\/index.php\/wp-json\/wp\/v2\/types\/product"}],"wp:featuredmedia":[{"embeddable":true,"href":"https:\/\/ofertacular.com\/index.php\/wp-json\/wp\/v2\/media\/8766"}],"wp:attachment":[{"href":"https:\/\/ofertacular.com\/index.php\/wp-json\/wp\/v2\/media?parent=8767"}],"wp:term":[{"taxonomy":"store","embeddable":true,"href":"https:\/\/ofertacular.com\/index.php\/wp-json\/wp\/v2\/store?post=8767"},{"taxonomy":"product_brand","embeddable":true,"href":"https:\/\/ofertacular.com\/index.php\/wp-json\/wp\/v2\/product_brand?post=8767"},{"taxonomy":"product_cat","embeddable":true,"href":"https:\/\/ofertacular.com\/index.php\/wp-json\/wp\/v2\/product_cat?post=8767"},{"taxonomy":"product_tag","embeddable":true,"href":"https:\/\/ofertacular.com\/index.php\/wp-json\/wp\/v2\/product_tag?post=8767"}],"curies":[{"name":"wp","href":"https:\/\/api.w.org\/{rel}","templated":true}]}}