{"id":8769,"date":"2025-10-30T10:33:03","date_gmt":"2025-10-30T09:33:03","guid":{"rendered":"https:\/\/ofertacular.com\/index.php\/producto\/cerruti-1881\/"},"modified":"2025-10-30T10:33:03","modified_gmt":"2025-10-30T09:33:03","slug":"cerruti-1881","status":"publish","type":"product","link":"https:\/\/ofertacular.com\/index.php\/producto\/cerruti-1881\/","title":{"rendered":"Cerruti 1881"},"content":{"rendered":"<div class=\"oferta-container\">\n<p>\ud83d\udfe5 <b>UNA GANGA<\/b> \ud83d\udfe5 #Publicidad #Amazon #16<\/p>\n<p>\ud83d\udd34 <b>Perfume Cerruti <\/b><\/p>\n<p>\u2705 <b>AHORA 20.1 \u20ac<\/b> \u2714\ufe0f\ud83d\udfe1<\/p>\n<p>\u274c Antes 29.95 \u20ac<\/p>\n<p>\ud83d\uded2: <a href=\"https:\/\/btz.es\/5bgtEAK\" target=\"_blank\" rel=\"nofollow noopener\">https:\/\/btz.es\/5bgtEAK<\/a><\/p>\n<p>Descubre el emblem\u00e1tico perfume Cerruti 1881, una fragancia ic\u00f3nica que fusiona elegancia y sofisticaci\u00f3n. Ideal para quienes buscan una esencia \u00fanica que destaque en cualquier ocasi\u00f3n. Potencia tu estilo con la autenticidad y prestigio que solo Cerruti puede ofrecer. Compra ahora y disfruta de un aroma duradero y cautivador.<\/p>\n<\/p><\/div>\n","protected":false},"excerpt":{"rendered":"<p>\ud83d\udfe5 UNA GANGA \ud83d\udfe5 #Publicidad #Amazon #16 \ud83d\udd34 Perfume Cerruti \u2705 AHORA 20.1 \u20ac \u2714\ufe0f\ud83d\udfe1 \u274c Antes 29.95 \u20ac \ud83d\uded2: https:\/\/btz.es\/5bgtEAK Descubre el emblem\u00e1tico perfume Cerruti 1881, una fragancia ic\u00f3nica que fusiona elegancia y sofisticaci\u00f3n. Ideal para quienes buscan una esencia \u00fanica que destaque en cualquier ocasi\u00f3n. Potencia tu estilo con la autenticidad y prestigio [&hellip;]<\/p>\n","protected":false},"featured_media":8768,"template":"","meta":{"_gspb_post_css":""},"store":[],"product_brand":[],"product_cat":[16],"product_tag":[],"class_list":{"0":"post-8769","1":"product","2":"type-product","3":"status-publish","4":"has-post-thumbnail","6":"product_cat-sin-categorizar","8":"first","9":"instock","10":"sale","11":"shipping-taxable","12":"product-type-external"},"jetpack_sharing_enabled":true,"_links":{"self":[{"href":"https:\/\/ofertacular.com\/index.php\/wp-json\/wp\/v2\/product\/8769","targetHints":{"allow":["GET"]}}],"collection":[{"href":"https:\/\/ofertacular.com\/index.php\/wp-json\/wp\/v2\/product"}],"about":[{"href":"https:\/\/ofertacular.com\/index.php\/wp-json\/wp\/v2\/types\/product"}],"wp:featuredmedia":[{"embeddable":true,"href":"https:\/\/ofertacular.com\/index.php\/wp-json\/wp\/v2\/media\/8768"}],"wp:attachment":[{"href":"https:\/\/ofertacular.com\/index.php\/wp-json\/wp\/v2\/media?parent=8769"}],"wp:term":[{"taxonomy":"store","embeddable":true,"href":"https:\/\/ofertacular.com\/index.php\/wp-json\/wp\/v2\/store?post=8769"},{"taxonomy":"product_brand","embeddable":true,"href":"https:\/\/ofertacular.com\/index.php\/wp-json\/wp\/v2\/product_brand?post=8769"},{"taxonomy":"product_cat","embeddable":true,"href":"https:\/\/ofertacular.com\/index.php\/wp-json\/wp\/v2\/product_cat?post=8769"},{"taxonomy":"product_tag","embeddable":true,"href":"https:\/\/ofertacular.com\/index.php\/wp-json\/wp\/v2\/product_tag?post=8769"}],"curies":[{"name":"wp","href":"https:\/\/api.w.org\/{rel}","templated":true}]}}