{"id":8781,"date":"2025-10-30T11:09:26","date_gmt":"2025-10-30T10:09:26","guid":{"rendered":"https:\/\/ofertacular.com\/index.php\/producto\/vero-moda-camiseta\/"},"modified":"2025-10-30T11:09:26","modified_gmt":"2025-10-30T10:09:26","slug":"vero-moda-camiseta","status":"publish","type":"product","link":"https:\/\/ofertacular.com\/index.php\/producto\/vero-moda-camiseta\/","title":{"rendered":"VERO MODA Camiseta"},"content":{"rendered":"<div class=\"oferta-container\">\n<p>\ud83d\udfe5 <b>\u00a1S\u00d3LO HOY!<\/b> \ud83d\udfe5 #Publicidad #Amazon #16<\/p>\n<p>\ud83d\udd34 <b>Camiseta Vero Moda <\/b><\/p>\n<p>\u2705 <b>AHORA 7.9 \u20ac<\/b> \u2714\ufe0f\ud83d\udfe1<\/p>\n<p>\u274c Antes 11.99 \u20ac<\/p>\n<p>\ud83d\uded2: <a href=\"https:\/\/btz.es\/5bg2OvE\" target=\"_blank\" rel=\"nofollow noopener\">https:\/\/btz.es\/5bg2OvE<\/a><\/p>\n<p>Descubre la elegancia y comodidad de la camiseta Vero Moda, dise\u00f1ada para ofrecer un estilo moderno y vers\u00e1til. Esta camiseta es perfecta para cualquier ocasi\u00f3n, combinando calidad y tendencia en una sola prenda. Su confecci\u00f3n garantiza durabilidad y un ajuste perfecto, ideal para resaltar tu estilo personal. Mejora tu armario con esta pieza imprescindible de Vero Moda y disfruta de una apariencia fresca y actual.<\/p>\n<\/p><\/div>\n","protected":false},"excerpt":{"rendered":"<p>\ud83d\udfe5 \u00a1S\u00d3LO HOY! \ud83d\udfe5 #Publicidad #Amazon #16 \ud83d\udd34 Camiseta Vero Moda \u2705 AHORA 7.9 \u20ac \u2714\ufe0f\ud83d\udfe1 \u274c Antes 11.99 \u20ac \ud83d\uded2: https:\/\/btz.es\/5bg2OvE Descubre la elegancia y comodidad de la camiseta Vero Moda, dise\u00f1ada para ofrecer un estilo moderno y vers\u00e1til. Esta camiseta es perfecta para cualquier ocasi\u00f3n, combinando calidad y tendencia en una sola prenda. [&hellip;]<\/p>\n","protected":false},"featured_media":8780,"template":"","meta":{"_gspb_post_css":""},"store":[],"product_brand":[],"product_cat":[16],"product_tag":[],"class_list":{"0":"post-8781","1":"product","2":"type-product","3":"status-publish","4":"has-post-thumbnail","6":"product_cat-sin-categorizar","8":"first","9":"instock","10":"sale","11":"shipping-taxable","12":"product-type-external"},"jetpack_sharing_enabled":true,"_links":{"self":[{"href":"https:\/\/ofertacular.com\/index.php\/wp-json\/wp\/v2\/product\/8781","targetHints":{"allow":["GET"]}}],"collection":[{"href":"https:\/\/ofertacular.com\/index.php\/wp-json\/wp\/v2\/product"}],"about":[{"href":"https:\/\/ofertacular.com\/index.php\/wp-json\/wp\/v2\/types\/product"}],"wp:featuredmedia":[{"embeddable":true,"href":"https:\/\/ofertacular.com\/index.php\/wp-json\/wp\/v2\/media\/8780"}],"wp:attachment":[{"href":"https:\/\/ofertacular.com\/index.php\/wp-json\/wp\/v2\/media?parent=8781"}],"wp:term":[{"taxonomy":"store","embeddable":true,"href":"https:\/\/ofertacular.com\/index.php\/wp-json\/wp\/v2\/store?post=8781"},{"taxonomy":"product_brand","embeddable":true,"href":"https:\/\/ofertacular.com\/index.php\/wp-json\/wp\/v2\/product_brand?post=8781"},{"taxonomy":"product_cat","embeddable":true,"href":"https:\/\/ofertacular.com\/index.php\/wp-json\/wp\/v2\/product_cat?post=8781"},{"taxonomy":"product_tag","embeddable":true,"href":"https:\/\/ofertacular.com\/index.php\/wp-json\/wp\/v2\/product_tag?post=8781"}],"curies":[{"name":"wp","href":"https:\/\/api.w.org\/{rel}","templated":true}]}}