{"id":8785,"date":"2025-10-30T11:17:57","date_gmt":"2025-10-30T10:17:57","guid":{"rendered":"https:\/\/ofertacular.com\/index.php\/producto\/comida-humeda\/"},"modified":"2025-10-30T11:17:57","modified_gmt":"2025-10-30T10:17:57","slug":"comida-humeda","status":"publish","type":"product","link":"https:\/\/ofertacular.com\/index.php\/producto\/comida-humeda\/","title":{"rendered":"Comida H\u00fameda"},"content":{"rendered":"<div class=\"oferta-container\">\n<p>\ud83d\udfe5 <b>AHORRA AQU\u00cd<\/b> \ud83d\udfe5 #Publicidad #Amazon #16<\/p>\n<p>\ud83d\udd34 <b>Comida H\u00fameda <\/b><\/p>\n<p>\u2705 <b>AHORA 0.9 \u20ac<\/b> \u2714\ufe0f\ud83d\udfe1<\/p>\n<p>\u274c Antes 1.35 \u20ac<\/p>\n<p>\ud83d\uded2: <a href=\"https:\/\/btz.es\/5bg4X6K\" target=\"_blank\" rel=\"nofollow noopener\">https:\/\/btz.es\/5bg4X6K<\/a><\/p>\n<p>Descubre nuestra exquisita comida h\u00fameda para mascotas, elaborada con ingredientes de alta calidad para garantizar una nutrici\u00f3n \u00f3ptima y un sabor irresistible. Perfecta para perros y gatos, esta comida h\u00fameda proporciona hidrataci\u00f3n y todos los nutrientes esenciales que tu mascota necesita para una vida saludable y activa. Ideal para complementar su dieta diaria y promover un pelaje brillante, buena digesti\u00f3n y energ\u00eda constante.<\/p>\n<\/p><\/div>\n","protected":false},"excerpt":{"rendered":"<p>\ud83d\udfe5 AHORRA AQU\u00cd \ud83d\udfe5 #Publicidad #Amazon #16 \ud83d\udd34 Comida H\u00fameda \u2705 AHORA 0.9 \u20ac \u2714\ufe0f\ud83d\udfe1 \u274c Antes 1.35 \u20ac \ud83d\uded2: https:\/\/btz.es\/5bg4X6K Descubre nuestra exquisita comida h\u00fameda para mascotas, elaborada con ingredientes de alta calidad para garantizar una nutrici\u00f3n \u00f3ptima y un sabor irresistible. Perfecta para perros y gatos, esta comida h\u00fameda proporciona hidrataci\u00f3n y todos [&hellip;]<\/p>\n","protected":false},"featured_media":8784,"template":"","meta":{"_gspb_post_css":""},"store":[],"product_brand":[],"product_cat":[16],"product_tag":[],"class_list":{"0":"post-8785","1":"product","2":"type-product","3":"status-publish","4":"has-post-thumbnail","6":"product_cat-sin-categorizar","8":"first","9":"instock","10":"sale","11":"shipping-taxable","12":"product-type-external"},"jetpack_sharing_enabled":true,"_links":{"self":[{"href":"https:\/\/ofertacular.com\/index.php\/wp-json\/wp\/v2\/product\/8785","targetHints":{"allow":["GET"]}}],"collection":[{"href":"https:\/\/ofertacular.com\/index.php\/wp-json\/wp\/v2\/product"}],"about":[{"href":"https:\/\/ofertacular.com\/index.php\/wp-json\/wp\/v2\/types\/product"}],"wp:featuredmedia":[{"embeddable":true,"href":"https:\/\/ofertacular.com\/index.php\/wp-json\/wp\/v2\/media\/8784"}],"wp:attachment":[{"href":"https:\/\/ofertacular.com\/index.php\/wp-json\/wp\/v2\/media?parent=8785"}],"wp:term":[{"taxonomy":"store","embeddable":true,"href":"https:\/\/ofertacular.com\/index.php\/wp-json\/wp\/v2\/store?post=8785"},{"taxonomy":"product_brand","embeddable":true,"href":"https:\/\/ofertacular.com\/index.php\/wp-json\/wp\/v2\/product_brand?post=8785"},{"taxonomy":"product_cat","embeddable":true,"href":"https:\/\/ofertacular.com\/index.php\/wp-json\/wp\/v2\/product_cat?post=8785"},{"taxonomy":"product_tag","embeddable":true,"href":"https:\/\/ofertacular.com\/index.php\/wp-json\/wp\/v2\/product_tag?post=8785"}],"curies":[{"name":"wp","href":"https:\/\/api.w.org\/{rel}","templated":true}]}}