{"id":8791,"date":"2025-10-30T11:25:10","date_gmt":"2025-10-30T10:25:10","guid":{"rendered":"https:\/\/ofertacular.com\/index.php\/producto\/asics-sneakers\/"},"modified":"2025-10-30T11:25:10","modified_gmt":"2025-10-30T10:25:10","slug":"asics-sneakers","status":"publish","type":"product","link":"https:\/\/ofertacular.com\/index.php\/producto\/asics-sneakers\/","title":{"rendered":"ASICS Sneakers"},"content":{"rendered":"<div class=\"oferta-container\">\n<p>\ud83d\udfe5 <b>REBAJA<\/b> \ud83d\udfe5 #Publicidad #Amazon #16<\/p>\n<p>\ud83d\udd34 <b>Sneakers ASICS <\/b><\/p>\n<p>\u2705 <b>AHORA 69.95 \u20ac<\/b> \u2714\ufe0f\ud83d\udfe1<\/p>\n<p>\u274c Antes 100.00 \u20ac<\/p>\n<p>\ud83d\uded2: <a href=\"https:\/\/btz.es\/5bg6Mlq\" target=\"_blank\" rel=\"nofollow noopener\">https:\/\/btz.es\/5bg6Mlq<\/a><\/p>\n<p>Descubre las sneakers ASICS, dise\u00f1adas para ofrecer comodidad y estilo en cada paso. Perfectas para actividades deportivas y uso diario, combinan tecnolog\u00eda avanzada y durabilidad. Elige calidad y rendimiento con ASICS, la marca l\u00edder en calzado deportivo que garantiza versatilidad y tendencia en tus looks.<\/p>\n<\/p><\/div>\n","protected":false},"excerpt":{"rendered":"<p>\ud83d\udfe5 REBAJA \ud83d\udfe5 #Publicidad #Amazon #16 \ud83d\udd34 Sneakers ASICS \u2705 AHORA 69.95 \u20ac \u2714\ufe0f\ud83d\udfe1 \u274c Antes 100.00 \u20ac \ud83d\uded2: https:\/\/btz.es\/5bg6Mlq Descubre las sneakers ASICS, dise\u00f1adas para ofrecer comodidad y estilo en cada paso. Perfectas para actividades deportivas y uso diario, combinan tecnolog\u00eda avanzada y durabilidad. Elige calidad y rendimiento con ASICS, la marca l\u00edder en [&hellip;]<\/p>\n","protected":false},"featured_media":8790,"template":"","meta":{"_gspb_post_css":""},"store":[],"product_brand":[],"product_cat":[16],"product_tag":[],"class_list":{"0":"post-8791","1":"product","2":"type-product","3":"status-publish","4":"has-post-thumbnail","6":"product_cat-sin-categorizar","8":"first","9":"instock","10":"sale","11":"shipping-taxable","12":"product-type-external"},"jetpack_sharing_enabled":true,"_links":{"self":[{"href":"https:\/\/ofertacular.com\/index.php\/wp-json\/wp\/v2\/product\/8791","targetHints":{"allow":["GET"]}}],"collection":[{"href":"https:\/\/ofertacular.com\/index.php\/wp-json\/wp\/v2\/product"}],"about":[{"href":"https:\/\/ofertacular.com\/index.php\/wp-json\/wp\/v2\/types\/product"}],"wp:featuredmedia":[{"embeddable":true,"href":"https:\/\/ofertacular.com\/index.php\/wp-json\/wp\/v2\/media\/8790"}],"wp:attachment":[{"href":"https:\/\/ofertacular.com\/index.php\/wp-json\/wp\/v2\/media?parent=8791"}],"wp:term":[{"taxonomy":"store","embeddable":true,"href":"https:\/\/ofertacular.com\/index.php\/wp-json\/wp\/v2\/store?post=8791"},{"taxonomy":"product_brand","embeddable":true,"href":"https:\/\/ofertacular.com\/index.php\/wp-json\/wp\/v2\/product_brand?post=8791"},{"taxonomy":"product_cat","embeddable":true,"href":"https:\/\/ofertacular.com\/index.php\/wp-json\/wp\/v2\/product_cat?post=8791"},{"taxonomy":"product_tag","embeddable":true,"href":"https:\/\/ofertacular.com\/index.php\/wp-json\/wp\/v2\/product_tag?post=8791"}],"curies":[{"name":"wp","href":"https:\/\/api.w.org\/{rel}","templated":true}]}}