{"id":8797,"date":"2025-10-30T11:35:31","date_gmt":"2025-10-30T10:35:31","guid":{"rendered":"https:\/\/ofertacular.com\/index.php\/producto\/frixion-ball-2\/"},"modified":"2025-10-30T11:35:31","modified_gmt":"2025-10-30T10:35:31","slug":"frixion-ball-2","status":"publish","type":"product","link":"https:\/\/ofertacular.com\/index.php\/producto\/frixion-ball-2\/","title":{"rendered":"Frixion Ball"},"content":{"rendered":"<div class=\"oferta-container\">\n<p>\ud83d\udfe5 <b>REBAJA<\/b> \ud83d\udfe5 #Publicidad #Amazon #16<\/p>\n<p>\ud83d\udd34 <b>Bol\u00edgrafo Frixion <\/b><\/p>\n<p>\u2705 <b>AHORA 7.69 \u20ac<\/b> \u2714\ufe0f\ud83d\udfe1<\/p>\n<p>\u274c Antes 14.91 \u20ac<\/p>\n<p>\ud83d\uded2: <a href=\"https:\/\/btz.es\/5bg9xEh\" target=\"_blank\" rel=\"nofollow noopener\">https:\/\/btz.es\/5bg9xEh<\/a><\/p>\n<p>Descubre el Bol\u00edgrafo Frixion de Pilot, la herramienta de escritura innovadora que combina precisi\u00f3n y borrado f\u00e1cil sin dejar rastro. Perfecto para profesionales y estudiantes que buscan calidad, comodidad y versatilidad en cada trazo. Optimiza tu experiencia de escritura con tecnolog\u00eda avanzada que garantiza resultados impecables en cualquier proyecto.<\/p>\n<\/p><\/div>\n","protected":false},"excerpt":{"rendered":"<p>\ud83d\udfe5 REBAJA \ud83d\udfe5 #Publicidad #Amazon #16 \ud83d\udd34 Bol\u00edgrafo Frixion \u2705 AHORA 7.69 \u20ac \u2714\ufe0f\ud83d\udfe1 \u274c Antes 14.91 \u20ac \ud83d\uded2: https:\/\/btz.es\/5bg9xEh Descubre el Bol\u00edgrafo Frixion de Pilot, la herramienta de escritura innovadora que combina precisi\u00f3n y borrado f\u00e1cil sin dejar rastro. Perfecto para profesionales y estudiantes que buscan calidad, comodidad y versatilidad en cada trazo. Optimiza [&hellip;]<\/p>\n","protected":false},"featured_media":8796,"template":"","meta":{"_gspb_post_css":""},"store":[],"product_brand":[],"product_cat":[16],"product_tag":[],"class_list":{"0":"post-8797","1":"product","2":"type-product","3":"status-publish","4":"has-post-thumbnail","6":"product_cat-sin-categorizar","8":"first","9":"instock","10":"sale","11":"shipping-taxable","12":"product-type-external"},"jetpack_sharing_enabled":true,"_links":{"self":[{"href":"https:\/\/ofertacular.com\/index.php\/wp-json\/wp\/v2\/product\/8797","targetHints":{"allow":["GET"]}}],"collection":[{"href":"https:\/\/ofertacular.com\/index.php\/wp-json\/wp\/v2\/product"}],"about":[{"href":"https:\/\/ofertacular.com\/index.php\/wp-json\/wp\/v2\/types\/product"}],"wp:featuredmedia":[{"embeddable":true,"href":"https:\/\/ofertacular.com\/index.php\/wp-json\/wp\/v2\/media\/8796"}],"wp:attachment":[{"href":"https:\/\/ofertacular.com\/index.php\/wp-json\/wp\/v2\/media?parent=8797"}],"wp:term":[{"taxonomy":"store","embeddable":true,"href":"https:\/\/ofertacular.com\/index.php\/wp-json\/wp\/v2\/store?post=8797"},{"taxonomy":"product_brand","embeddable":true,"href":"https:\/\/ofertacular.com\/index.php\/wp-json\/wp\/v2\/product_brand?post=8797"},{"taxonomy":"product_cat","embeddable":true,"href":"https:\/\/ofertacular.com\/index.php\/wp-json\/wp\/v2\/product_cat?post=8797"},{"taxonomy":"product_tag","embeddable":true,"href":"https:\/\/ofertacular.com\/index.php\/wp-json\/wp\/v2\/product_tag?post=8797"}],"curies":[{"name":"wp","href":"https:\/\/api.w.org\/{rel}","templated":true}]}}