{"id":8799,"date":"2025-10-31T07:49:00","date_gmt":"2025-10-31T06:49:00","guid":{"rendered":"https:\/\/ofertacular.com\/index.php\/producto\/philips-smart-tv-3\/"},"modified":"2025-10-31T07:49:00","modified_gmt":"2025-10-31T06:49:00","slug":"philips-smart-tv-3","status":"publish","type":"product","link":"https:\/\/ofertacular.com\/index.php\/producto\/philips-smart-tv-3\/","title":{"rendered":"Philips Smart TV"},"content":{"rendered":"<div class=\"oferta-container\">\n<p>\ud83d\udfe5 <b>\u00a1APROVECHA!<\/b> \ud83d\udfe5 #Publicidad #Amazon #16<\/p>\n<p>\ud83d\udd34 <b>Smart TV <\/b><\/p>\n<p>\u2705 <b>AHORA 499 \u20ac<\/b> \u2714\ufe0f\ud83d\udfe1<\/p>\n<p>\u274c Antes 799.00 \u20ac<\/p>\n<p>\ud83d\uded2: <a href=\"https:\/\/btz.es\/5bl4S6v\" target=\"_blank\" rel=\"nofollow noopener\">https:\/\/btz.es\/5bl4S6v<\/a><\/p>\n<p>Descubre la mejor experiencia visual con el Smart TV Philips, dise\u00f1ado para ofrecer im\u00e1genes n\u00edtidas y colores vibrantes. Perfecto para streaming, juegos y entretenimiento en casa, este televisor inteligente combina tecnolog\u00eda avanzada y facilidad de uso para transformar tu sala de estar.<\/p>\n<\/p><\/div>\n","protected":false},"excerpt":{"rendered":"<p>\ud83d\udfe5 \u00a1APROVECHA! \ud83d\udfe5 #Publicidad #Amazon #16 \ud83d\udd34 Smart TV \u2705 AHORA 499 \u20ac \u2714\ufe0f\ud83d\udfe1 \u274c Antes 799.00 \u20ac \ud83d\uded2: https:\/\/btz.es\/5bl4S6v Descubre la mejor experiencia visual con el Smart TV Philips, dise\u00f1ado para ofrecer im\u00e1genes n\u00edtidas y colores vibrantes. Perfecto para streaming, juegos y entretenimiento en casa, este televisor inteligente combina tecnolog\u00eda avanzada y facilidad de [&hellip;]<\/p>\n","protected":false},"featured_media":8798,"template":"","meta":{"_gspb_post_css":""},"store":[],"product_brand":[],"product_cat":[16],"product_tag":[],"class_list":{"0":"post-8799","1":"product","2":"type-product","3":"status-publish","4":"has-post-thumbnail","6":"product_cat-sin-categorizar","8":"first","9":"instock","10":"sale","11":"shipping-taxable","12":"product-type-external"},"jetpack_sharing_enabled":true,"_links":{"self":[{"href":"https:\/\/ofertacular.com\/index.php\/wp-json\/wp\/v2\/product\/8799","targetHints":{"allow":["GET"]}}],"collection":[{"href":"https:\/\/ofertacular.com\/index.php\/wp-json\/wp\/v2\/product"}],"about":[{"href":"https:\/\/ofertacular.com\/index.php\/wp-json\/wp\/v2\/types\/product"}],"wp:featuredmedia":[{"embeddable":true,"href":"https:\/\/ofertacular.com\/index.php\/wp-json\/wp\/v2\/media\/8798"}],"wp:attachment":[{"href":"https:\/\/ofertacular.com\/index.php\/wp-json\/wp\/v2\/media?parent=8799"}],"wp:term":[{"taxonomy":"store","embeddable":true,"href":"https:\/\/ofertacular.com\/index.php\/wp-json\/wp\/v2\/store?post=8799"},{"taxonomy":"product_brand","embeddable":true,"href":"https:\/\/ofertacular.com\/index.php\/wp-json\/wp\/v2\/product_brand?post=8799"},{"taxonomy":"product_cat","embeddable":true,"href":"https:\/\/ofertacular.com\/index.php\/wp-json\/wp\/v2\/product_cat?post=8799"},{"taxonomy":"product_tag","embeddable":true,"href":"https:\/\/ofertacular.com\/index.php\/wp-json\/wp\/v2\/product_tag?post=8799"}],"curies":[{"name":"wp","href":"https:\/\/api.w.org\/{rel}","templated":true}]}}