{"id":8801,"date":"2025-10-31T07:54:39","date_gmt":"2025-10-31T06:54:39","guid":{"rendered":"https:\/\/ofertacular.com\/index.php\/producto\/mini-chupa-chups\/"},"modified":"2025-10-31T07:54:39","modified_gmt":"2025-10-31T06:54:39","slug":"mini-chupa-chups","status":"publish","type":"product","link":"https:\/\/ofertacular.com\/index.php\/producto\/mini-chupa-chups\/","title":{"rendered":"Mini Chupa Chups"},"content":{"rendered":"<div class=\"oferta-container\">\n<p>\ud83d\udfe5 <b>\u00a1S\u00d3LO HOY!<\/b> \ud83d\udfe5 #Publicidad #Amazon #16<\/p>\n<p>\ud83d\udd34 <b>Chupa Chups <\/b><\/p>\n<p>\u2705 <b>AHORA 6.15 \u20ac<\/b> \u2714\ufe0f\ud83d\udfe1<\/p>\n<p>\u274c Antes 6.60 \u20ac<\/p>\n<p>\ud83d\uded2: <a href=\"https:\/\/btz.es\/5bl6sUz\" target=\"_blank\" rel=\"nofollow noopener\">https:\/\/btz.es\/5bl6sUz<\/a><\/p>\n<p>Disfruta del aut\u00e9ntico sabor y la diversi\u00f3n con Mini Chupa Chups, los cl\u00e1sicos caramelos en miniatura que deleitan a ni\u00f1os y adultos por igual. Cada chupachups ofrece una explosi\u00f3n de sabor irresistible, perfecto para cualquier ocasi\u00f3n y f\u00e1cil de llevar contigo. Ideal para compartir o para darte un dulce capricho, estos caramelos son el complemento perfecto para tu d\u00eda a d\u00eda. \u00a1Haz que cada momento sea especial con Mini Chupa Chups!<\/p>\n<\/p><\/div>\n","protected":false},"excerpt":{"rendered":"<p>\ud83d\udfe5 \u00a1S\u00d3LO HOY! \ud83d\udfe5 #Publicidad #Amazon #16 \ud83d\udd34 Chupa Chups \u2705 AHORA 6.15 \u20ac \u2714\ufe0f\ud83d\udfe1 \u274c Antes 6.60 \u20ac \ud83d\uded2: https:\/\/btz.es\/5bl6sUz Disfruta del aut\u00e9ntico sabor y la diversi\u00f3n con Mini Chupa Chups, los cl\u00e1sicos caramelos en miniatura que deleitan a ni\u00f1os y adultos por igual. Cada chupachups ofrece una explosi\u00f3n de sabor irresistible, perfecto para [&hellip;]<\/p>\n","protected":false},"featured_media":8800,"template":"","meta":{"_gspb_post_css":""},"store":[],"product_brand":[],"product_cat":[16],"product_tag":[],"class_list":{"0":"post-8801","1":"product","2":"type-product","3":"status-publish","4":"has-post-thumbnail","6":"product_cat-sin-categorizar","8":"first","9":"instock","10":"sale","11":"shipping-taxable","12":"product-type-external"},"jetpack_sharing_enabled":true,"_links":{"self":[{"href":"https:\/\/ofertacular.com\/index.php\/wp-json\/wp\/v2\/product\/8801","targetHints":{"allow":["GET"]}}],"collection":[{"href":"https:\/\/ofertacular.com\/index.php\/wp-json\/wp\/v2\/product"}],"about":[{"href":"https:\/\/ofertacular.com\/index.php\/wp-json\/wp\/v2\/types\/product"}],"wp:featuredmedia":[{"embeddable":true,"href":"https:\/\/ofertacular.com\/index.php\/wp-json\/wp\/v2\/media\/8800"}],"wp:attachment":[{"href":"https:\/\/ofertacular.com\/index.php\/wp-json\/wp\/v2\/media?parent=8801"}],"wp:term":[{"taxonomy":"store","embeddable":true,"href":"https:\/\/ofertacular.com\/index.php\/wp-json\/wp\/v2\/store?post=8801"},{"taxonomy":"product_brand","embeddable":true,"href":"https:\/\/ofertacular.com\/index.php\/wp-json\/wp\/v2\/product_brand?post=8801"},{"taxonomy":"product_cat","embeddable":true,"href":"https:\/\/ofertacular.com\/index.php\/wp-json\/wp\/v2\/product_cat?post=8801"},{"taxonomy":"product_tag","embeddable":true,"href":"https:\/\/ofertacular.com\/index.php\/wp-json\/wp\/v2\/product_tag?post=8801"}],"curies":[{"name":"wp","href":"https:\/\/api.w.org\/{rel}","templated":true}]}}