{"id":8805,"date":"2025-10-31T08:35:05","date_gmt":"2025-10-31T07:35:05","guid":{"rendered":"https:\/\/ofertacular.com\/index.php\/producto\/candy-termo-electrico\/"},"modified":"2025-10-31T08:35:05","modified_gmt":"2025-10-31T07:35:05","slug":"candy-termo-electrico","status":"publish","type":"product","link":"https:\/\/ofertacular.com\/index.php\/producto\/candy-termo-electrico\/","title":{"rendered":"Candy Termo El\u00e9ctrico"},"content":{"rendered":"<div class=\"oferta-container\">\n<p>\ud83d\udfe5 <b>\u00a1GANGAZO!<\/b> \ud83d\udfe5 #Publicidad #Amazon #16<\/p>\n<p>\ud83d\udd34 <b>Termo el\u00e9ctrico <\/b><\/p>\n<p>\u2705 <b>AHORA 68.99 \u20ac<\/b> \u2714\ufe0f\ud83d\udfe1<\/p>\n<p>\u274c Antes 119.00 \u20ac<\/p>\n<p>\ud83d\uded2: <a href=\"https:\/\/btz.es\/5blG3Iw\" target=\"_blank\" rel=\"nofollow noopener\">https:\/\/btz.es\/5blG3Iw<\/a><\/p>\n<p>Descubre el Candy Termo El\u00e9ctrico, la soluci\u00f3n eficiente y confiable para tu agua caliente. Con tecnolog\u00eda avanzada y dise\u00f1o compacto, este termo garantiza un calentamiento r\u00e1pido y un rendimiento \u00f3ptimo, ideal para el hogar y oficina. Su instalaci\u00f3n sencilla y bajo consumo energ\u00e9tico lo convierten en la elecci\u00f3n perfecta para quienes buscan confort y ahorro. Optimizado para buscadores, este termo Candy es imprescindible para mejorar tu experiencia diaria con agua caliente.<\/p>\n<\/p><\/div>\n","protected":false},"excerpt":{"rendered":"<p>\ud83d\udfe5 \u00a1GANGAZO! \ud83d\udfe5 #Publicidad #Amazon #16 \ud83d\udd34 Termo el\u00e9ctrico \u2705 AHORA 68.99 \u20ac \u2714\ufe0f\ud83d\udfe1 \u274c Antes 119.00 \u20ac \ud83d\uded2: https:\/\/btz.es\/5blG3Iw Descubre el Candy Termo El\u00e9ctrico, la soluci\u00f3n eficiente y confiable para tu agua caliente. Con tecnolog\u00eda avanzada y dise\u00f1o compacto, este termo garantiza un calentamiento r\u00e1pido y un rendimiento \u00f3ptimo, ideal para el hogar y [&hellip;]<\/p>\n","protected":false},"featured_media":8804,"template":"","meta":{"_gspb_post_css":""},"store":[],"product_brand":[],"product_cat":[16],"product_tag":[],"class_list":{"0":"post-8805","1":"product","2":"type-product","3":"status-publish","4":"has-post-thumbnail","6":"product_cat-sin-categorizar","8":"first","9":"instock","10":"sale","11":"shipping-taxable","12":"product-type-external"},"jetpack_sharing_enabled":true,"_links":{"self":[{"href":"https:\/\/ofertacular.com\/index.php\/wp-json\/wp\/v2\/product\/8805","targetHints":{"allow":["GET"]}}],"collection":[{"href":"https:\/\/ofertacular.com\/index.php\/wp-json\/wp\/v2\/product"}],"about":[{"href":"https:\/\/ofertacular.com\/index.php\/wp-json\/wp\/v2\/types\/product"}],"wp:featuredmedia":[{"embeddable":true,"href":"https:\/\/ofertacular.com\/index.php\/wp-json\/wp\/v2\/media\/8804"}],"wp:attachment":[{"href":"https:\/\/ofertacular.com\/index.php\/wp-json\/wp\/v2\/media?parent=8805"}],"wp:term":[{"taxonomy":"store","embeddable":true,"href":"https:\/\/ofertacular.com\/index.php\/wp-json\/wp\/v2\/store?post=8805"},{"taxonomy":"product_brand","embeddable":true,"href":"https:\/\/ofertacular.com\/index.php\/wp-json\/wp\/v2\/product_brand?post=8805"},{"taxonomy":"product_cat","embeddable":true,"href":"https:\/\/ofertacular.com\/index.php\/wp-json\/wp\/v2\/product_cat?post=8805"},{"taxonomy":"product_tag","embeddable":true,"href":"https:\/\/ofertacular.com\/index.php\/wp-json\/wp\/v2\/product_tag?post=8805"}],"curies":[{"name":"wp","href":"https:\/\/api.w.org\/{rel}","templated":true}]}}