{"id":8809,"date":"2025-10-31T12:32:23","date_gmt":"2025-10-31T11:32:23","guid":{"rendered":"https:\/\/ofertacular.com\/index.php\/producto\/pijama-urban\/"},"modified":"2025-10-31T12:32:23","modified_gmt":"2025-10-31T11:32:23","slug":"pijama-urban","status":"publish","type":"product","link":"https:\/\/ofertacular.com\/index.php\/producto\/pijama-urban\/","title":{"rendered":"Pijama Urban"},"content":{"rendered":"<div class=\"oferta-container\">\n<p>\ud83d\udfe5 <b>DESCUENTAZO<\/b> \ud83d\udfe5 #Publicidad #Amazon #16<\/p>\n<p>\ud83d\udd34 <b>Pijama Urban <\/b><\/p>\n<p>\u2705 <b>AHORA 17.99 \u20ac<\/b> \u2714\ufe0f\ud83d\udfe1<\/p>\n<p>\u274c Antes 39.99 \u20ac<\/p>\n<p>\ud83d\uded2: <a href=\"https:\/\/btz.es\/5bmEnY0\" target=\"_blank\" rel=\"nofollow noopener\">https:\/\/btz.es\/5bmEnY0<\/a><\/p>\n<p>Descubre el Pijama Urban, una prenda dise\u00f1ada para ofrecer m\u00e1xima comodidad y estilo durante tus momentos de descanso. Fabricado con materiales de alta calidad, este pijama combina suavidad y durabilidad, ideal para uso nocturno y momentos de relajaci\u00f3n en casa. Su dise\u00f1o moderno y urbano lo convierte en una opci\u00f3n imprescindible para quienes buscan confort sin renunciar a un look contempor\u00e1neo. Optimizado para el p\u00fablico que valora la moda y el bienestar, el Pijama Urban garantiza una experiencia \u00fanica al dormir, mejorando la calidad del descanso.<\/p>\n<\/p><\/div>\n","protected":false},"excerpt":{"rendered":"<p>\ud83d\udfe5 DESCUENTAZO \ud83d\udfe5 #Publicidad #Amazon #16 \ud83d\udd34 Pijama Urban \u2705 AHORA 17.99 \u20ac \u2714\ufe0f\ud83d\udfe1 \u274c Antes 39.99 \u20ac \ud83d\uded2: https:\/\/btz.es\/5bmEnY0 Descubre el Pijama Urban, una prenda dise\u00f1ada para ofrecer m\u00e1xima comodidad y estilo durante tus momentos de descanso. Fabricado con materiales de alta calidad, este pijama combina suavidad y durabilidad, ideal para uso nocturno y [&hellip;]<\/p>\n","protected":false},"featured_media":8808,"template":"","meta":{"_gspb_post_css":""},"store":[],"product_brand":[],"product_cat":[16],"product_tag":[],"class_list":{"0":"post-8809","1":"product","2":"type-product","3":"status-publish","4":"has-post-thumbnail","6":"product_cat-sin-categorizar","8":"first","9":"instock","10":"sale","11":"shipping-taxable","12":"product-type-external"},"jetpack_sharing_enabled":true,"_links":{"self":[{"href":"https:\/\/ofertacular.com\/index.php\/wp-json\/wp\/v2\/product\/8809","targetHints":{"allow":["GET"]}}],"collection":[{"href":"https:\/\/ofertacular.com\/index.php\/wp-json\/wp\/v2\/product"}],"about":[{"href":"https:\/\/ofertacular.com\/index.php\/wp-json\/wp\/v2\/types\/product"}],"wp:featuredmedia":[{"embeddable":true,"href":"https:\/\/ofertacular.com\/index.php\/wp-json\/wp\/v2\/media\/8808"}],"wp:attachment":[{"href":"https:\/\/ofertacular.com\/index.php\/wp-json\/wp\/v2\/media?parent=8809"}],"wp:term":[{"taxonomy":"store","embeddable":true,"href":"https:\/\/ofertacular.com\/index.php\/wp-json\/wp\/v2\/store?post=8809"},{"taxonomy":"product_brand","embeddable":true,"href":"https:\/\/ofertacular.com\/index.php\/wp-json\/wp\/v2\/product_brand?post=8809"},{"taxonomy":"product_cat","embeddable":true,"href":"https:\/\/ofertacular.com\/index.php\/wp-json\/wp\/v2\/product_cat?post=8809"},{"taxonomy":"product_tag","embeddable":true,"href":"https:\/\/ofertacular.com\/index.php\/wp-json\/wp\/v2\/product_tag?post=8809"}],"curies":[{"name":"wp","href":"https:\/\/api.w.org\/{rel}","templated":true}]}}