{"id":8811,"date":"2025-10-31T13:19:08","date_gmt":"2025-10-31T12:19:08","guid":{"rendered":"https:\/\/ofertacular.com\/index.php\/producto\/asics-sneakers-2\/"},"modified":"2025-10-31T13:19:08","modified_gmt":"2025-10-31T12:19:08","slug":"asics-sneakers-2","status":"publish","type":"product","link":"https:\/\/ofertacular.com\/index.php\/producto\/asics-sneakers-2\/","title":{"rendered":"ASICS Sneakers"},"content":{"rendered":"<div class=\"oferta-container\">\n<p>\ud83d\udfe5 <b>INCRE\u00cdBLE<\/b> \ud83d\udfe5 #Publicidad #Amazon #16<\/p>\n<p>\ud83d\udd34 <b>Sneakers ASICS <\/b><\/p>\n<p>\u2705 <b>AHORA 69.95 \u20ac<\/b> \u2714\ufe0f\ud83d\udfe1<\/p>\n<p>\u274c Antes 100.00 \u20ac<\/p>\n<p>\ud83d\uded2: <a href=\"https:\/\/btz.es\/5bmPZ2m\" target=\"_blank\" rel=\"nofollow noopener\">https:\/\/btz.es\/5bmPZ2m<\/a><\/p>\n<p>Descubre las Sneakers ASICS, dise\u00f1adas para ofrecer m\u00e1xima comodidad, durabilidad y estilo. Ideales para deportistas y amantes del calzado casual, estas zapatillas combinan tecnolog\u00eda avanzada y un dise\u00f1o moderno para acompa\u00f1arte en cada paso. Compra ahora las Sneakers ASICS y experimenta el mejor rendimiento y confort con un calzado que destaca en calidad y tendencia.<\/p>\n<\/p><\/div>\n","protected":false},"excerpt":{"rendered":"<p>\ud83d\udfe5 INCRE\u00cdBLE \ud83d\udfe5 #Publicidad #Amazon #16 \ud83d\udd34 Sneakers ASICS \u2705 AHORA 69.95 \u20ac \u2714\ufe0f\ud83d\udfe1 \u274c Antes 100.00 \u20ac \ud83d\uded2: https:\/\/btz.es\/5bmPZ2m Descubre las Sneakers ASICS, dise\u00f1adas para ofrecer m\u00e1xima comodidad, durabilidad y estilo. Ideales para deportistas y amantes del calzado casual, estas zapatillas combinan tecnolog\u00eda avanzada y un dise\u00f1o moderno para acompa\u00f1arte en cada paso. Compra [&hellip;]<\/p>\n","protected":false},"featured_media":8810,"template":"","meta":{"_gspb_post_css":""},"store":[],"product_brand":[],"product_cat":[16],"product_tag":[],"class_list":{"0":"post-8811","1":"product","2":"type-product","3":"status-publish","4":"has-post-thumbnail","6":"product_cat-sin-categorizar","8":"first","9":"instock","10":"sale","11":"shipping-taxable","12":"product-type-external"},"jetpack_sharing_enabled":true,"_links":{"self":[{"href":"https:\/\/ofertacular.com\/index.php\/wp-json\/wp\/v2\/product\/8811","targetHints":{"allow":["GET"]}}],"collection":[{"href":"https:\/\/ofertacular.com\/index.php\/wp-json\/wp\/v2\/product"}],"about":[{"href":"https:\/\/ofertacular.com\/index.php\/wp-json\/wp\/v2\/types\/product"}],"wp:featuredmedia":[{"embeddable":true,"href":"https:\/\/ofertacular.com\/index.php\/wp-json\/wp\/v2\/media\/8810"}],"wp:attachment":[{"href":"https:\/\/ofertacular.com\/index.php\/wp-json\/wp\/v2\/media?parent=8811"}],"wp:term":[{"taxonomy":"store","embeddable":true,"href":"https:\/\/ofertacular.com\/index.php\/wp-json\/wp\/v2\/store?post=8811"},{"taxonomy":"product_brand","embeddable":true,"href":"https:\/\/ofertacular.com\/index.php\/wp-json\/wp\/v2\/product_brand?post=8811"},{"taxonomy":"product_cat","embeddable":true,"href":"https:\/\/ofertacular.com\/index.php\/wp-json\/wp\/v2\/product_cat?post=8811"},{"taxonomy":"product_tag","embeddable":true,"href":"https:\/\/ofertacular.com\/index.php\/wp-json\/wp\/v2\/product_tag?post=8811"}],"curies":[{"name":"wp","href":"https:\/\/api.w.org\/{rel}","templated":true}]}}