{"id":8821,"date":"2025-11-01T07:18:33","date_gmt":"2025-11-01T06:18:33","guid":{"rendered":"https:\/\/ofertacular.com\/index.php\/producto\/milan-cuaderno\/"},"modified":"2025-11-01T07:18:33","modified_gmt":"2025-11-01T06:18:33","slug":"milan-cuaderno","status":"publish","type":"product","link":"https:\/\/ofertacular.com\/index.php\/producto\/milan-cuaderno\/","title":{"rendered":"MILAN Cuaderno"},"content":{"rendered":"<div class=\"oferta-container\">\n<p>\ud83d\udfe5 <b>EXCLUSIVO<\/b> \ud83d\udfe5 #Publicidad #Amazon #16<\/p>\n<p>\ud83d\udd34 <b>Cuaderno escolar <\/b><\/p>\n<p>\u2705 <b>AHORA 2.55 \u20ac<\/b> \u2714\ufe0f\ud83d\udfe1<\/p>\n<p>\u274c Antes 4.25 \u20ac<\/p>\n<p>\ud83d\uded2: <a href=\"https:\/\/btz.es\/5brnJIP\" target=\"_blank\" rel=\"nofollow noopener\">https:\/\/btz.es\/5brnJIP<\/a><\/p>\n<p>Descubre el cuaderno Milan, perfecto para estudiantes y profesionales que buscan calidad y dise\u00f1o en un solo producto. Su papel de alta calidad garantiza una escritura suave y sin manchas, ideal para tomar apuntes, hacer bocetos o planificar tus proyectos. Compacto y resistente, este cuaderno Milan es la elecci\u00f3n ideal para organizar tu d\u00eda a d\u00eda con estilo y funcionalidad. Aprovecha su durabilidad y comodidad en cada p\u00e1gina, posicion\u00e1ndote siempre como un experto en productividad y creatividad.<\/p>\n<\/p><\/div>\n","protected":false},"excerpt":{"rendered":"<p>\ud83d\udfe5 EXCLUSIVO \ud83d\udfe5 #Publicidad #Amazon #16 \ud83d\udd34 Cuaderno escolar \u2705 AHORA 2.55 \u20ac \u2714\ufe0f\ud83d\udfe1 \u274c Antes 4.25 \u20ac \ud83d\uded2: https:\/\/btz.es\/5brnJIP Descubre el cuaderno Milan, perfecto para estudiantes y profesionales que buscan calidad y dise\u00f1o en un solo producto. Su papel de alta calidad garantiza una escritura suave y sin manchas, ideal para tomar apuntes, hacer [&hellip;]<\/p>\n","protected":false},"featured_media":8820,"template":"","meta":{"_gspb_post_css":""},"store":[],"product_brand":[],"product_cat":[16],"product_tag":[],"class_list":{"0":"post-8821","1":"product","2":"type-product","3":"status-publish","4":"has-post-thumbnail","6":"product_cat-sin-categorizar","8":"first","9":"instock","10":"sale","11":"shipping-taxable","12":"product-type-external"},"jetpack_sharing_enabled":true,"_links":{"self":[{"href":"https:\/\/ofertacular.com\/index.php\/wp-json\/wp\/v2\/product\/8821","targetHints":{"allow":["GET"]}}],"collection":[{"href":"https:\/\/ofertacular.com\/index.php\/wp-json\/wp\/v2\/product"}],"about":[{"href":"https:\/\/ofertacular.com\/index.php\/wp-json\/wp\/v2\/types\/product"}],"wp:featuredmedia":[{"embeddable":true,"href":"https:\/\/ofertacular.com\/index.php\/wp-json\/wp\/v2\/media\/8820"}],"wp:attachment":[{"href":"https:\/\/ofertacular.com\/index.php\/wp-json\/wp\/v2\/media?parent=8821"}],"wp:term":[{"taxonomy":"store","embeddable":true,"href":"https:\/\/ofertacular.com\/index.php\/wp-json\/wp\/v2\/store?post=8821"},{"taxonomy":"product_brand","embeddable":true,"href":"https:\/\/ofertacular.com\/index.php\/wp-json\/wp\/v2\/product_brand?post=8821"},{"taxonomy":"product_cat","embeddable":true,"href":"https:\/\/ofertacular.com\/index.php\/wp-json\/wp\/v2\/product_cat?post=8821"},{"taxonomy":"product_tag","embeddable":true,"href":"https:\/\/ofertacular.com\/index.php\/wp-json\/wp\/v2\/product_tag?post=8821"}],"curies":[{"name":"wp","href":"https:\/\/api.w.org\/{rel}","templated":true}]}}