{"id":8827,"date":"2025-11-01T07:38:16","date_gmt":"2025-11-01T06:38:16","guid":{"rendered":"https:\/\/ofertacular.com\/index.php\/producto\/miracle-sippy\/"},"modified":"2025-11-01T07:38:16","modified_gmt":"2025-11-01T06:38:16","slug":"miracle-sippy","status":"publish","type":"product","link":"https:\/\/ofertacular.com\/index.php\/producto\/miracle-sippy\/","title":{"rendered":"Miracle Sippy"},"content":{"rendered":"<div class=\"oferta-container\">\n<p>\ud83d\udfe5 <b>\u00a1APROVECHA!<\/b> \ud83d\udfe5 #Publicidad #Amazon #16<\/p>\n<p>\ud83d\udd34 <b>Vaso Infantil <\/b><\/p>\n<p>\u2705 <b>AHORA 4.82 \u20ac<\/b> \u2714\ufe0f\ud83d\udfe1<\/p>\n<p>\u274c Antes 16.99 \u20ac<\/p>\n<p>\ud83d\uded2: <a href=\"https:\/\/btz.es\/5brsH5Q\" target=\"_blank\" rel=\"nofollow noopener\">https:\/\/btz.es\/5brsH5Q<\/a><\/p>\n<p>Descubre el vaso infantil Miracle Sippy, dise\u00f1ado para proporcionar comodidad y seguridad a los m\u00e1s peque\u00f1os durante sus primeras etapas de alimentaci\u00f3n. Con un dise\u00f1o ergon\u00f3mico y materiales libres de BPA, este vaso facilita la transici\u00f3n del biber\u00f3n al vaso, promoviendo la autonom\u00eda de los ni\u00f1os. Ideal para uso diario, resistente y f\u00e1cil de limpiar, el Miracle Sippy es el compa\u00f1ero perfecto para el crecimiento saludable de tu hijo.<\/p>\n<\/p><\/div>\n","protected":false},"excerpt":{"rendered":"<p>\ud83d\udfe5 \u00a1APROVECHA! \ud83d\udfe5 #Publicidad #Amazon #16 \ud83d\udd34 Vaso Infantil \u2705 AHORA 4.82 \u20ac \u2714\ufe0f\ud83d\udfe1 \u274c Antes 16.99 \u20ac \ud83d\uded2: https:\/\/btz.es\/5brsH5Q Descubre el vaso infantil Miracle Sippy, dise\u00f1ado para proporcionar comodidad y seguridad a los m\u00e1s peque\u00f1os durante sus primeras etapas de alimentaci\u00f3n. Con un dise\u00f1o ergon\u00f3mico y materiales libres de BPA, este vaso facilita la [&hellip;]<\/p>\n","protected":false},"featured_media":8826,"template":"","meta":{"_gspb_post_css":""},"store":[],"product_brand":[],"product_cat":[16],"product_tag":[],"class_list":{"0":"post-8827","1":"product","2":"type-product","3":"status-publish","4":"has-post-thumbnail","6":"product_cat-sin-categorizar","8":"first","9":"instock","10":"sale","11":"shipping-taxable","12":"product-type-external"},"jetpack_sharing_enabled":true,"_links":{"self":[{"href":"https:\/\/ofertacular.com\/index.php\/wp-json\/wp\/v2\/product\/8827","targetHints":{"allow":["GET"]}}],"collection":[{"href":"https:\/\/ofertacular.com\/index.php\/wp-json\/wp\/v2\/product"}],"about":[{"href":"https:\/\/ofertacular.com\/index.php\/wp-json\/wp\/v2\/types\/product"}],"wp:featuredmedia":[{"embeddable":true,"href":"https:\/\/ofertacular.com\/index.php\/wp-json\/wp\/v2\/media\/8826"}],"wp:attachment":[{"href":"https:\/\/ofertacular.com\/index.php\/wp-json\/wp\/v2\/media?parent=8827"}],"wp:term":[{"taxonomy":"store","embeddable":true,"href":"https:\/\/ofertacular.com\/index.php\/wp-json\/wp\/v2\/store?post=8827"},{"taxonomy":"product_brand","embeddable":true,"href":"https:\/\/ofertacular.com\/index.php\/wp-json\/wp\/v2\/product_brand?post=8827"},{"taxonomy":"product_cat","embeddable":true,"href":"https:\/\/ofertacular.com\/index.php\/wp-json\/wp\/v2\/product_cat?post=8827"},{"taxonomy":"product_tag","embeddable":true,"href":"https:\/\/ofertacular.com\/index.php\/wp-json\/wp\/v2\/product_tag?post=8827"}],"curies":[{"name":"wp","href":"https:\/\/api.w.org\/{rel}","templated":true}]}}