{"id":8835,"date":"2025-11-01T07:47:45","date_gmt":"2025-11-01T06:47:45","guid":{"rendered":"https:\/\/ofertacular.com\/index.php\/producto\/bascula-digital-3\/"},"modified":"2025-11-01T07:47:45","modified_gmt":"2025-11-01T06:47:45","slug":"bascula-digital-3","status":"publish","type":"product","link":"https:\/\/ofertacular.com\/index.php\/producto\/bascula-digital-3\/","title":{"rendered":"B\u00e1scula Digital"},"content":{"rendered":"<div class=\"oferta-container\">\n<p>\ud83d\udfe5 <b>\u00a1NO TE LA PIERDAS!<\/b> \ud83d\udfe5 #Publicidad #Amazon #16<\/p>\n<p>\ud83d\udd34 <b>B\u00e1scula digital <\/b><\/p>\n<p>\u2705 <b>AHORA 9.99 \u20ac<\/b> \u2714\ufe0f\ud83d\udfe1<\/p>\n<p>\u274c Antes 19.99 \u20ac<\/p>\n<p>\ud83d\uded2: <a href=\"https:\/\/btz.es\/5brvf5W\" target=\"_blank\" rel=\"nofollow noopener\">https:\/\/btz.es\/5brvf5W<\/a><\/p>\n<p>Descubre la precisi\u00f3n y comodidad de nuestra b\u00e1scula digital, dise\u00f1ada para brindarte resultados fiables y r\u00e1pidos. Ideal para uso en el hogar o en cualquier espacio, su dise\u00f1o moderno y pantalla clara facilitan el seguimiento de tu peso de forma sencilla. Optimizada para mejorar tu salud y bienestar, esta b\u00e1scula es tu aliada perfecta para mantener un control exacto de tu peso corporal.<\/p>\n<\/p><\/div>\n","protected":false},"excerpt":{"rendered":"<p>\ud83d\udfe5 \u00a1NO TE LA PIERDAS! \ud83d\udfe5 #Publicidad #Amazon #16 \ud83d\udd34 B\u00e1scula digital \u2705 AHORA 9.99 \u20ac \u2714\ufe0f\ud83d\udfe1 \u274c Antes 19.99 \u20ac \ud83d\uded2: https:\/\/btz.es\/5brvf5W Descubre la precisi\u00f3n y comodidad de nuestra b\u00e1scula digital, dise\u00f1ada para brindarte resultados fiables y r\u00e1pidos. Ideal para uso en el hogar o en cualquier espacio, su dise\u00f1o moderno y pantalla clara [&hellip;]<\/p>\n","protected":false},"featured_media":8834,"template":"","meta":{"_gspb_post_css":""},"store":[],"product_brand":[],"product_cat":[16],"product_tag":[],"class_list":{"0":"post-8835","1":"product","2":"type-product","3":"status-publish","4":"has-post-thumbnail","6":"product_cat-sin-categorizar","8":"first","9":"instock","10":"sale","11":"shipping-taxable","12":"product-type-external"},"jetpack_sharing_enabled":true,"_links":{"self":[{"href":"https:\/\/ofertacular.com\/index.php\/wp-json\/wp\/v2\/product\/8835","targetHints":{"allow":["GET"]}}],"collection":[{"href":"https:\/\/ofertacular.com\/index.php\/wp-json\/wp\/v2\/product"}],"about":[{"href":"https:\/\/ofertacular.com\/index.php\/wp-json\/wp\/v2\/types\/product"}],"wp:featuredmedia":[{"embeddable":true,"href":"https:\/\/ofertacular.com\/index.php\/wp-json\/wp\/v2\/media\/8834"}],"wp:attachment":[{"href":"https:\/\/ofertacular.com\/index.php\/wp-json\/wp\/v2\/media?parent=8835"}],"wp:term":[{"taxonomy":"store","embeddable":true,"href":"https:\/\/ofertacular.com\/index.php\/wp-json\/wp\/v2\/store?post=8835"},{"taxonomy":"product_brand","embeddable":true,"href":"https:\/\/ofertacular.com\/index.php\/wp-json\/wp\/v2\/product_brand?post=8835"},{"taxonomy":"product_cat","embeddable":true,"href":"https:\/\/ofertacular.com\/index.php\/wp-json\/wp\/v2\/product_cat?post=8835"},{"taxonomy":"product_tag","embeddable":true,"href":"https:\/\/ofertacular.com\/index.php\/wp-json\/wp\/v2\/product_tag?post=8835"}],"curies":[{"name":"wp","href":"https:\/\/api.w.org\/{rel}","templated":true}]}}