{"id":8879,"date":"2025-11-03T09:00:59","date_gmt":"2025-11-03T08:00:59","guid":{"rendered":"https:\/\/ofertacular.com\/index.php\/producto\/chaqueta-acolchada\/"},"modified":"2025-11-03T09:00:59","modified_gmt":"2025-11-03T08:00:59","slug":"chaqueta-acolchada","status":"publish","type":"product","link":"https:\/\/ofertacular.com\/index.php\/producto\/chaqueta-acolchada\/","title":{"rendered":"Chaqueta Acolchada"},"content":{"rendered":"<div class=\"oferta-container\">\n<p>\ud83d\udfe5 <b>EXCLUSIVO<\/b> \ud83d\udfe5 #Publicidad #Amazon #16<\/p>\n<p>\ud83d\udd34 <b>Chaqueta Acolchada <\/b><\/p>\n<p>\u2705 <b>AHORA 29.9 \u20ac<\/b> \u2714\ufe0f\ud83d\udfe1<\/p>\n<p>\u274c Antes 38.00 \u20ac<\/p>\n<p>\ud83d\uded2: <a href=\"https:\/\/btz.es\/5b3u9VB\" target=\"_blank\" rel=\"nofollow noopener\">https:\/\/btz.es\/5b3u9VB<\/a><\/p>\n<p>Descubre la comodidad y estilo insuperable de nuestra chaqueta acolchada, dise\u00f1ada para ofrecer m\u00e1xima protecci\u00f3n t\u00e9rmica y adaptaci\u00f3n al cuerpo. Perfecta para todas las temporadas, su confecci\u00f3n de alta calidad garantiza durabilidad y un ajuste impecable. Ideal para quienes buscan una prenda vers\u00e1til que combine funcionalidad y moda, esta chaqueta acolchada es imprescindible en tu guardarropa. Aprovecha ahora y luce sofisticado con la mejor chaqueta acogedora del mercado.<\/p>\n<\/p><\/div>\n","protected":false},"excerpt":{"rendered":"<p>\ud83d\udfe5 EXCLUSIVO \ud83d\udfe5 #Publicidad #Amazon #16 \ud83d\udd34 Chaqueta Acolchada \u2705 AHORA 29.9 \u20ac \u2714\ufe0f\ud83d\udfe1 \u274c Antes 38.00 \u20ac \ud83d\uded2: https:\/\/btz.es\/5b3u9VB Descubre la comodidad y estilo insuperable de nuestra chaqueta acolchada, dise\u00f1ada para ofrecer m\u00e1xima protecci\u00f3n t\u00e9rmica y adaptaci\u00f3n al cuerpo. Perfecta para todas las temporadas, su confecci\u00f3n de alta calidad garantiza durabilidad y un ajuste [&hellip;]<\/p>\n","protected":false},"featured_media":8878,"template":"","meta":{"_gspb_post_css":""},"store":[],"product_brand":[],"product_cat":[16],"product_tag":[],"class_list":{"0":"post-8879","1":"product","2":"type-product","3":"status-publish","4":"has-post-thumbnail","6":"product_cat-sin-categorizar","8":"first","9":"instock","10":"sale","11":"shipping-taxable","12":"product-type-external"},"jetpack_sharing_enabled":true,"_links":{"self":[{"href":"https:\/\/ofertacular.com\/index.php\/wp-json\/wp\/v2\/product\/8879","targetHints":{"allow":["GET"]}}],"collection":[{"href":"https:\/\/ofertacular.com\/index.php\/wp-json\/wp\/v2\/product"}],"about":[{"href":"https:\/\/ofertacular.com\/index.php\/wp-json\/wp\/v2\/types\/product"}],"wp:featuredmedia":[{"embeddable":true,"href":"https:\/\/ofertacular.com\/index.php\/wp-json\/wp\/v2\/media\/8878"}],"wp:attachment":[{"href":"https:\/\/ofertacular.com\/index.php\/wp-json\/wp\/v2\/media?parent=8879"}],"wp:term":[{"taxonomy":"store","embeddable":true,"href":"https:\/\/ofertacular.com\/index.php\/wp-json\/wp\/v2\/store?post=8879"},{"taxonomy":"product_brand","embeddable":true,"href":"https:\/\/ofertacular.com\/index.php\/wp-json\/wp\/v2\/product_brand?post=8879"},{"taxonomy":"product_cat","embeddable":true,"href":"https:\/\/ofertacular.com\/index.php\/wp-json\/wp\/v2\/product_cat?post=8879"},{"taxonomy":"product_tag","embeddable":true,"href":"https:\/\/ofertacular.com\/index.php\/wp-json\/wp\/v2\/product_tag?post=8879"}],"curies":[{"name":"wp","href":"https:\/\/api.w.org\/{rel}","templated":true}]}}