{"id":8887,"date":"2025-11-03T10:48:05","date_gmt":"2025-11-03T09:48:05","guid":{"rendered":"https:\/\/ofertacular.com\/index.php\/producto\/haier-smart-2\/"},"modified":"2025-11-03T10:48:05","modified_gmt":"2025-11-03T09:48:05","slug":"haier-smart-2","status":"publish","type":"product","link":"https:\/\/ofertacular.com\/index.php\/producto\/haier-smart-2\/","title":{"rendered":"Haier Smart"},"content":{"rendered":"<div class=\"oferta-container\">\n<p>\ud83d\udfe5 <b>\u00a1DESCUENTO \u00daNICO!<\/b> \ud83d\udfe5 #Publicidad #Amazon #16<\/p>\n<p>\ud83d\udd34 <b>Frigor\u00edfico Haier <\/b><\/p>\n<p>\u2705 <b>AHORA 479 \u20ac<\/b> \u2714\ufe0f\ud83d\udfe1<\/p>\n<p>\u274c Antes 799.00 \u20ac<\/p>\n<p>\ud83d\uded2: <a href=\"https:\/\/btz.es\/5b3L7jm\" target=\"_blank\" rel=\"nofollow noopener\">https:\/\/btz.es\/5b3L7jm<\/a><\/p>\n<p>Descubre el frigor\u00edfico Haier Smart, la soluci\u00f3n perfecta para conservar tus alimentos frescos con tecnolog\u00eda avanzada. Su dise\u00f1o moderno y eficiente garantiza un ahorro energ\u00e9tico superior, manteniendo tus bebidas y alimentos en \u00f3ptimas condiciones. Ideal para hogares que buscan innovaci\u00f3n y calidad en electrodom\u00e9sticos, el frigor\u00edfico Haier combina funcionalidad con estilo, asegurando una experiencia de uso inigualable. Optimiza tu cocina con la confianza y garant\u00eda de Haier, l\u00edder en tecnolog\u00eda del hogar.<\/p>\n<\/p><\/div>\n","protected":false},"excerpt":{"rendered":"<p>\ud83d\udfe5 \u00a1DESCUENTO \u00daNICO! \ud83d\udfe5 #Publicidad #Amazon #16 \ud83d\udd34 Frigor\u00edfico Haier \u2705 AHORA 479 \u20ac \u2714\ufe0f\ud83d\udfe1 \u274c Antes 799.00 \u20ac \ud83d\uded2: https:\/\/btz.es\/5b3L7jm Descubre el frigor\u00edfico Haier Smart, la soluci\u00f3n perfecta para conservar tus alimentos frescos con tecnolog\u00eda avanzada. Su dise\u00f1o moderno y eficiente garantiza un ahorro energ\u00e9tico superior, manteniendo tus bebidas y alimentos en \u00f3ptimas condiciones. [&hellip;]<\/p>\n","protected":false},"featured_media":8886,"template":"","meta":{"_gspb_post_css":""},"store":[],"product_brand":[],"product_cat":[16],"product_tag":[],"class_list":{"0":"post-8887","1":"product","2":"type-product","3":"status-publish","4":"has-post-thumbnail","6":"product_cat-sin-categorizar","8":"first","9":"instock","10":"sale","11":"shipping-taxable","12":"product-type-external"},"jetpack_sharing_enabled":true,"_links":{"self":[{"href":"https:\/\/ofertacular.com\/index.php\/wp-json\/wp\/v2\/product\/8887","targetHints":{"allow":["GET"]}}],"collection":[{"href":"https:\/\/ofertacular.com\/index.php\/wp-json\/wp\/v2\/product"}],"about":[{"href":"https:\/\/ofertacular.com\/index.php\/wp-json\/wp\/v2\/types\/product"}],"wp:featuredmedia":[{"embeddable":true,"href":"https:\/\/ofertacular.com\/index.php\/wp-json\/wp\/v2\/media\/8886"}],"wp:attachment":[{"href":"https:\/\/ofertacular.com\/index.php\/wp-json\/wp\/v2\/media?parent=8887"}],"wp:term":[{"taxonomy":"store","embeddable":true,"href":"https:\/\/ofertacular.com\/index.php\/wp-json\/wp\/v2\/store?post=8887"},{"taxonomy":"product_brand","embeddable":true,"href":"https:\/\/ofertacular.com\/index.php\/wp-json\/wp\/v2\/product_brand?post=8887"},{"taxonomy":"product_cat","embeddable":true,"href":"https:\/\/ofertacular.com\/index.php\/wp-json\/wp\/v2\/product_cat?post=8887"},{"taxonomy":"product_tag","embeddable":true,"href":"https:\/\/ofertacular.com\/index.php\/wp-json\/wp\/v2\/product_tag?post=8887"}],"curies":[{"name":"wp","href":"https:\/\/api.w.org\/{rel}","templated":true}]}}