{"id":8891,"date":"2025-11-03T10:56:57","date_gmt":"2025-11-03T09:56:57","guid":{"rendered":"https:\/\/ofertacular.com\/index.php\/producto\/1005007169359384\/"},"modified":"2025-11-03T10:56:57","modified_gmt":"2025-11-03T09:56:57","slug":"1005007169359384","status":"publish","type":"product","link":"https:\/\/ofertacular.com\/index.php\/producto\/1005007169359384\/","title":{"rendered":"C\u00e1mara Web"},"content":{"rendered":"<div class=\"oferta-container\">\n<p>\ud83d\udfe5 <b>\u00a1DESCUENTO \u00daNICO!<\/b> \ud83d\udfe5 #Publicidad #Amazon #<\/p>\n<p>\ud83d\udd34 <b>C\u00e1mara Web <\/b><\/p>\n<p>\u2705 <b>AHORA 10.79\u20ac \u20ac<\/b> \u2714\ufe0f\ud83d\udfe1<\/p>\n<p>\u274c Antes 27.78 \u20ac<\/p>\n<p>\ud83d\uded2: <a href=\"https:\/\/btz.es\/5b3NMcc\" target=\"_blank\" rel=\"nofollow noopener\">https:\/\/btz.es\/5b3NMcc<\/a><\/p>\n<p>Descubre la c\u00e1mara web perfecta para videollamadas, streaming y grabaci\u00f3n de alta calidad. Con tecnolog\u00eda avanzada y resoluci\u00f3n HD, nuestra c\u00e1mara web garantiza im\u00e1genes n\u00edtidas y colores vibrantes. Ideal para profesionales, gamers y creadores de contenido que buscan una experiencia visual superior. F\u00e1cil de instalar y compatible con m\u00faltiples sistemas operativos, esta c\u00e1mara web ofrece una conectividad vers\u00e1til para usar en casa o en la oficina. Cuenta con un micr\u00f3fono incorporado para captar el sonido con claridad, eliminando el ruido de fondo y mejorando la comunicaci\u00f3n en l\u00ednea. Su dise\u00f1o compacto y port\u00e1til permite llevarla a cualquier lugar sin complicaciones. Adem\u00e1s, incluye funciones autom\u00e1ticas de enfoque y correcci\u00f3n de luz para adaptarse a diferentes entornos, asegurando siempre la mejor calidad de imagen. Optimizada para plataformas como Zoom, Microsoft Teams, Skype y YouTube, facilita la interacci\u00f3n en reuniones virtuales, clases en l\u00ednea y transmisiones en vivo. Esta c\u00e1mara web es la elecci\u00f3n ideal para quienes valoran la calidad y la fiabilidad en sus equipos tecnol\u00f3gicos. Mejora tus conexiones digitales con un dispositivo que combina rendimiento, funcionalidad y estilo.<\/p>\n<\/p><\/div>\n","protected":false},"excerpt":{"rendered":"<p>\ud83d\udfe5 \u00a1DESCUENTO \u00daNICO! \ud83d\udfe5 #Publicidad #Amazon # \ud83d\udd34 C\u00e1mara Web \u2705 AHORA 10.79\u20ac \u20ac \u2714\ufe0f\ud83d\udfe1 \u274c Antes 27.78 \u20ac \ud83d\uded2: https:\/\/btz.es\/5b3NMcc Descubre la c\u00e1mara web perfecta para videollamadas, streaming y grabaci\u00f3n de alta calidad. Con tecnolog\u00eda avanzada y resoluci\u00f3n HD, nuestra c\u00e1mara web garantiza im\u00e1genes n\u00edtidas y colores vibrantes. Ideal para profesionales, gamers y creadores [&hellip;]<\/p>\n","protected":false},"featured_media":8890,"template":"","meta":{"_gspb_post_css":""},"store":[],"product_brand":[],"product_cat":[16],"product_tag":[],"class_list":{"0":"post-8891","1":"product","2":"type-product","3":"status-publish","4":"has-post-thumbnail","6":"product_cat-sin-categorizar","8":"first","9":"instock","10":"shipping-taxable","11":"product-type-external"},"jetpack_sharing_enabled":true,"_links":{"self":[{"href":"https:\/\/ofertacular.com\/index.php\/wp-json\/wp\/v2\/product\/8891","targetHints":{"allow":["GET"]}}],"collection":[{"href":"https:\/\/ofertacular.com\/index.php\/wp-json\/wp\/v2\/product"}],"about":[{"href":"https:\/\/ofertacular.com\/index.php\/wp-json\/wp\/v2\/types\/product"}],"wp:featuredmedia":[{"embeddable":true,"href":"https:\/\/ofertacular.com\/index.php\/wp-json\/wp\/v2\/media\/8890"}],"wp:attachment":[{"href":"https:\/\/ofertacular.com\/index.php\/wp-json\/wp\/v2\/media?parent=8891"}],"wp:term":[{"taxonomy":"store","embeddable":true,"href":"https:\/\/ofertacular.com\/index.php\/wp-json\/wp\/v2\/store?post=8891"},{"taxonomy":"product_brand","embeddable":true,"href":"https:\/\/ofertacular.com\/index.php\/wp-json\/wp\/v2\/product_brand?post=8891"},{"taxonomy":"product_cat","embeddable":true,"href":"https:\/\/ofertacular.com\/index.php\/wp-json\/wp\/v2\/product_cat?post=8891"},{"taxonomy":"product_tag","embeddable":true,"href":"https:\/\/ofertacular.com\/index.php\/wp-json\/wp\/v2\/product_tag?post=8891"}],"curies":[{"name":"wp","href":"https:\/\/api.w.org\/{rel}","templated":true}]}}