{"id":8897,"date":"2025-11-04T08:18:01","date_gmt":"2025-11-04T07:18:01","guid":{"rendered":"https:\/\/ofertacular.com\/index.php\/producto\/galaxy-tab-3\/"},"modified":"2025-11-04T08:18:01","modified_gmt":"2025-11-04T07:18:01","slug":"galaxy-tab-3","status":"publish","type":"product","link":"https:\/\/ofertacular.com\/index.php\/producto\/galaxy-tab-3\/","title":{"rendered":"Galaxy Tab"},"content":{"rendered":"<div class=\"oferta-container\">\n<p>\ud83d\udfe5 <b>AHORRA AQU\u00cd<\/b> \ud83d\udfe5 #Publicidad #Amazon #16<\/p>\n<p>\ud83d\udd34 <b>Tablet Samsung <\/b><\/p>\n<p>\u2705 <b>AHORA 189 \u20ac<\/b> \u2714\ufe0f\ud83d\udfe1<\/p>\n<p>\u274c Antes 289.00 \u20ac<\/p>\n<p>\ud83d\uded2: <a href=\"https:\/\/btz.es\/5b9arQx\" target=\"_blank\" rel=\"nofollow noopener\">https:\/\/btz.es\/5b9arQx<\/a><\/p>\n<p>Descubre la Samsung Galaxy Tab, una tablet dise\u00f1ada para ofrecer rendimiento excepcional y versatilidad en un solo dispositivo. Con una pantalla n\u00edtida y tecnolog\u00eda avanzada, es perfecta para trabajo, entretenimiento y creatividad. Optimizada para una experiencia fluida y conectividad, la Galaxy Tab es la opci\u00f3n ideal para quienes buscan calidad y funcionalidad en un equipo compacto.<\/p>\n<\/p><\/div>\n","protected":false},"excerpt":{"rendered":"<p>\ud83d\udfe5 AHORRA AQU\u00cd \ud83d\udfe5 #Publicidad #Amazon #16 \ud83d\udd34 Tablet Samsung \u2705 AHORA 189 \u20ac \u2714\ufe0f\ud83d\udfe1 \u274c Antes 289.00 \u20ac \ud83d\uded2: https:\/\/btz.es\/5b9arQx Descubre la Samsung Galaxy Tab, una tablet dise\u00f1ada para ofrecer rendimiento excepcional y versatilidad en un solo dispositivo. Con una pantalla n\u00edtida y tecnolog\u00eda avanzada, es perfecta para trabajo, entretenimiento y creatividad. Optimizada para [&hellip;]<\/p>\n","protected":false},"featured_media":8896,"template":"","meta":{"_gspb_post_css":""},"store":[],"product_brand":[],"product_cat":[16],"product_tag":[],"class_list":{"0":"post-8897","1":"product","2":"type-product","3":"status-publish","4":"has-post-thumbnail","6":"product_cat-sin-categorizar","8":"first","9":"instock","10":"sale","11":"shipping-taxable","12":"product-type-external"},"jetpack_sharing_enabled":true,"_links":{"self":[{"href":"https:\/\/ofertacular.com\/index.php\/wp-json\/wp\/v2\/product\/8897","targetHints":{"allow":["GET"]}}],"collection":[{"href":"https:\/\/ofertacular.com\/index.php\/wp-json\/wp\/v2\/product"}],"about":[{"href":"https:\/\/ofertacular.com\/index.php\/wp-json\/wp\/v2\/types\/product"}],"wp:featuredmedia":[{"embeddable":true,"href":"https:\/\/ofertacular.com\/index.php\/wp-json\/wp\/v2\/media\/8896"}],"wp:attachment":[{"href":"https:\/\/ofertacular.com\/index.php\/wp-json\/wp\/v2\/media?parent=8897"}],"wp:term":[{"taxonomy":"store","embeddable":true,"href":"https:\/\/ofertacular.com\/index.php\/wp-json\/wp\/v2\/store?post=8897"},{"taxonomy":"product_brand","embeddable":true,"href":"https:\/\/ofertacular.com\/index.php\/wp-json\/wp\/v2\/product_brand?post=8897"},{"taxonomy":"product_cat","embeddable":true,"href":"https:\/\/ofertacular.com\/index.php\/wp-json\/wp\/v2\/product_cat?post=8897"},{"taxonomy":"product_tag","embeddable":true,"href":"https:\/\/ofertacular.com\/index.php\/wp-json\/wp\/v2\/product_tag?post=8897"}],"curies":[{"name":"wp","href":"https:\/\/api.w.org\/{rel}","templated":true}]}}