{"id":8917,"date":"2025-11-04T10:24:22","date_gmt":"2025-11-04T09:24:22","guid":{"rendered":"https:\/\/ofertacular.com\/index.php\/producto\/philips-afeitadora\/"},"modified":"2025-11-04T10:24:22","modified_gmt":"2025-11-04T09:24:22","slug":"philips-afeitadora","status":"publish","type":"product","link":"https:\/\/ofertacular.com\/index.php\/producto\/philips-afeitadora\/","title":{"rendered":"Philips Afeitadora"},"content":{"rendered":"<div class=\"oferta-container\">\n<p>\ud83d\udfe5 <b>GRAN OFERTA<\/b> \ud83d\udfe5 #Publicidad #Amazon #16<\/p>\n<p>\ud83d\udd34 <b>Afeitadora Philips <\/b><\/p>\n<p>\u2705 <b>AHORA 29.99 \u20ac<\/b> \u2714\ufe0f\ud83d\udfe1<\/p>\n<p>\u274c Antes 39.99 \u20ac<\/p>\n<p>\ud83d\uded2: <a href=\"https:\/\/btz.es\/5b96fQg\" target=\"_blank\" rel=\"nofollow noopener\">https:\/\/btz.es\/5b96fQg<\/a><\/p>\n<p>Descubre la excelencia en afeitado con la afeitadora Philips, dise\u00f1ada para ofrecer un afilado preciso y c\u00f3modo en cada uso. Perfecta para el cuidado masculino, esta afeitadora combina tecnolog\u00eda avanzada y durabilidad para garantizar resultados profesionales en casa. Optimizada para un afeitado suave y eficiente, es la elecci\u00f3n ideal para quienes buscan calidad y rendimiento superior.<\/p>\n<\/p><\/div>\n","protected":false},"excerpt":{"rendered":"<p>\ud83d\udfe5 GRAN OFERTA \ud83d\udfe5 #Publicidad #Amazon #16 \ud83d\udd34 Afeitadora Philips \u2705 AHORA 29.99 \u20ac \u2714\ufe0f\ud83d\udfe1 \u274c Antes 39.99 \u20ac \ud83d\uded2: https:\/\/btz.es\/5b96fQg Descubre la excelencia en afeitado con la afeitadora Philips, dise\u00f1ada para ofrecer un afilado preciso y c\u00f3modo en cada uso. Perfecta para el cuidado masculino, esta afeitadora combina tecnolog\u00eda avanzada y durabilidad para garantizar [&hellip;]<\/p>\n","protected":false},"featured_media":8916,"template":"","meta":{"_gspb_post_css":""},"store":[],"product_brand":[],"product_cat":[16],"product_tag":[],"class_list":{"0":"post-8917","1":"product","2":"type-product","3":"status-publish","4":"has-post-thumbnail","6":"product_cat-sin-categorizar","8":"first","9":"instock","10":"sale","11":"shipping-taxable","12":"product-type-external"},"jetpack_sharing_enabled":true,"_links":{"self":[{"href":"https:\/\/ofertacular.com\/index.php\/wp-json\/wp\/v2\/product\/8917","targetHints":{"allow":["GET"]}}],"collection":[{"href":"https:\/\/ofertacular.com\/index.php\/wp-json\/wp\/v2\/product"}],"about":[{"href":"https:\/\/ofertacular.com\/index.php\/wp-json\/wp\/v2\/types\/product"}],"wp:featuredmedia":[{"embeddable":true,"href":"https:\/\/ofertacular.com\/index.php\/wp-json\/wp\/v2\/media\/8916"}],"wp:attachment":[{"href":"https:\/\/ofertacular.com\/index.php\/wp-json\/wp\/v2\/media?parent=8917"}],"wp:term":[{"taxonomy":"store","embeddable":true,"href":"https:\/\/ofertacular.com\/index.php\/wp-json\/wp\/v2\/store?post=8917"},{"taxonomy":"product_brand","embeddable":true,"href":"https:\/\/ofertacular.com\/index.php\/wp-json\/wp\/v2\/product_brand?post=8917"},{"taxonomy":"product_cat","embeddable":true,"href":"https:\/\/ofertacular.com\/index.php\/wp-json\/wp\/v2\/product_cat?post=8917"},{"taxonomy":"product_tag","embeddable":true,"href":"https:\/\/ofertacular.com\/index.php\/wp-json\/wp\/v2\/product_tag?post=8917"}],"curies":[{"name":"wp","href":"https:\/\/api.w.org\/{rel}","templated":true}]}}