{"id":8921,"date":"2025-11-04T10:26:03","date_gmt":"2025-11-04T09:26:03","guid":{"rendered":"https:\/\/ofertacular.com\/index.php\/producto\/cargador-electrico-2\/"},"modified":"2025-11-04T10:26:03","modified_gmt":"2025-11-04T09:26:03","slug":"cargador-electrico-2","status":"publish","type":"product","link":"https:\/\/ofertacular.com\/index.php\/producto\/cargador-electrico-2\/","title":{"rendered":"Cargador El\u00e9ctrico"},"content":{"rendered":"<div class=\"oferta-container\">\n<p>\ud83d\udfe5 <b>\u00a1APROVECHA!<\/b> \ud83d\udfe5 #Publicidad #Amazon #16<\/p>\n<p>\ud83d\udd34 <b>Cargador El\u00e9ctrico <\/b><\/p>\n<p>\u2705 <b>AHORA 175.12 \u20ac<\/b> \u2714\ufe0f\ud83d\udfe1<\/p>\n<p>\u274c Antes 184.34 \u20ac<\/p>\n<p>\ud83d\uded2: <a href=\"https:\/\/btz.es\/5b966ej\" target=\"_blank\" rel=\"nofollow noopener\">https:\/\/btz.es\/5b966ej<\/a><\/p>\n<p>Descubre nuestro cargador el\u00e9ctrico de alta eficiencia, dise\u00f1ado para ofrecer una carga r\u00e1pida y segura para todos tus dispositivos electr\u00f3nicos. Fabricado con tecnolog\u00eda avanzada y materiales de primera calidad, garantiza una vida \u00fatil prolongada y un rendimiento \u00f3ptimo. Perfecto para uso dom\u00e9stico y profesional, este cargador es compatible con diversas marcas y modelos, asegurando versatilidad y comodidad en tu d\u00eda a d\u00eda.<\/p>\n<\/p><\/div>\n","protected":false},"excerpt":{"rendered":"<p>\ud83d\udfe5 \u00a1APROVECHA! \ud83d\udfe5 #Publicidad #Amazon #16 \ud83d\udd34 Cargador El\u00e9ctrico \u2705 AHORA 175.12 \u20ac \u2714\ufe0f\ud83d\udfe1 \u274c Antes 184.34 \u20ac \ud83d\uded2: https:\/\/btz.es\/5b966ej Descubre nuestro cargador el\u00e9ctrico de alta eficiencia, dise\u00f1ado para ofrecer una carga r\u00e1pida y segura para todos tus dispositivos electr\u00f3nicos. Fabricado con tecnolog\u00eda avanzada y materiales de primera calidad, garantiza una vida \u00fatil prolongada y [&hellip;]<\/p>\n","protected":false},"featured_media":8920,"template":"","meta":{"_gspb_post_css":""},"store":[],"product_brand":[],"product_cat":[16],"product_tag":[],"class_list":{"0":"post-8921","1":"product","2":"type-product","3":"status-publish","4":"has-post-thumbnail","6":"product_cat-sin-categorizar","8":"first","9":"instock","10":"sale","11":"shipping-taxable","12":"product-type-external"},"jetpack_sharing_enabled":true,"_links":{"self":[{"href":"https:\/\/ofertacular.com\/index.php\/wp-json\/wp\/v2\/product\/8921","targetHints":{"allow":["GET"]}}],"collection":[{"href":"https:\/\/ofertacular.com\/index.php\/wp-json\/wp\/v2\/product"}],"about":[{"href":"https:\/\/ofertacular.com\/index.php\/wp-json\/wp\/v2\/types\/product"}],"wp:featuredmedia":[{"embeddable":true,"href":"https:\/\/ofertacular.com\/index.php\/wp-json\/wp\/v2\/media\/8920"}],"wp:attachment":[{"href":"https:\/\/ofertacular.com\/index.php\/wp-json\/wp\/v2\/media?parent=8921"}],"wp:term":[{"taxonomy":"store","embeddable":true,"href":"https:\/\/ofertacular.com\/index.php\/wp-json\/wp\/v2\/store?post=8921"},{"taxonomy":"product_brand","embeddable":true,"href":"https:\/\/ofertacular.com\/index.php\/wp-json\/wp\/v2\/product_brand?post=8921"},{"taxonomy":"product_cat","embeddable":true,"href":"https:\/\/ofertacular.com\/index.php\/wp-json\/wp\/v2\/product_cat?post=8921"},{"taxonomy":"product_tag","embeddable":true,"href":"https:\/\/ofertacular.com\/index.php\/wp-json\/wp\/v2\/product_tag?post=8921"}],"curies":[{"name":"wp","href":"https:\/\/api.w.org\/{rel}","templated":true}]}}