{"id":8929,"date":"2025-11-04T10:42:44","date_gmt":"2025-11-04T09:42:44","guid":{"rendered":"https:\/\/ofertacular.com\/index.php\/producto\/gafas-presbicia\/"},"modified":"2025-11-04T10:42:44","modified_gmt":"2025-11-04T09:42:44","slug":"gafas-presbicia","status":"publish","type":"product","link":"https:\/\/ofertacular.com\/index.php\/producto\/gafas-presbicia\/","title":{"rendered":"Gafas Presbicia"},"content":{"rendered":"<div class=\"oferta-container\">\n<p>\ud83d\udfe5 <b>\u00a1S\u00d3LO HOY!<\/b> \ud83d\udfe5 #Publicidad #Amazon #16<\/p>\n<p>\ud83d\udd34 <b>Gafas Presbicia <\/b><\/p>\n<p>\u2705 <b>AHORA 8.57 \u20ac<\/b> \u2714\ufe0f\ud83d\udfe1<\/p>\n<p>\u274c Antes 9.99 \u20ac<\/p>\n<p>\ud83d\uded2: <a href=\"https:\/\/btz.es\/5b9AIyB\" target=\"_blank\" rel=\"nofollow noopener\">https:\/\/btz.es\/5b9AIyB<\/a><\/p>\n<p>Descubre nuestras gafas de presbicia dise\u00f1adas para ofrecer comodidad y una visi\u00f3n clara a cualquier distancia. Ideales para quienes necesitan correcci\u00f3n visual para la lectura y tareas cercanas, combinando estilo y funcionalidad. Productos elaborados con materiales de alta calidad y tecnolog\u00eda avanzada para un uso prolongado y confortable. Perfectas para realzar tu estilo mientras cuidas tu salud visual.<\/p>\n<\/p><\/div>\n","protected":false},"excerpt":{"rendered":"<p>\ud83d\udfe5 \u00a1S\u00d3LO HOY! \ud83d\udfe5 #Publicidad #Amazon #16 \ud83d\udd34 Gafas Presbicia \u2705 AHORA 8.57 \u20ac \u2714\ufe0f\ud83d\udfe1 \u274c Antes 9.99 \u20ac \ud83d\uded2: https:\/\/btz.es\/5b9AIyB Descubre nuestras gafas de presbicia dise\u00f1adas para ofrecer comodidad y una visi\u00f3n clara a cualquier distancia. Ideales para quienes necesitan correcci\u00f3n visual para la lectura y tareas cercanas, combinando estilo y funcionalidad. Productos elaborados [&hellip;]<\/p>\n","protected":false},"featured_media":8928,"template":"","meta":{"_gspb_post_css":""},"store":[],"product_brand":[],"product_cat":[16],"product_tag":[],"class_list":{"0":"post-8929","1":"product","2":"type-product","3":"status-publish","4":"has-post-thumbnail","6":"product_cat-sin-categorizar","8":"first","9":"instock","10":"sale","11":"shipping-taxable","12":"product-type-external"},"jetpack_sharing_enabled":true,"_links":{"self":[{"href":"https:\/\/ofertacular.com\/index.php\/wp-json\/wp\/v2\/product\/8929","targetHints":{"allow":["GET"]}}],"collection":[{"href":"https:\/\/ofertacular.com\/index.php\/wp-json\/wp\/v2\/product"}],"about":[{"href":"https:\/\/ofertacular.com\/index.php\/wp-json\/wp\/v2\/types\/product"}],"wp:featuredmedia":[{"embeddable":true,"href":"https:\/\/ofertacular.com\/index.php\/wp-json\/wp\/v2\/media\/8928"}],"wp:attachment":[{"href":"https:\/\/ofertacular.com\/index.php\/wp-json\/wp\/v2\/media?parent=8929"}],"wp:term":[{"taxonomy":"store","embeddable":true,"href":"https:\/\/ofertacular.com\/index.php\/wp-json\/wp\/v2\/store?post=8929"},{"taxonomy":"product_brand","embeddable":true,"href":"https:\/\/ofertacular.com\/index.php\/wp-json\/wp\/v2\/product_brand?post=8929"},{"taxonomy":"product_cat","embeddable":true,"href":"https:\/\/ofertacular.com\/index.php\/wp-json\/wp\/v2\/product_cat?post=8929"},{"taxonomy":"product_tag","embeddable":true,"href":"https:\/\/ofertacular.com\/index.php\/wp-json\/wp\/v2\/product_tag?post=8929"}],"curies":[{"name":"wp","href":"https:\/\/api.w.org\/{rel}","templated":true}]}}