{"id":8947,"date":"2025-11-05T08:05:06","date_gmt":"2025-11-05T07:05:06","guid":{"rendered":"https:\/\/ofertacular.com\/index.php\/producto\/favoto-casco-4\/"},"modified":"2025-11-05T08:05:06","modified_gmt":"2025-11-05T07:05:06","slug":"favoto-casco-4","status":"publish","type":"product","link":"https:\/\/ofertacular.com\/index.php\/producto\/favoto-casco-4\/","title":{"rendered":"Favoto Casco"},"content":{"rendered":"<div class=\"oferta-container\">\n<p>\ud83d\udfe5 <b>\u00a1S\u00d3LO HOY!<\/b> \ud83d\udfe5 #Publicidad #Amazon #16<\/p>\n<p>\ud83d\udd34 <b>Casco Favoto <\/b><\/p>\n<p>\u2705 <b>AHORA 7.08 \u20ac<\/b> \u2714\ufe0f\ud83d\udfe1<\/p>\n<p>\u274c Antes 11.99 \u20ac<\/p>\n<p>\ud83d\uded2: <a href=\"https:\/\/btz.es\/5bEN8v7\" target=\"_blank\" rel=\"nofollow noopener\">https:\/\/btz.es\/5bEN8v7<\/a><\/p>\n<p>Descubre el casco Favoto, dise\u00f1ado para ofrecer m\u00e1xima seguridad y confort en tus desplazamientos. Con un dise\u00f1o robusto y materiales de alta calidad, este casco garantiza protecci\u00f3n y durabilidad. Perfecto para motos y bicicletas, Favoto combina estilo y funcionalidad para los usuarios exigentes que valoran su seguridad. Optimizado para quienes buscan un casco confiable, c\u00f3modo y elegante en el mercado actual.<\/p>\n<\/p><\/div>\n","protected":false},"excerpt":{"rendered":"<p>\ud83d\udfe5 \u00a1S\u00d3LO HOY! \ud83d\udfe5 #Publicidad #Amazon #16 \ud83d\udd34 Casco Favoto \u2705 AHORA 7.08 \u20ac \u2714\ufe0f\ud83d\udfe1 \u274c Antes 11.99 \u20ac \ud83d\uded2: https:\/\/btz.es\/5bEN8v7 Descubre el casco Favoto, dise\u00f1ado para ofrecer m\u00e1xima seguridad y confort en tus desplazamientos. Con un dise\u00f1o robusto y materiales de alta calidad, este casco garantiza protecci\u00f3n y durabilidad. Perfecto para motos y bicicletas, [&hellip;]<\/p>\n","protected":false},"featured_media":8946,"template":"","meta":{"_gspb_post_css":""},"store":[],"product_brand":[],"product_cat":[16],"product_tag":[],"class_list":{"0":"post-8947","1":"product","2":"type-product","3":"status-publish","4":"has-post-thumbnail","6":"product_cat-sin-categorizar","8":"first","9":"instock","10":"sale","11":"shipping-taxable","12":"product-type-external"},"jetpack_sharing_enabled":true,"_links":{"self":[{"href":"https:\/\/ofertacular.com\/index.php\/wp-json\/wp\/v2\/product\/8947","targetHints":{"allow":["GET"]}}],"collection":[{"href":"https:\/\/ofertacular.com\/index.php\/wp-json\/wp\/v2\/product"}],"about":[{"href":"https:\/\/ofertacular.com\/index.php\/wp-json\/wp\/v2\/types\/product"}],"wp:featuredmedia":[{"embeddable":true,"href":"https:\/\/ofertacular.com\/index.php\/wp-json\/wp\/v2\/media\/8946"}],"wp:attachment":[{"href":"https:\/\/ofertacular.com\/index.php\/wp-json\/wp\/v2\/media?parent=8947"}],"wp:term":[{"taxonomy":"store","embeddable":true,"href":"https:\/\/ofertacular.com\/index.php\/wp-json\/wp\/v2\/store?post=8947"},{"taxonomy":"product_brand","embeddable":true,"href":"https:\/\/ofertacular.com\/index.php\/wp-json\/wp\/v2\/product_brand?post=8947"},{"taxonomy":"product_cat","embeddable":true,"href":"https:\/\/ofertacular.com\/index.php\/wp-json\/wp\/v2\/product_cat?post=8947"},{"taxonomy":"product_tag","embeddable":true,"href":"https:\/\/ofertacular.com\/index.php\/wp-json\/wp\/v2\/product_tag?post=8947"}],"curies":[{"name":"wp","href":"https:\/\/api.w.org\/{rel}","templated":true}]}}