{"id":8965,"date":"2025-11-05T10:41:07","date_gmt":"2025-11-05T09:41:07","guid":{"rendered":"https:\/\/ofertacular.com\/index.php\/producto\/finish-limpiamaquinas\/"},"modified":"2025-11-05T10:41:07","modified_gmt":"2025-11-05T09:41:07","slug":"finish-limpiamaquinas","status":"publish","type":"product","link":"https:\/\/ofertacular.com\/index.php\/producto\/finish-limpiamaquinas\/","title":{"rendered":"Finish Limpiam\u00e1quinas"},"content":{"rendered":"<div class=\"oferta-container\">\n<p>\ud83d\udfe5 <b>\u00a1OFERT\u00d3N!<\/b> \ud83d\udfe5 #Publicidad #Amazon #16<\/p>\n<p>\ud83d\udd34 <b>Limpiam\u00e1quinas Finish <\/b><\/p>\n<p>\u2705 <b>AHORA 4.66 \u20ac<\/b> \u2714\ufe0f\ud83d\udfe1<\/p>\n<p>\u274c Antes 8.49 \u20ac<\/p>\n<p>\ud83d\uded2: <a href=\"https:\/\/btz.es\/5bF0Qgs\" target=\"_blank\" rel=\"nofollow noopener\">https:\/\/btz.es\/5bF0Qgs<\/a><\/p>\n<p>Descubre la eficacia del Limpiam\u00e1quinas Finish, dise\u00f1ado para mantener tus equipos y maquinaria en \u00f3ptimas condiciones. Este producto de alta calidad elimina suciedad, grasa y residuos dif\u00edciles, prolongando la vida \u00fatil de tus m\u00e1quinas y mejorando su rendimiento. Ideal para uso industrial y dom\u00e9stico, su f\u00f3rmula avanzada garantiza limpieza profunda sin da\u00f1ar las superficies. Aumenta la productividad y reduce costos de mantenimiento con Limpiam\u00e1quinas Finish, el aliado perfecto para un cuidado profesional y duradero.<\/p>\n<\/p><\/div>\n","protected":false},"excerpt":{"rendered":"<p>\ud83d\udfe5 \u00a1OFERT\u00d3N! \ud83d\udfe5 #Publicidad #Amazon #16 \ud83d\udd34 Limpiam\u00e1quinas Finish \u2705 AHORA 4.66 \u20ac \u2714\ufe0f\ud83d\udfe1 \u274c Antes 8.49 \u20ac \ud83d\uded2: https:\/\/btz.es\/5bF0Qgs Descubre la eficacia del Limpiam\u00e1quinas Finish, dise\u00f1ado para mantener tus equipos y maquinaria en \u00f3ptimas condiciones. Este producto de alta calidad elimina suciedad, grasa y residuos dif\u00edciles, prolongando la vida \u00fatil de tus m\u00e1quinas y [&hellip;]<\/p>\n","protected":false},"featured_media":8964,"template":"","meta":{"_gspb_post_css":""},"store":[],"product_brand":[],"product_cat":[16],"product_tag":[],"class_list":{"0":"post-8965","1":"product","2":"type-product","3":"status-publish","4":"has-post-thumbnail","6":"product_cat-sin-categorizar","8":"first","9":"instock","10":"sale","11":"shipping-taxable","12":"product-type-external"},"jetpack_sharing_enabled":true,"_links":{"self":[{"href":"https:\/\/ofertacular.com\/index.php\/wp-json\/wp\/v2\/product\/8965","targetHints":{"allow":["GET"]}}],"collection":[{"href":"https:\/\/ofertacular.com\/index.php\/wp-json\/wp\/v2\/product"}],"about":[{"href":"https:\/\/ofertacular.com\/index.php\/wp-json\/wp\/v2\/types\/product"}],"wp:featuredmedia":[{"embeddable":true,"href":"https:\/\/ofertacular.com\/index.php\/wp-json\/wp\/v2\/media\/8964"}],"wp:attachment":[{"href":"https:\/\/ofertacular.com\/index.php\/wp-json\/wp\/v2\/media?parent=8965"}],"wp:term":[{"taxonomy":"store","embeddable":true,"href":"https:\/\/ofertacular.com\/index.php\/wp-json\/wp\/v2\/store?post=8965"},{"taxonomy":"product_brand","embeddable":true,"href":"https:\/\/ofertacular.com\/index.php\/wp-json\/wp\/v2\/product_brand?post=8965"},{"taxonomy":"product_cat","embeddable":true,"href":"https:\/\/ofertacular.com\/index.php\/wp-json\/wp\/v2\/product_cat?post=8965"},{"taxonomy":"product_tag","embeddable":true,"href":"https:\/\/ofertacular.com\/index.php\/wp-json\/wp\/v2\/product_tag?post=8965"}],"curies":[{"name":"wp","href":"https:\/\/api.w.org\/{rel}","templated":true}]}}