{"id":8991,"date":"2025-11-05T18:24:33","date_gmt":"2025-11-05T17:24:33","guid":{"rendered":"https:\/\/ofertacular.com\/index.php\/producto\/fairy-lavavajillas-ultra\/"},"modified":"2025-11-05T18:24:33","modified_gmt":"2025-11-05T17:24:33","slug":"fairy-lavavajillas-ultra","status":"publish","type":"product","link":"https:\/\/ofertacular.com\/index.php\/producto\/fairy-lavavajillas-ultra\/","title":{"rendered":"Fairy Lavavajillas Ultra"},"content":{"rendered":"<div class=\"oferta-container\">\n<p>\ud83d\udfe5 <b>\u00a1NO TE LA PIERDAS!<\/b> \ud83d\udfe5 #Publicidad #Amazon #16<\/p>\n<p>\ud83d\udd34 <b>Lavavajillas Ultra <\/b><\/p>\n<p>\u2705 <b>AHORA 10.99 \u20ac<\/b> \u2714\ufe0f\ud83d\udfe1<\/p>\n<p>\u274c Antes 16.17 \u20ac<\/p>\n<p>\ud83d\uded2: <a href=\"https:\/\/btz.es\/5bHt4Of\" target=\"_blank\" rel=\"nofollow noopener\">https:\/\/btz.es\/5bHt4Of<\/a><\/p>\n<p>Descubre la eficiencia y poder de limpieza del Fairy Lavavajillas Ultra, formulado para eliminar la grasa m\u00e1s dif\u00edcil y dejar tu vajilla impecable con un brillo inigualable. Su f\u00f3rmula avanzada ofrece un lavado r\u00e1pido y eficaz, cuidando tus utensilios y prolongando su vida \u00fatil. Ideal para uso diario, Fairy es la marca l\u00edder en productos de limpieza que garantiza resultados profesionales en casa. Optimiza tu rutina de lavado con Fairy Lavavajillas Ultra y disfruta de platos perfectos en cada lavado.<\/p>\n<\/p><\/div>\n","protected":false},"excerpt":{"rendered":"<p>\ud83d\udfe5 \u00a1NO TE LA PIERDAS! \ud83d\udfe5 #Publicidad #Amazon #16 \ud83d\udd34 Lavavajillas Ultra \u2705 AHORA 10.99 \u20ac \u2714\ufe0f\ud83d\udfe1 \u274c Antes 16.17 \u20ac \ud83d\uded2: https:\/\/btz.es\/5bHt4Of Descubre la eficiencia y poder de limpieza del Fairy Lavavajillas Ultra, formulado para eliminar la grasa m\u00e1s dif\u00edcil y dejar tu vajilla impecable con un brillo inigualable. Su f\u00f3rmula avanzada ofrece un [&hellip;]<\/p>\n","protected":false},"featured_media":8990,"template":"","meta":{"_gspb_post_css":""},"store":[],"product_brand":[],"product_cat":[16],"product_tag":[],"class_list":{"0":"post-8991","1":"product","2":"type-product","3":"status-publish","4":"has-post-thumbnail","6":"product_cat-sin-categorizar","8":"first","9":"instock","10":"sale","11":"shipping-taxable","12":"product-type-external"},"jetpack_sharing_enabled":true,"_links":{"self":[{"href":"https:\/\/ofertacular.com\/index.php\/wp-json\/wp\/v2\/product\/8991","targetHints":{"allow":["GET"]}}],"collection":[{"href":"https:\/\/ofertacular.com\/index.php\/wp-json\/wp\/v2\/product"}],"about":[{"href":"https:\/\/ofertacular.com\/index.php\/wp-json\/wp\/v2\/types\/product"}],"wp:featuredmedia":[{"embeddable":true,"href":"https:\/\/ofertacular.com\/index.php\/wp-json\/wp\/v2\/media\/8990"}],"wp:attachment":[{"href":"https:\/\/ofertacular.com\/index.php\/wp-json\/wp\/v2\/media?parent=8991"}],"wp:term":[{"taxonomy":"store","embeddable":true,"href":"https:\/\/ofertacular.com\/index.php\/wp-json\/wp\/v2\/store?post=8991"},{"taxonomy":"product_brand","embeddable":true,"href":"https:\/\/ofertacular.com\/index.php\/wp-json\/wp\/v2\/product_brand?post=8991"},{"taxonomy":"product_cat","embeddable":true,"href":"https:\/\/ofertacular.com\/index.php\/wp-json\/wp\/v2\/product_cat?post=8991"},{"taxonomy":"product_tag","embeddable":true,"href":"https:\/\/ofertacular.com\/index.php\/wp-json\/wp\/v2\/product_tag?post=8991"}],"curies":[{"name":"wp","href":"https:\/\/api.w.org\/{rel}","templated":true}]}}