{"id":9013,"date":"2025-11-06T10:08:35","date_gmt":"2025-11-06T09:08:35","guid":{"rendered":"https:\/\/ofertacular.com\/index.php\/producto\/mochila-viaje-7\/"},"modified":"2025-11-06T10:08:35","modified_gmt":"2025-11-06T09:08:35","slug":"mochila-viaje-7","status":"publish","type":"product","link":"https:\/\/ofertacular.com\/index.php\/producto\/mochila-viaje-7\/","title":{"rendered":"Mochila Viaje"},"content":{"rendered":"<div class=\"oferta-container\">\n<p>\ud83d\udfe5 <b>\u00a1OFERTA ESPECIAL!<\/b> \ud83d\udfe5 #Publicidad #Amazon #16<\/p>\n<p>\ud83d\udd34 <b>Mochila viaje <\/b><\/p>\n<p>\u2705 <b>AHORA 19.85 \u20ac<\/b> \u2714\ufe0f\ud83d\udfe1<\/p>\n<p>\u274c Antes 20.99 \u20ac<\/p>\n<p>\ud83d\uded2: <a href=\"https:\/\/btz.es\/5bLjk2E\" target=\"_blank\" rel=\"nofollow noopener\">https:\/\/btz.es\/5bLjk2E<\/a><\/p>\n<p>Descubre la mochila de viaje perfecta para tus aventuras, dise\u00f1ada con materiales duraderos y funcionalidades pr\u00e1cticas para maximizar tu comodidad y organizaci\u00f3n. Ideal para viajeros que buscan estilo y resistencia, esta mochila ofrece compartimentos inteligentes que facilitan el acceso y la protecci\u00f3n de tus pertenencias durante cualquier expedici\u00f3n.<\/p>\n<\/p><\/div>\n","protected":false},"excerpt":{"rendered":"<p>\ud83d\udfe5 \u00a1OFERTA ESPECIAL! \ud83d\udfe5 #Publicidad #Amazon #16 \ud83d\udd34 Mochila viaje \u2705 AHORA 19.85 \u20ac \u2714\ufe0f\ud83d\udfe1 \u274c Antes 20.99 \u20ac \ud83d\uded2: https:\/\/btz.es\/5bLjk2E Descubre la mochila de viaje perfecta para tus aventuras, dise\u00f1ada con materiales duraderos y funcionalidades pr\u00e1cticas para maximizar tu comodidad y organizaci\u00f3n. Ideal para viajeros que buscan estilo y resistencia, esta mochila ofrece compartimentos [&hellip;]<\/p>\n","protected":false},"featured_media":9012,"template":"","meta":{"_gspb_post_css":""},"store":[],"product_brand":[],"product_cat":[16],"product_tag":[],"class_list":{"0":"post-9013","1":"product","2":"type-product","3":"status-publish","4":"has-post-thumbnail","6":"product_cat-sin-categorizar","8":"first","9":"instock","10":"sale","11":"shipping-taxable","12":"product-type-external"},"jetpack_sharing_enabled":true,"_links":{"self":[{"href":"https:\/\/ofertacular.com\/index.php\/wp-json\/wp\/v2\/product\/9013","targetHints":{"allow":["GET"]}}],"collection":[{"href":"https:\/\/ofertacular.com\/index.php\/wp-json\/wp\/v2\/product"}],"about":[{"href":"https:\/\/ofertacular.com\/index.php\/wp-json\/wp\/v2\/types\/product"}],"wp:featuredmedia":[{"embeddable":true,"href":"https:\/\/ofertacular.com\/index.php\/wp-json\/wp\/v2\/media\/9012"}],"wp:attachment":[{"href":"https:\/\/ofertacular.com\/index.php\/wp-json\/wp\/v2\/media?parent=9013"}],"wp:term":[{"taxonomy":"store","embeddable":true,"href":"https:\/\/ofertacular.com\/index.php\/wp-json\/wp\/v2\/store?post=9013"},{"taxonomy":"product_brand","embeddable":true,"href":"https:\/\/ofertacular.com\/index.php\/wp-json\/wp\/v2\/product_brand?post=9013"},{"taxonomy":"product_cat","embeddable":true,"href":"https:\/\/ofertacular.com\/index.php\/wp-json\/wp\/v2\/product_cat?post=9013"},{"taxonomy":"product_tag","embeddable":true,"href":"https:\/\/ofertacular.com\/index.php\/wp-json\/wp\/v2\/product_tag?post=9013"}],"curies":[{"name":"wp","href":"https:\/\/api.w.org\/{rel}","templated":true}]}}