{"id":9021,"date":"2025-11-06T10:24:35","date_gmt":"2025-11-06T09:24:35","guid":{"rendered":"https:\/\/ofertacular.com\/index.php\/producto\/nesquik-cereal-bars\/"},"modified":"2025-11-06T10:24:35","modified_gmt":"2025-11-06T09:24:35","slug":"nesquik-cereal-bars","status":"publish","type":"product","link":"https:\/\/ofertacular.com\/index.php\/producto\/nesquik-cereal-bars\/","title":{"rendered":"Nesquik Cereal Bars"},"content":{"rendered":"<div class=\"oferta-container\">\n<p>\ud83d\udfe5 <b>\u00a1OFERTA ESPECIAL!<\/b> \ud83d\udfe5 #Publicidad #Amazon #16<\/p>\n<p>\ud83d\udd34 <b>Barras Cereal <\/b><\/p>\n<p>\u2705 <b>AHORA 3.04 \u20ac<\/b> \u2714\ufe0f\ud83d\udfe1<\/p>\n<p>\u274c Antes 4.60 \u20ac<\/p>\n<p>\ud83d\uded2: <a href=\"https:\/\/btz.es\/5bLnmNB\" target=\"_blank\" rel=\"nofollow noopener\">https:\/\/btz.es\/5bLnmNB<\/a><\/p>\n<p>Descubre las deliciosas Barras de Cereal Nesquik, el snack perfecto para disfrutar un sabor \u00fanico y nutritivo en cualquier momento del d\u00eda. Elaboradas con ingredientes de alta calidad y enriquecidas con vitaminas, estas barras representan la opci\u00f3n ideal para quienes buscan energ\u00eda y buen sabor en un solo producto. Perfectas para llevar, las Barras de Cereal Nesquik son el complemento ideal para un estilo de vida activo y saludable.<\/p>\n<\/p><\/div>\n","protected":false},"excerpt":{"rendered":"<p>\ud83d\udfe5 \u00a1OFERTA ESPECIAL! \ud83d\udfe5 #Publicidad #Amazon #16 \ud83d\udd34 Barras Cereal \u2705 AHORA 3.04 \u20ac \u2714\ufe0f\ud83d\udfe1 \u274c Antes 4.60 \u20ac \ud83d\uded2: https:\/\/btz.es\/5bLnmNB Descubre las deliciosas Barras de Cereal Nesquik, el snack perfecto para disfrutar un sabor \u00fanico y nutritivo en cualquier momento del d\u00eda. Elaboradas con ingredientes de alta calidad y enriquecidas con vitaminas, estas barras [&hellip;]<\/p>\n","protected":false},"featured_media":9020,"template":"","meta":{"_gspb_post_css":""},"store":[],"product_brand":[],"product_cat":[16],"product_tag":[],"class_list":{"0":"post-9021","1":"product","2":"type-product","3":"status-publish","4":"has-post-thumbnail","6":"product_cat-sin-categorizar","8":"first","9":"instock","10":"sale","11":"shipping-taxable","12":"product-type-external"},"jetpack_sharing_enabled":true,"_links":{"self":[{"href":"https:\/\/ofertacular.com\/index.php\/wp-json\/wp\/v2\/product\/9021","targetHints":{"allow":["GET"]}}],"collection":[{"href":"https:\/\/ofertacular.com\/index.php\/wp-json\/wp\/v2\/product"}],"about":[{"href":"https:\/\/ofertacular.com\/index.php\/wp-json\/wp\/v2\/types\/product"}],"wp:featuredmedia":[{"embeddable":true,"href":"https:\/\/ofertacular.com\/index.php\/wp-json\/wp\/v2\/media\/9020"}],"wp:attachment":[{"href":"https:\/\/ofertacular.com\/index.php\/wp-json\/wp\/v2\/media?parent=9021"}],"wp:term":[{"taxonomy":"store","embeddable":true,"href":"https:\/\/ofertacular.com\/index.php\/wp-json\/wp\/v2\/store?post=9021"},{"taxonomy":"product_brand","embeddable":true,"href":"https:\/\/ofertacular.com\/index.php\/wp-json\/wp\/v2\/product_brand?post=9021"},{"taxonomy":"product_cat","embeddable":true,"href":"https:\/\/ofertacular.com\/index.php\/wp-json\/wp\/v2\/product_cat?post=9021"},{"taxonomy":"product_tag","embeddable":true,"href":"https:\/\/ofertacular.com\/index.php\/wp-json\/wp\/v2\/product_tag?post=9021"}],"curies":[{"name":"wp","href":"https:\/\/api.w.org\/{rel}","templated":true}]}}