{"id":9047,"date":"2025-11-06T11:50:33","date_gmt":"2025-11-06T10:50:33","guid":{"rendered":"https:\/\/ofertacular.com\/index.php\/producto\/spider-man-electro\/"},"modified":"2025-11-06T11:50:33","modified_gmt":"2025-11-06T10:50:33","slug":"spider-man-electro","status":"publish","type":"product","link":"https:\/\/ofertacular.com\/index.php\/producto\/spider-man-electro\/","title":{"rendered":"Spider-Man Electro"},"content":{"rendered":"<div class=\"oferta-container\">\n<p>\ud83d\udfe5 <b>\u00a1OFERTA ESPECIAL!<\/b> \ud83d\udfe5 #Publicidad #Amazon #16<\/p>\n<p>\ud83d\udd34 <b>Figura Electro <\/b><\/p>\n<p>\u2705 <b>AHORA 19.99 \u20ac<\/b> \u2714\ufe0f\ud83d\udfe1<\/p>\n<p>\u274c Antes 33.00 \u20ac<\/p>\n<p>\ud83d\uded2: <a href=\"https:\/\/btz.es\/5bL8PXR\" target=\"_blank\" rel=\"nofollow noopener\">https:\/\/btz.es\/5bL8PXR<\/a><\/p>\n<p>Descubre la incre\u00edble figura de acci\u00f3n de Electro, uno de los ic\u00f3nicos villanos del universo Spider-Man. Esta figura detallada y resistente es perfecta para coleccionistas y fans de todas las edades, ideal para decorar tu espacio o para jugar. Aporta dinamismo y emoci\u00f3n a tu colecci\u00f3n de superh\u00e9roes con esta pieza oficial de alta calidad que representa fielmente a Electro, el formidable enemigo de Spider-Man.<\/p>\n<\/p><\/div>\n","protected":false},"excerpt":{"rendered":"<p>\ud83d\udfe5 \u00a1OFERTA ESPECIAL! \ud83d\udfe5 #Publicidad #Amazon #16 \ud83d\udd34 Figura Electro \u2705 AHORA 19.99 \u20ac \u2714\ufe0f\ud83d\udfe1 \u274c Antes 33.00 \u20ac \ud83d\uded2: https:\/\/btz.es\/5bL8PXR Descubre la incre\u00edble figura de acci\u00f3n de Electro, uno de los ic\u00f3nicos villanos del universo Spider-Man. Esta figura detallada y resistente es perfecta para coleccionistas y fans de todas las edades, ideal para decorar [&hellip;]<\/p>\n","protected":false},"featured_media":9046,"template":"","meta":{"_gspb_post_css":""},"store":[],"product_brand":[],"product_cat":[16],"product_tag":[],"class_list":{"0":"post-9047","1":"product","2":"type-product","3":"status-publish","4":"has-post-thumbnail","6":"product_cat-sin-categorizar","8":"first","9":"instock","10":"sale","11":"shipping-taxable","12":"product-type-external"},"jetpack_sharing_enabled":true,"_links":{"self":[{"href":"https:\/\/ofertacular.com\/index.php\/wp-json\/wp\/v2\/product\/9047","targetHints":{"allow":["GET"]}}],"collection":[{"href":"https:\/\/ofertacular.com\/index.php\/wp-json\/wp\/v2\/product"}],"about":[{"href":"https:\/\/ofertacular.com\/index.php\/wp-json\/wp\/v2\/types\/product"}],"wp:featuredmedia":[{"embeddable":true,"href":"https:\/\/ofertacular.com\/index.php\/wp-json\/wp\/v2\/media\/9046"}],"wp:attachment":[{"href":"https:\/\/ofertacular.com\/index.php\/wp-json\/wp\/v2\/media?parent=9047"}],"wp:term":[{"taxonomy":"store","embeddable":true,"href":"https:\/\/ofertacular.com\/index.php\/wp-json\/wp\/v2\/store?post=9047"},{"taxonomy":"product_brand","embeddable":true,"href":"https:\/\/ofertacular.com\/index.php\/wp-json\/wp\/v2\/product_brand?post=9047"},{"taxonomy":"product_cat","embeddable":true,"href":"https:\/\/ofertacular.com\/index.php\/wp-json\/wp\/v2\/product_cat?post=9047"},{"taxonomy":"product_tag","embeddable":true,"href":"https:\/\/ofertacular.com\/index.php\/wp-json\/wp\/v2\/product_tag?post=9047"}],"curies":[{"name":"wp","href":"https:\/\/api.w.org\/{rel}","templated":true}]}}