{"id":9049,"date":"2025-11-06T11:56:35","date_gmt":"2025-11-06T10:56:35","guid":{"rendered":"https:\/\/ofertacular.com\/index.php\/producto\/moto-g85-5g\/"},"modified":"2025-11-06T11:56:35","modified_gmt":"2025-11-06T10:56:35","slug":"moto-g85-5g","status":"publish","type":"product","link":"https:\/\/ofertacular.com\/index.php\/producto\/moto-g85-5g\/","title":{"rendered":"Moto g85 5G"},"content":{"rendered":"<div class=\"oferta-container\">\n<p>\ud83d\udfe5 <b>ES UN CHOLL\u00d3N<\/b> \ud83d\udfe5 #Publicidad #Amazon #16<\/p>\n<p>\ud83d\udd34 <b>Smartphone Motorola <\/b><\/p>\n<p>\u2705 <b>AHORA 199 \u20ac<\/b> \u2714\ufe0f\ud83d\udfe1<\/p>\n<p>\u274c Antes 349.00 \u20ac<\/p>\n<p>\ud83d\uded2: <a href=\"https:\/\/btz.es\/5bLAwme\" target=\"_blank\" rel=\"nofollow noopener\">https:\/\/btz.es\/5bLAwme<\/a><\/p>\n<p>Descubre el Moto G85 5G, un smartphone de alto rendimiento que combina velocidad avanzada con una conectividad 5G ultrarr\u00e1pida. Dise\u00f1ado por Motorola, este dispositivo ofrece una experiencia fluida en multitarea, c\u00e1mara de alta resoluci\u00f3n para capturar cada momento con claridad y una bater\u00eda duradera para acompa\u00f1arte todo el d\u00eda. Optimizado para usuarios que buscan tecnolog\u00eda de vanguardia y confiabilidad en cada uso, el Moto G85 5G es la elecci\u00f3n perfecta para quienes valoran calidad y estilo a un precio accesible.<\/p>\n<\/p><\/div>\n","protected":false},"excerpt":{"rendered":"<p>\ud83d\udfe5 ES UN CHOLL\u00d3N \ud83d\udfe5 #Publicidad #Amazon #16 \ud83d\udd34 Smartphone Motorola \u2705 AHORA 199 \u20ac \u2714\ufe0f\ud83d\udfe1 \u274c Antes 349.00 \u20ac \ud83d\uded2: https:\/\/btz.es\/5bLAwme Descubre el Moto G85 5G, un smartphone de alto rendimiento que combina velocidad avanzada con una conectividad 5G ultrarr\u00e1pida. Dise\u00f1ado por Motorola, este dispositivo ofrece una experiencia fluida en multitarea, c\u00e1mara de alta [&hellip;]<\/p>\n","protected":false},"featured_media":9048,"template":"","meta":{"_gspb_post_css":""},"store":[],"product_brand":[],"product_cat":[16],"product_tag":[],"class_list":{"0":"post-9049","1":"product","2":"type-product","3":"status-publish","4":"has-post-thumbnail","6":"product_cat-sin-categorizar","8":"first","9":"instock","10":"sale","11":"shipping-taxable","12":"product-type-external"},"jetpack_sharing_enabled":true,"_links":{"self":[{"href":"https:\/\/ofertacular.com\/index.php\/wp-json\/wp\/v2\/product\/9049","targetHints":{"allow":["GET"]}}],"collection":[{"href":"https:\/\/ofertacular.com\/index.php\/wp-json\/wp\/v2\/product"}],"about":[{"href":"https:\/\/ofertacular.com\/index.php\/wp-json\/wp\/v2\/types\/product"}],"wp:featuredmedia":[{"embeddable":true,"href":"https:\/\/ofertacular.com\/index.php\/wp-json\/wp\/v2\/media\/9048"}],"wp:attachment":[{"href":"https:\/\/ofertacular.com\/index.php\/wp-json\/wp\/v2\/media?parent=9049"}],"wp:term":[{"taxonomy":"store","embeddable":true,"href":"https:\/\/ofertacular.com\/index.php\/wp-json\/wp\/v2\/store?post=9049"},{"taxonomy":"product_brand","embeddable":true,"href":"https:\/\/ofertacular.com\/index.php\/wp-json\/wp\/v2\/product_brand?post=9049"},{"taxonomy":"product_cat","embeddable":true,"href":"https:\/\/ofertacular.com\/index.php\/wp-json\/wp\/v2\/product_cat?post=9049"},{"taxonomy":"product_tag","embeddable":true,"href":"https:\/\/ofertacular.com\/index.php\/wp-json\/wp\/v2\/product_tag?post=9049"}],"curies":[{"name":"wp","href":"https:\/\/api.w.org\/{rel}","templated":true}]}}