{"id":9053,"date":"2025-11-07T08:24:58","date_gmt":"2025-11-07T07:24:58","guid":{"rendered":"https:\/\/ofertacular.com\/index.php\/producto\/1005006885897297\/"},"modified":"2025-11-07T08:24:58","modified_gmt":"2025-11-07T07:24:58","slug":"1005006885897297","status":"publish","type":"product","link":"https:\/\/ofertacular.com\/index.php\/producto\/1005006885897297\/","title":{"rendered":"Eliminador Pelusas"},"content":{"rendered":"<div class=\"oferta-container\">\n<p>\ud83d\udfe5 <b>\u00a1NO TE LA PIERDAS!<\/b> \ud83d\udfe5 #Publicidad #Amazon #<\/p>\n<p>\ud83d\udd34 <b>Eliminador Pelusas <\/b><\/p>\n<p>\u2705 <b>AHORA 6.99\u20ac \u20ac<\/b> \u2714\ufe0f\ud83d\udfe1<\/p>\n<p>\u274c Antes 18.39 \u20ac<\/p>\n<p>\ud83d\uded2: <a href=\"https:\/\/btz.es\/5bQ9Chs\" target=\"_blank\" rel=\"nofollow noopener\">https:\/\/btz.es\/5bQ9Chs<\/a><\/p>\n<p>Eliminador de pelusas de alta calidad para mantener tu ropa impecable. Ideal para cualquier tipo de tela, f\u00e1cil de usar y eficaz. Perfecto para eliminar pelusas, bolitas y manchas peque\u00f1as en prendas de vestir, ropa de hogar y tapicer\u00eda. Marca reconocida en el cuidado textil que garantiza resultados profesionales. Producto indispensable para mantener tus prendas como nuevas y prolongar su vida \u00fatil.<\/p>\n<\/p><\/div>\n","protected":false},"excerpt":{"rendered":"<p>\ud83d\udfe5 \u00a1NO TE LA PIERDAS! \ud83d\udfe5 #Publicidad #Amazon # \ud83d\udd34 Eliminador Pelusas \u2705 AHORA 6.99\u20ac \u20ac \u2714\ufe0f\ud83d\udfe1 \u274c Antes 18.39 \u20ac \ud83d\uded2: https:\/\/btz.es\/5bQ9Chs Eliminador de pelusas de alta calidad para mantener tu ropa impecable. Ideal para cualquier tipo de tela, f\u00e1cil de usar y eficaz. Perfecto para eliminar pelusas, bolitas y manchas peque\u00f1as en prendas [&hellip;]<\/p>\n","protected":false},"featured_media":9052,"template":"","meta":{"_gspb_post_css":""},"store":[],"product_brand":[],"product_cat":[16],"product_tag":[],"class_list":{"0":"post-9053","1":"product","2":"type-product","3":"status-publish","4":"has-post-thumbnail","6":"product_cat-sin-categorizar","8":"first","9":"instock","10":"shipping-taxable","11":"product-type-external"},"jetpack_sharing_enabled":true,"_links":{"self":[{"href":"https:\/\/ofertacular.com\/index.php\/wp-json\/wp\/v2\/product\/9053","targetHints":{"allow":["GET"]}}],"collection":[{"href":"https:\/\/ofertacular.com\/index.php\/wp-json\/wp\/v2\/product"}],"about":[{"href":"https:\/\/ofertacular.com\/index.php\/wp-json\/wp\/v2\/types\/product"}],"wp:featuredmedia":[{"embeddable":true,"href":"https:\/\/ofertacular.com\/index.php\/wp-json\/wp\/v2\/media\/9052"}],"wp:attachment":[{"href":"https:\/\/ofertacular.com\/index.php\/wp-json\/wp\/v2\/media?parent=9053"}],"wp:term":[{"taxonomy":"store","embeddable":true,"href":"https:\/\/ofertacular.com\/index.php\/wp-json\/wp\/v2\/store?post=9053"},{"taxonomy":"product_brand","embeddable":true,"href":"https:\/\/ofertacular.com\/index.php\/wp-json\/wp\/v2\/product_brand?post=9053"},{"taxonomy":"product_cat","embeddable":true,"href":"https:\/\/ofertacular.com\/index.php\/wp-json\/wp\/v2\/product_cat?post=9053"},{"taxonomy":"product_tag","embeddable":true,"href":"https:\/\/ofertacular.com\/index.php\/wp-json\/wp\/v2\/product_tag?post=9053"}],"curies":[{"name":"wp","href":"https:\/\/api.w.org\/{rel}","templated":true}]}}