{"id":9055,"date":"2025-11-07T08:36:55","date_gmt":"2025-11-07T07:36:55","guid":{"rendered":"https:\/\/ofertacular.com\/index.php\/producto\/garmin-approach\/"},"modified":"2025-11-07T08:36:55","modified_gmt":"2025-11-07T07:36:55","slug":"garmin-approach","status":"publish","type":"product","link":"https:\/\/ofertacular.com\/index.php\/producto\/garmin-approach\/","title":{"rendered":"Garmin Approach"},"content":{"rendered":"<div class=\"oferta-container\">\n<p>\ud83d\udfe5 <b>DATE PRISA<\/b> \ud83d\udfe5 #Publicidad #Amazon #16<\/p>\n<p>\ud83d\udd34 <b>Reloj GPS <\/b><\/p>\n<p>\u2705 <b>AHORA 119.99 \u20ac<\/b> \u2714\ufe0f\ud83d\udfe1<\/p>\n<p>\u274c Antes 199.99 \u20ac<\/p>\n<p>\ud83d\uded2: <a href=\"https:\/\/btz.es\/5bQCC2Q\" target=\"_blank\" rel=\"nofollow noopener\">https:\/\/btz.es\/5bQCC2Q<\/a><\/p>\n<p>Descubre la precisi\u00f3n y funcionalidad del Garmin Approach, el reloj GPS dise\u00f1ado especialmente para golfistas. Con tecnolog\u00eda avanzada y f\u00e1cil manejo, este dispositivo mejora tu juego proporcionando datos detallados de distancia y mapas de campo en tiempo real. Ideal para jugadores que buscan mejorar su rendimiento en el campo, el Garmin Approach ofrece una experiencia intuitiva y confiable. Optimizado para posicionarte en lo m\u00e1s alto del performance golf\u00edstico, este reloj es imprescindible para aficionados y profesionales por igual.<\/p>\n<\/p><\/div>\n","protected":false},"excerpt":{"rendered":"<p>\ud83d\udfe5 DATE PRISA \ud83d\udfe5 #Publicidad #Amazon #16 \ud83d\udd34 Reloj GPS \u2705 AHORA 119.99 \u20ac \u2714\ufe0f\ud83d\udfe1 \u274c Antes 199.99 \u20ac \ud83d\uded2: https:\/\/btz.es\/5bQCC2Q Descubre la precisi\u00f3n y funcionalidad del Garmin Approach, el reloj GPS dise\u00f1ado especialmente para golfistas. Con tecnolog\u00eda avanzada y f\u00e1cil manejo, este dispositivo mejora tu juego proporcionando datos detallados de distancia y mapas de [&hellip;]<\/p>\n","protected":false},"featured_media":9054,"template":"","meta":{"_gspb_post_css":""},"store":[],"product_brand":[],"product_cat":[16],"product_tag":[],"class_list":{"0":"post-9055","1":"product","2":"type-product","3":"status-publish","4":"has-post-thumbnail","6":"product_cat-sin-categorizar","8":"first","9":"instock","10":"sale","11":"shipping-taxable","12":"product-type-external"},"jetpack_sharing_enabled":true,"_links":{"self":[{"href":"https:\/\/ofertacular.com\/index.php\/wp-json\/wp\/v2\/product\/9055","targetHints":{"allow":["GET"]}}],"collection":[{"href":"https:\/\/ofertacular.com\/index.php\/wp-json\/wp\/v2\/product"}],"about":[{"href":"https:\/\/ofertacular.com\/index.php\/wp-json\/wp\/v2\/types\/product"}],"wp:featuredmedia":[{"embeddable":true,"href":"https:\/\/ofertacular.com\/index.php\/wp-json\/wp\/v2\/media\/9054"}],"wp:attachment":[{"href":"https:\/\/ofertacular.com\/index.php\/wp-json\/wp\/v2\/media?parent=9055"}],"wp:term":[{"taxonomy":"store","embeddable":true,"href":"https:\/\/ofertacular.com\/index.php\/wp-json\/wp\/v2\/store?post=9055"},{"taxonomy":"product_brand","embeddable":true,"href":"https:\/\/ofertacular.com\/index.php\/wp-json\/wp\/v2\/product_brand?post=9055"},{"taxonomy":"product_cat","embeddable":true,"href":"https:\/\/ofertacular.com\/index.php\/wp-json\/wp\/v2\/product_cat?post=9055"},{"taxonomy":"product_tag","embeddable":true,"href":"https:\/\/ofertacular.com\/index.php\/wp-json\/wp\/v2\/product_tag?post=9055"}],"curies":[{"name":"wp","href":"https:\/\/api.w.org\/{rel}","templated":true}]}}