{"id":9073,"date":"2025-11-07T12:42:40","date_gmt":"2025-11-07T11:42:40","guid":{"rendered":"https:\/\/ofertacular.com\/index.php\/producto\/nutriben-potitos-2\/"},"modified":"2025-11-07T12:42:40","modified_gmt":"2025-11-07T11:42:40","slug":"nutriben-potitos-2","status":"publish","type":"product","link":"https:\/\/ofertacular.com\/index.php\/producto\/nutriben-potitos-2\/","title":{"rendered":"Nutrib\u00e9n Potitos"},"content":{"rendered":"<div class=\"oferta-container\">\n<p>\ud83d\udfe5 <b>CHOLLAZO<\/b> \ud83d\udfe5 #Publicidad #Amazon #16<\/p>\n<p>\ud83d\udd34 <b>Potitos Nutrib\u00e9n <\/b><\/p>\n<p>\u2705 <b>AHORA 3.6 \u20ac<\/b> \u2714\ufe0f\ud83d\udfe1<\/p>\n<p>\u274c Antes 8.45 \u20ac<\/p>\n<p>\ud83d\uded2: <a href=\"https:\/\/btz.es\/5bRC476\" target=\"_blank\" rel=\"nofollow noopener\">https:\/\/btz.es\/5bRC476<\/a><\/p>\n<p>Descubre los Potitos Nutrib\u00e9n, la opci\u00f3n nutritiva y deliciosa para la alimentaci\u00f3n de beb\u00e9s. Elaborados con ingredientes seleccionados y de alta calidad, estos potitos proporcionan todos los nutrientes esenciales para un desarrollo saludable. Perfectos para el destete y para introducir nuevos sabores, Nutrib\u00e9n garantiza seguridad, sabor y bienestar en cada bote. Optimiza la dieta de tu peque\u00f1o con la confianza de una marca l\u00edder en nutrici\u00f3n infantil.<\/p>\n<\/p><\/div>\n","protected":false},"excerpt":{"rendered":"<p>\ud83d\udfe5 CHOLLAZO \ud83d\udfe5 #Publicidad #Amazon #16 \ud83d\udd34 Potitos Nutrib\u00e9n \u2705 AHORA 3.6 \u20ac \u2714\ufe0f\ud83d\udfe1 \u274c Antes 8.45 \u20ac \ud83d\uded2: https:\/\/btz.es\/5bRC476 Descubre los Potitos Nutrib\u00e9n, la opci\u00f3n nutritiva y deliciosa para la alimentaci\u00f3n de beb\u00e9s. Elaborados con ingredientes seleccionados y de alta calidad, estos potitos proporcionan todos los nutrientes esenciales para un desarrollo saludable. Perfectos para [&hellip;]<\/p>\n","protected":false},"featured_media":9072,"template":"","meta":{"_gspb_post_css":""},"store":[],"product_brand":[],"product_cat":[16],"product_tag":[],"class_list":{"0":"post-9073","1":"product","2":"type-product","3":"status-publish","4":"has-post-thumbnail","6":"product_cat-sin-categorizar","8":"first","9":"instock","10":"sale","11":"shipping-taxable","12":"product-type-external"},"jetpack_sharing_enabled":true,"_links":{"self":[{"href":"https:\/\/ofertacular.com\/index.php\/wp-json\/wp\/v2\/product\/9073","targetHints":{"allow":["GET"]}}],"collection":[{"href":"https:\/\/ofertacular.com\/index.php\/wp-json\/wp\/v2\/product"}],"about":[{"href":"https:\/\/ofertacular.com\/index.php\/wp-json\/wp\/v2\/types\/product"}],"wp:featuredmedia":[{"embeddable":true,"href":"https:\/\/ofertacular.com\/index.php\/wp-json\/wp\/v2\/media\/9072"}],"wp:attachment":[{"href":"https:\/\/ofertacular.com\/index.php\/wp-json\/wp\/v2\/media?parent=9073"}],"wp:term":[{"taxonomy":"store","embeddable":true,"href":"https:\/\/ofertacular.com\/index.php\/wp-json\/wp\/v2\/store?post=9073"},{"taxonomy":"product_brand","embeddable":true,"href":"https:\/\/ofertacular.com\/index.php\/wp-json\/wp\/v2\/product_brand?post=9073"},{"taxonomy":"product_cat","embeddable":true,"href":"https:\/\/ofertacular.com\/index.php\/wp-json\/wp\/v2\/product_cat?post=9073"},{"taxonomy":"product_tag","embeddable":true,"href":"https:\/\/ofertacular.com\/index.php\/wp-json\/wp\/v2\/product_tag?post=9073"}],"curies":[{"name":"wp","href":"https:\/\/api.w.org\/{rel}","templated":true}]}}