{"id":9077,"date":"2025-11-08T08:49:56","date_gmt":"2025-11-08T07:49:56","guid":{"rendered":"https:\/\/ofertacular.com\/index.php\/producto\/adidas-grand-2\/"},"modified":"2025-11-08T08:49:56","modified_gmt":"2025-11-08T07:49:56","slug":"adidas-grand-2","status":"publish","type":"product","link":"https:\/\/ofertacular.com\/index.php\/producto\/adidas-grand-2\/","title":{"rendered":"adidas Grand"},"content":{"rendered":"<div class=\"oferta-container\">\n<p>\ud83d\udfe5 <b>SUPER OFERTA<\/b> \ud83d\udfe5 #Publicidad #Amazon #16<\/p>\n<p>\ud83d\udd34 <b>Zapatillas Adidas <\/b><\/p>\n<p>\u2705 <b>AHORA 27.5 \u20ac<\/b> \u2714\ufe0f\ud83d\udfe1<\/p>\n<p>\u274c Antes 55.00 \u20ac<\/p>\n<p>\ud83d\uded2: <a href=\"https:\/\/btz.es\/5bW603N\" target=\"_blank\" rel=\"nofollow noopener\">https:\/\/btz.es\/5bW603N<\/a><\/p>\n<p>Descubre las zapatillas Adidas Grand, dise\u00f1adas con la calidad y estilo caracter\u00edsticos de Adidas. Ideales para un look casual y deportivo, ofrecen comodidad y durabilidad que se adaptan a tu d\u00eda a d\u00eda. Aprovecha el dise\u00f1o moderno y la prestigiosa marca que te acompa\u00f1a en cada paso, convirti\u00e9ndolas en una elecci\u00f3n perfecta para cualquier ocasi\u00f3n. Encuentra las Adidas Grand y eleva tu estilo y rendimiento con un calzado que marca la diferencia.<\/p>\n<\/p><\/div>\n","protected":false},"excerpt":{"rendered":"<p>\ud83d\udfe5 SUPER OFERTA \ud83d\udfe5 #Publicidad #Amazon #16 \ud83d\udd34 Zapatillas Adidas \u2705 AHORA 27.5 \u20ac \u2714\ufe0f\ud83d\udfe1 \u274c Antes 55.00 \u20ac \ud83d\uded2: https:\/\/btz.es\/5bW603N Descubre las zapatillas Adidas Grand, dise\u00f1adas con la calidad y estilo caracter\u00edsticos de Adidas. Ideales para un look casual y deportivo, ofrecen comodidad y durabilidad que se adaptan a tu d\u00eda a d\u00eda. Aprovecha [&hellip;]<\/p>\n","protected":false},"featured_media":9076,"template":"","meta":{"_gspb_post_css":""},"store":[],"product_brand":[],"product_cat":[16],"product_tag":[],"class_list":{"0":"post-9077","1":"product","2":"type-product","3":"status-publish","4":"has-post-thumbnail","6":"product_cat-sin-categorizar","8":"first","9":"instock","10":"sale","11":"shipping-taxable","12":"product-type-external"},"jetpack_sharing_enabled":true,"_links":{"self":[{"href":"https:\/\/ofertacular.com\/index.php\/wp-json\/wp\/v2\/product\/9077","targetHints":{"allow":["GET"]}}],"collection":[{"href":"https:\/\/ofertacular.com\/index.php\/wp-json\/wp\/v2\/product"}],"about":[{"href":"https:\/\/ofertacular.com\/index.php\/wp-json\/wp\/v2\/types\/product"}],"wp:featuredmedia":[{"embeddable":true,"href":"https:\/\/ofertacular.com\/index.php\/wp-json\/wp\/v2\/media\/9076"}],"wp:attachment":[{"href":"https:\/\/ofertacular.com\/index.php\/wp-json\/wp\/v2\/media?parent=9077"}],"wp:term":[{"taxonomy":"store","embeddable":true,"href":"https:\/\/ofertacular.com\/index.php\/wp-json\/wp\/v2\/store?post=9077"},{"taxonomy":"product_brand","embeddable":true,"href":"https:\/\/ofertacular.com\/index.php\/wp-json\/wp\/v2\/product_brand?post=9077"},{"taxonomy":"product_cat","embeddable":true,"href":"https:\/\/ofertacular.com\/index.php\/wp-json\/wp\/v2\/product_cat?post=9077"},{"taxonomy":"product_tag","embeddable":true,"href":"https:\/\/ofertacular.com\/index.php\/wp-json\/wp\/v2\/product_tag?post=9077"}],"curies":[{"name":"wp","href":"https:\/\/api.w.org\/{rel}","templated":true}]}}