{"id":9079,"date":"2025-11-08T08:51:44","date_gmt":"2025-11-08T07:51:44","guid":{"rendered":"https:\/\/ofertacular.com\/index.php\/producto\/1005006742553716\/"},"modified":"2025-11-08T08:51:44","modified_gmt":"2025-11-08T07:51:44","slug":"1005006742553716","status":"publish","type":"product","link":"https:\/\/ofertacular.com\/index.php\/producto\/1005006742553716\/","title":{"rendered":"Auriculares E7S"},"content":{"rendered":"<div class=\"oferta-container\">\n<p>\ud83d\udfe5 <b>\u00a1DESCUENTO \u00daNICO!<\/b> \ud83d\udfe5 #Publicidad #Amazon #<\/p>\n<p>\ud83d\udd34 <b>Auriculares E7S <\/b><\/p>\n<p>\u2705 <b>AHORA 3.49\u20ac \u20ac<\/b> \u2714\ufe0f\ud83d\udfe1<\/p>\n<p>\u274c Antes 8.46 \u20ac<\/p>\n<p>\ud83d\uded2: <a href=\"https:\/\/btz.es\/5bW6SAu\" target=\"_blank\" rel=\"nofollow noopener\">https:\/\/btz.es\/5bW6SAu<\/a><\/p>\n<p>Auriculares inal\u00e1mbricos E7S con sonido est\u00e9reo de alta calidad y dise\u00f1o ergon\u00f3mico. Disfruta de una experiencia auditiva excepcional con estos auriculares modernos, ideales para m\u00fasica, llamadas y deportes.<\/p>\n<\/p><\/div>\n","protected":false},"excerpt":{"rendered":"<p>\ud83d\udfe5 \u00a1DESCUENTO \u00daNICO! \ud83d\udfe5 #Publicidad #Amazon # \ud83d\udd34 Auriculares E7S \u2705 AHORA 3.49\u20ac \u20ac \u2714\ufe0f\ud83d\udfe1 \u274c Antes 8.46 \u20ac \ud83d\uded2: https:\/\/btz.es\/5bW6SAu Auriculares inal\u00e1mbricos E7S con sonido est\u00e9reo de alta calidad y dise\u00f1o ergon\u00f3mico. Disfruta de una experiencia auditiva excepcional con estos auriculares modernos, ideales para m\u00fasica, llamadas y deportes.<\/p>\n","protected":false},"featured_media":9078,"template":"","meta":{"_gspb_post_css":""},"store":[],"product_brand":[],"product_cat":[16],"product_tag":[],"class_list":{"0":"post-9079","1":"product","2":"type-product","3":"status-publish","4":"has-post-thumbnail","6":"product_cat-sin-categorizar","8":"first","9":"instock","10":"shipping-taxable","11":"product-type-external"},"jetpack_sharing_enabled":true,"_links":{"self":[{"href":"https:\/\/ofertacular.com\/index.php\/wp-json\/wp\/v2\/product\/9079","targetHints":{"allow":["GET"]}}],"collection":[{"href":"https:\/\/ofertacular.com\/index.php\/wp-json\/wp\/v2\/product"}],"about":[{"href":"https:\/\/ofertacular.com\/index.php\/wp-json\/wp\/v2\/types\/product"}],"wp:featuredmedia":[{"embeddable":true,"href":"https:\/\/ofertacular.com\/index.php\/wp-json\/wp\/v2\/media\/9078"}],"wp:attachment":[{"href":"https:\/\/ofertacular.com\/index.php\/wp-json\/wp\/v2\/media?parent=9079"}],"wp:term":[{"taxonomy":"store","embeddable":true,"href":"https:\/\/ofertacular.com\/index.php\/wp-json\/wp\/v2\/store?post=9079"},{"taxonomy":"product_brand","embeddable":true,"href":"https:\/\/ofertacular.com\/index.php\/wp-json\/wp\/v2\/product_brand?post=9079"},{"taxonomy":"product_cat","embeddable":true,"href":"https:\/\/ofertacular.com\/index.php\/wp-json\/wp\/v2\/product_cat?post=9079"},{"taxonomy":"product_tag","embeddable":true,"href":"https:\/\/ofertacular.com\/index.php\/wp-json\/wp\/v2\/product_tag?post=9079"}],"curies":[{"name":"wp","href":"https:\/\/api.w.org\/{rel}","templated":true}]}}