{"id":9083,"date":"2025-11-08T08:59:34","date_gmt":"2025-11-08T07:59:34","guid":{"rendered":"https:\/\/ofertacular.com\/index.php\/producto\/camping-tent\/"},"modified":"2025-11-08T08:59:34","modified_gmt":"2025-11-08T07:59:34","slug":"camping-tent","status":"publish","type":"product","link":"https:\/\/ofertacular.com\/index.php\/producto\/camping-tent\/","title":{"rendered":"Camping Tent"},"content":{"rendered":"<div class=\"oferta-container\">\n<p>\ud83d\udfe5 <b>ES UN CHOLL\u00d3N<\/b> \ud83d\udfe5 #Publicidad #Amazon #16<\/p>\n<p>\ud83d\udd34 <b>Tienda Camping <\/b><\/p>\n<p>\u2705 <b>AHORA 4.47 \u20ac<\/b> \u2714\ufe0f\ud83d\udfe1<\/p>\n<p>\u274c Antes <\/p>\n<p>\ud83d\uded2: <a href=\"https:\/\/btz.es\/5bW8QOk\" target=\"_blank\" rel=\"nofollow noopener\">https:\/\/btz.es\/5bW8QOk<\/a><\/p>\n<p>Descubre la Tienda de Camping perfecta para tus aventuras al aire libre. Dise\u00f1ada para ofrecer m\u00e1ximo confort y resistencia, esta tienda es ideal para acampar en cualquier entorno, desde monta\u00f1as hasta bosques. Fabricada con materiales de alta calidad, garantiza protecci\u00f3n contra el clima y f\u00e1cil montaje. Optimizada para amantes del camping y actividades outdoor, esta tienda combina durabilidad y practicidad para que disfrutes al m\u00e1ximo de la naturaleza.<\/p>\n<\/p><\/div>\n","protected":false},"excerpt":{"rendered":"<p>\ud83d\udfe5 ES UN CHOLL\u00d3N \ud83d\udfe5 #Publicidad #Amazon #16 \ud83d\udd34 Tienda Camping \u2705 AHORA 4.47 \u20ac \u2714\ufe0f\ud83d\udfe1 \u274c Antes \ud83d\uded2: https:\/\/btz.es\/5bW8QOk Descubre la Tienda de Camping perfecta para tus aventuras al aire libre. Dise\u00f1ada para ofrecer m\u00e1ximo confort y resistencia, esta tienda es ideal para acampar en cualquier entorno, desde monta\u00f1as hasta bosques. Fabricada con materiales [&hellip;]<\/p>\n","protected":false},"featured_media":9082,"template":"","meta":{"_gspb_post_css":""},"store":[],"product_brand":[],"product_cat":[16],"product_tag":[],"class_list":{"0":"post-9083","1":"product","2":"type-product","3":"status-publish","4":"has-post-thumbnail","6":"product_cat-sin-categorizar","8":"first","9":"instock","10":"shipping-taxable","11":"product-type-external"},"jetpack_sharing_enabled":true,"_links":{"self":[{"href":"https:\/\/ofertacular.com\/index.php\/wp-json\/wp\/v2\/product\/9083","targetHints":{"allow":["GET"]}}],"collection":[{"href":"https:\/\/ofertacular.com\/index.php\/wp-json\/wp\/v2\/product"}],"about":[{"href":"https:\/\/ofertacular.com\/index.php\/wp-json\/wp\/v2\/types\/product"}],"wp:featuredmedia":[{"embeddable":true,"href":"https:\/\/ofertacular.com\/index.php\/wp-json\/wp\/v2\/media\/9082"}],"wp:attachment":[{"href":"https:\/\/ofertacular.com\/index.php\/wp-json\/wp\/v2\/media?parent=9083"}],"wp:term":[{"taxonomy":"store","embeddable":true,"href":"https:\/\/ofertacular.com\/index.php\/wp-json\/wp\/v2\/store?post=9083"},{"taxonomy":"product_brand","embeddable":true,"href":"https:\/\/ofertacular.com\/index.php\/wp-json\/wp\/v2\/product_brand?post=9083"},{"taxonomy":"product_cat","embeddable":true,"href":"https:\/\/ofertacular.com\/index.php\/wp-json\/wp\/v2\/product_cat?post=9083"},{"taxonomy":"product_tag","embeddable":true,"href":"https:\/\/ofertacular.com\/index.php\/wp-json\/wp\/v2\/product_tag?post=9083"}],"curies":[{"name":"wp","href":"https:\/\/api.w.org\/{rel}","templated":true}]}}