{"id":9097,"date":"2025-11-10T08:40:46","date_gmt":"2025-11-10T07:40:46","guid":{"rendered":"https:\/\/ofertacular.com\/index.php\/producto\/1005010163094941\/"},"modified":"2025-11-10T08:40:46","modified_gmt":"2025-11-10T07:40:46","slug":"1005010163094941","status":"publish","type":"product","link":"https:\/\/ofertacular.com\/index.php\/producto\/1005010163094941\/","title":{"rendered":"Edred\u00f3n Bicolor"},"content":{"rendered":"<div class=\"oferta-container\">\n<p>\ud83d\udfe5 <b>ES UN CHOLL\u00d3N<\/b> \ud83d\udfe5 #Publicidad #Amazon #<\/p>\n<p>\ud83d\udd34 <b>Edred\u00f3n Bicolor <\/b><\/p>\n<p>\u2705 <b>AHORA 25.79\u20ac \u20ac<\/b> \u2714\ufe0f\ud83d\udfe1<\/p>\n<p>\u274c Antes 31.04 \u20ac<\/p>\n<p>\ud83d\uded2: <a href=\"https:\/\/btz.es\/5cilhBT\" target=\"_blank\" rel=\"nofollow noopener\">https:\/\/btz.es\/5cilhBT<\/a><\/p>\n<p>Edred\u00f3n confortable y moderno de la marca Bicolor, ideal para renovar la decoraci\u00f3n de tu dormitorio con estilo y calidad. Este edred\u00f3n bicolor destaca por su dise\u00f1o atractivo y materiales suaves que garantizan confort y abrigo durante las noches fr\u00edas. Fabricado con tejidos de alta calidad, es una opci\u00f3n perfecta para quienes buscan combinar funcionalidad y est\u00e9tica en su ropa de cama. Su doble tono aporta un toque elegante y vers\u00e1til que se adapta a diferentes estilos de decoraci\u00f3n, desde modernos hasta cl\u00e1sicos. Adem\u00e1s, su f\u00e1cil mantenimiento lo convierte en una opci\u00f3n pr\u00e1ctica para el d\u00eda a d\u00eda. Disfruta de un descanso reparador con este edred\u00f3n bicolor de Bicolor, que ofrece calidez sin sacrificar ligereza y transpirabilidad. Ideal para temporada de oto\u00f1o e invierno, este edred\u00f3n es tambi\u00e9n una excelente opci\u00f3n como regalo para quienes valoran el confort y el dise\u00f1o en textiles para el hogar. La combinaci\u00f3n de colores est\u00e1 pensada para complementar diversos ambientes y mejorar la est\u00e9tica general de la habitaci\u00f3n. Mejora tu calidad de sue\u00f1o y transforma tu dormitorio con este exclusivo edred\u00f3n bicolor de la reconocida marca Bicolor.<\/p>\n<\/p><\/div>\n","protected":false},"excerpt":{"rendered":"<p>\ud83d\udfe5 ES UN CHOLL\u00d3N \ud83d\udfe5 #Publicidad #Amazon # \ud83d\udd34 Edred\u00f3n Bicolor \u2705 AHORA 25.79\u20ac \u20ac \u2714\ufe0f\ud83d\udfe1 \u274c Antes 31.04 \u20ac \ud83d\uded2: https:\/\/btz.es\/5cilhBT Edred\u00f3n confortable y moderno de la marca Bicolor, ideal para renovar la decoraci\u00f3n de tu dormitorio con estilo y calidad. Este edred\u00f3n bicolor destaca por su dise\u00f1o atractivo y materiales suaves que garantizan [&hellip;]<\/p>\n","protected":false},"featured_media":9096,"template":"","meta":{"_gspb_post_css":""},"store":[],"product_brand":[],"product_cat":[16],"product_tag":[],"class_list":{"0":"post-9097","1":"product","2":"type-product","3":"status-publish","4":"has-post-thumbnail","6":"product_cat-sin-categorizar","8":"first","9":"instock","10":"shipping-taxable","11":"product-type-external"},"jetpack_sharing_enabled":true,"_links":{"self":[{"href":"https:\/\/ofertacular.com\/index.php\/wp-json\/wp\/v2\/product\/9097","targetHints":{"allow":["GET"]}}],"collection":[{"href":"https:\/\/ofertacular.com\/index.php\/wp-json\/wp\/v2\/product"}],"about":[{"href":"https:\/\/ofertacular.com\/index.php\/wp-json\/wp\/v2\/types\/product"}],"wp:featuredmedia":[{"embeddable":true,"href":"https:\/\/ofertacular.com\/index.php\/wp-json\/wp\/v2\/media\/9096"}],"wp:attachment":[{"href":"https:\/\/ofertacular.com\/index.php\/wp-json\/wp\/v2\/media?parent=9097"}],"wp:term":[{"taxonomy":"store","embeddable":true,"href":"https:\/\/ofertacular.com\/index.php\/wp-json\/wp\/v2\/store?post=9097"},{"taxonomy":"product_brand","embeddable":true,"href":"https:\/\/ofertacular.com\/index.php\/wp-json\/wp\/v2\/product_brand?post=9097"},{"taxonomy":"product_cat","embeddable":true,"href":"https:\/\/ofertacular.com\/index.php\/wp-json\/wp\/v2\/product_cat?post=9097"},{"taxonomy":"product_tag","embeddable":true,"href":"https:\/\/ofertacular.com\/index.php\/wp-json\/wp\/v2\/product_tag?post=9097"}],"curies":[{"name":"wp","href":"https:\/\/api.w.org\/{rel}","templated":true}]}}