{"id":9101,"date":"2025-11-10T09:55:19","date_gmt":"2025-11-10T08:55:19","guid":{"rendered":"https:\/\/ofertacular.com\/index.php\/producto\/1005010163094941-2\/"},"modified":"2025-11-10T09:55:19","modified_gmt":"2025-11-10T08:55:19","slug":"1005010163094941-2","status":"publish","type":"product","link":"https:\/\/ofertacular.com\/index.php\/producto\/1005010163094941-2\/","title":{"rendered":"Edred\u00f3n Bicolor"},"content":{"rendered":"<div class=\"oferta-container\">\n<p>\ud83d\udfe5 <b>\u00a1S\u00d3LO HOY!<\/b> \ud83d\udfe5 #Publicidad #Amazon #<\/p>\n<p>\ud83d\udd34 <b>Edred\u00f3n Bicolor <\/b><\/p>\n<p>\u2705 <b>AHORA 24.59\u20ac \u20ac<\/b> \u2714\ufe0f\ud83d\udfe1<\/p>\n<p>\u274c Antes 31.04 \u20ac<\/p>\n<p>\ud83d\uded2: <a href=\"https:\/\/btz.es\/5ci3TsW\" target=\"_blank\" rel=\"nofollow noopener\">https:\/\/btz.es\/5ci3TsW<\/a><\/p>\n<p>Edred\u00f3n bicolor elegante y c\u00e1lido para un descanso perfecto. Este edred\u00f3n, disponible en dos tonos contrastantes, combina estilo y comodidad para transformar tu dormitorio. Fabricado con materiales de alta calidad, ofrece una sensaci\u00f3n suave y acogedora, ideal para mantenerte abrigado durante las noches fr\u00edas. Su dise\u00f1o moderno y minimalista se integra f\u00e1cilmente en cualquier decoraci\u00f3n, aportando un toque de sofisticaci\u00f3n y frescura a tu espacio. Adem\u00e1s, su confecci\u00f3n resistente garantiza durabilidad y f\u00e1cil mantenimiento, siendo apto para lavado frecuente. Perfecto para quienes buscan confort sin renunciar al estilo, este edred\u00f3n es una inversi\u00f3n en bienestar y est\u00e9tica para tu hogar.<\/p>\n<\/p><\/div>\n","protected":false},"excerpt":{"rendered":"<p>\ud83d\udfe5 \u00a1S\u00d3LO HOY! \ud83d\udfe5 #Publicidad #Amazon # \ud83d\udd34 Edred\u00f3n Bicolor \u2705 AHORA 24.59\u20ac \u20ac \u2714\ufe0f\ud83d\udfe1 \u274c Antes 31.04 \u20ac \ud83d\uded2: https:\/\/btz.es\/5ci3TsW Edred\u00f3n bicolor elegante y c\u00e1lido para un descanso perfecto. Este edred\u00f3n, disponible en dos tonos contrastantes, combina estilo y comodidad para transformar tu dormitorio. Fabricado con materiales de alta calidad, ofrece una sensaci\u00f3n suave [&hellip;]<\/p>\n","protected":false},"featured_media":9100,"template":"","meta":{"_gspb_post_css":""},"store":[],"product_brand":[],"product_cat":[16],"product_tag":[],"class_list":{"0":"post-9101","1":"product","2":"type-product","3":"status-publish","4":"has-post-thumbnail","6":"product_cat-sin-categorizar","8":"first","9":"instock","10":"shipping-taxable","11":"product-type-external"},"jetpack_sharing_enabled":true,"_links":{"self":[{"href":"https:\/\/ofertacular.com\/index.php\/wp-json\/wp\/v2\/product\/9101","targetHints":{"allow":["GET"]}}],"collection":[{"href":"https:\/\/ofertacular.com\/index.php\/wp-json\/wp\/v2\/product"}],"about":[{"href":"https:\/\/ofertacular.com\/index.php\/wp-json\/wp\/v2\/types\/product"}],"wp:featuredmedia":[{"embeddable":true,"href":"https:\/\/ofertacular.com\/index.php\/wp-json\/wp\/v2\/media\/9100"}],"wp:attachment":[{"href":"https:\/\/ofertacular.com\/index.php\/wp-json\/wp\/v2\/media?parent=9101"}],"wp:term":[{"taxonomy":"store","embeddable":true,"href":"https:\/\/ofertacular.com\/index.php\/wp-json\/wp\/v2\/store?post=9101"},{"taxonomy":"product_brand","embeddable":true,"href":"https:\/\/ofertacular.com\/index.php\/wp-json\/wp\/v2\/product_brand?post=9101"},{"taxonomy":"product_cat","embeddable":true,"href":"https:\/\/ofertacular.com\/index.php\/wp-json\/wp\/v2\/product_cat?post=9101"},{"taxonomy":"product_tag","embeddable":true,"href":"https:\/\/ofertacular.com\/index.php\/wp-json\/wp\/v2\/product_tag?post=9101"}],"curies":[{"name":"wp","href":"https:\/\/api.w.org\/{rel}","templated":true}]}}