{"id":9103,"date":"2025-11-10T09:57:11","date_gmt":"2025-11-10T08:57:11","guid":{"rendered":"https:\/\/ofertacular.com\/index.php\/producto\/1005009897714529-2\/"},"modified":"2025-11-10T09:57:11","modified_gmt":"2025-11-10T08:57:11","slug":"1005009897714529-2","status":"publish","type":"product","link":"https:\/\/ofertacular.com\/index.php\/producto\/1005009897714529-2\/","title":{"rendered":"Ventilador Blanco"},"content":{"rendered":"<div class=\"oferta-container\">\n<p>\ud83d\udfe5 <b>\u00a1OFERTA ESPECIAL!<\/b> \ud83d\udfe5 #Publicidad #Amazon #<\/p>\n<p>\ud83d\udd34 <b>Ventilador Blanco <\/b><\/p>\n<p>\u2705 <b>AHORA 39.14\u20ac \u20ac<\/b> \u2714\ufe0f\ud83d\udfe1<\/p>\n<p>\u274c Antes 63.31 \u20ac<\/p>\n<p>\ud83d\uded2: <a href=\"https:\/\/btz.es\/5ci4zrc\" target=\"_blank\" rel=\"nofollow noopener\">https:\/\/btz.es\/5ci4zrc<\/a><\/p>\n<p>Ventilador de techo blanco dise\u00f1ado para proporcionar una eficiente circulaci\u00f3n de aire en cualquier habitaci\u00f3n. Su dise\u00f1o elegante y moderno se adapta perfectamente a diversos estilos de decoraci\u00f3n, ofreciendo frescura y confort durante los d\u00edas c\u00e1lidos. Fabricado con materiales duraderos y de alta calidad, este ventilador garantiza un rendimiento silencioso y eficiente, ideal para uso residencial y oficinas. Adem\u00e1s, su instalaci\u00f3n sencilla y mantenimiento m\u00ednimo lo convierten en una opci\u00f3n pr\u00e1ctica para mejorar la ventilaci\u00f3n y reducir el consumo de energ\u00eda en el hogar. Disfruta de un ambiente fresco y agradable todo el a\u00f1o con este ventilador blanco, que combina funcionalidad y estilo para satisfacer tus necesidades de confort.<\/p>\n<\/p><\/div>\n","protected":false},"excerpt":{"rendered":"<p>\ud83d\udfe5 \u00a1OFERTA ESPECIAL! \ud83d\udfe5 #Publicidad #Amazon # \ud83d\udd34 Ventilador Blanco \u2705 AHORA 39.14\u20ac \u20ac \u2714\ufe0f\ud83d\udfe1 \u274c Antes 63.31 \u20ac \ud83d\uded2: https:\/\/btz.es\/5ci4zrc Ventilador de techo blanco dise\u00f1ado para proporcionar una eficiente circulaci\u00f3n de aire en cualquier habitaci\u00f3n. Su dise\u00f1o elegante y moderno se adapta perfectamente a diversos estilos de decoraci\u00f3n, ofreciendo frescura y confort durante los [&hellip;]<\/p>\n","protected":false},"featured_media":9102,"template":"","meta":{"_gspb_post_css":""},"store":[],"product_brand":[],"product_cat":[16],"product_tag":[],"class_list":{"0":"post-9103","1":"product","2":"type-product","3":"status-publish","4":"has-post-thumbnail","6":"product_cat-sin-categorizar","8":"first","9":"instock","10":"shipping-taxable","11":"product-type-external"},"jetpack_sharing_enabled":true,"_links":{"self":[{"href":"https:\/\/ofertacular.com\/index.php\/wp-json\/wp\/v2\/product\/9103","targetHints":{"allow":["GET"]}}],"collection":[{"href":"https:\/\/ofertacular.com\/index.php\/wp-json\/wp\/v2\/product"}],"about":[{"href":"https:\/\/ofertacular.com\/index.php\/wp-json\/wp\/v2\/types\/product"}],"wp:featuredmedia":[{"embeddable":true,"href":"https:\/\/ofertacular.com\/index.php\/wp-json\/wp\/v2\/media\/9102"}],"wp:attachment":[{"href":"https:\/\/ofertacular.com\/index.php\/wp-json\/wp\/v2\/media?parent=9103"}],"wp:term":[{"taxonomy":"store","embeddable":true,"href":"https:\/\/ofertacular.com\/index.php\/wp-json\/wp\/v2\/store?post=9103"},{"taxonomy":"product_brand","embeddable":true,"href":"https:\/\/ofertacular.com\/index.php\/wp-json\/wp\/v2\/product_brand?post=9103"},{"taxonomy":"product_cat","embeddable":true,"href":"https:\/\/ofertacular.com\/index.php\/wp-json\/wp\/v2\/product_cat?post=9103"},{"taxonomy":"product_tag","embeddable":true,"href":"https:\/\/ofertacular.com\/index.php\/wp-json\/wp\/v2\/product_tag?post=9103"}],"curies":[{"name":"wp","href":"https:\/\/api.w.org\/{rel}","templated":true}]}}