{"id":9105,"date":"2025-11-10T10:00:36","date_gmt":"2025-11-10T09:00:36","guid":{"rendered":"https:\/\/ofertacular.com\/index.php\/producto\/adidas-shoes-16\/"},"modified":"2025-11-10T10:00:36","modified_gmt":"2025-11-10T09:00:36","slug":"adidas-shoes-16","status":"publish","type":"product","link":"https:\/\/ofertacular.com\/index.php\/producto\/adidas-shoes-16\/","title":{"rendered":"adidas Shoes"},"content":{"rendered":"<div class=\"oferta-container\">\n<p>\ud83d\udfe5 <b>\u00a1APROVECHA!<\/b> \ud83d\udfe5 #Publicidad #Amazon #16<\/p>\n<p>\ud83d\udd34 <b>Zapatos Adidas <\/b><\/p>\n<p>\u2705 <b>AHORA 34.99 \u20ac<\/b> \u2714\ufe0f\ud83d\udfe1<\/p>\n<p>\u274c Antes 70.00 \u20ac<\/p>\n<p>\ud83d\uded2: <a href=\"https:\/\/btz.es\/5ci5pPA\" target=\"_blank\" rel=\"nofollow noopener\">https:\/\/btz.es\/5ci5pPA<\/a><\/p>\n<p>Descubre la comodidad y estilo con los Zapatos Adidas, dise\u00f1ados para ofrecer rendimiento y durabilidad en cada paso. Perfectos para deporte y uso diario, estos zapatos combinan tecnolog\u00eda avanzada con un dise\u00f1o moderno que realza tu look y mejora tu experiencia. Consigue el mejor calzado Adidas aqu\u00ed y destaca en cada ocasi\u00f3n.<\/p>\n<\/p><\/div>\n","protected":false},"excerpt":{"rendered":"<p>\ud83d\udfe5 \u00a1APROVECHA! \ud83d\udfe5 #Publicidad #Amazon #16 \ud83d\udd34 Zapatos Adidas \u2705 AHORA 34.99 \u20ac \u2714\ufe0f\ud83d\udfe1 \u274c Antes 70.00 \u20ac \ud83d\uded2: https:\/\/btz.es\/5ci5pPA Descubre la comodidad y estilo con los Zapatos Adidas, dise\u00f1ados para ofrecer rendimiento y durabilidad en cada paso. Perfectos para deporte y uso diario, estos zapatos combinan tecnolog\u00eda avanzada con un dise\u00f1o moderno que realza [&hellip;]<\/p>\n","protected":false},"featured_media":9104,"template":"","meta":{"_gspb_post_css":""},"store":[],"product_brand":[],"product_cat":[16],"product_tag":[],"class_list":{"0":"post-9105","1":"product","2":"type-product","3":"status-publish","4":"has-post-thumbnail","6":"product_cat-sin-categorizar","8":"first","9":"instock","10":"sale","11":"shipping-taxable","12":"product-type-external"},"jetpack_sharing_enabled":true,"_links":{"self":[{"href":"https:\/\/ofertacular.com\/index.php\/wp-json\/wp\/v2\/product\/9105","targetHints":{"allow":["GET"]}}],"collection":[{"href":"https:\/\/ofertacular.com\/index.php\/wp-json\/wp\/v2\/product"}],"about":[{"href":"https:\/\/ofertacular.com\/index.php\/wp-json\/wp\/v2\/types\/product"}],"wp:featuredmedia":[{"embeddable":true,"href":"https:\/\/ofertacular.com\/index.php\/wp-json\/wp\/v2\/media\/9104"}],"wp:attachment":[{"href":"https:\/\/ofertacular.com\/index.php\/wp-json\/wp\/v2\/media?parent=9105"}],"wp:term":[{"taxonomy":"store","embeddable":true,"href":"https:\/\/ofertacular.com\/index.php\/wp-json\/wp\/v2\/store?post=9105"},{"taxonomy":"product_brand","embeddable":true,"href":"https:\/\/ofertacular.com\/index.php\/wp-json\/wp\/v2\/product_brand?post=9105"},{"taxonomy":"product_cat","embeddable":true,"href":"https:\/\/ofertacular.com\/index.php\/wp-json\/wp\/v2\/product_cat?post=9105"},{"taxonomy":"product_tag","embeddable":true,"href":"https:\/\/ofertacular.com\/index.php\/wp-json\/wp\/v2\/product_tag?post=9105"}],"curies":[{"name":"wp","href":"https:\/\/api.w.org\/{rel}","templated":true}]}}